{"id":5270,"date":"2021-04-09T19:43:10","date_gmt":"2021-04-09T17:43:10","guid":{"rendered":"https:\/\/gjefsjo.no\/drinker-och-uppskrifter\/"},"modified":"2021-04-20T22:45:47","modified_gmt":"2021-04-20T20:45:47","slug":"drinker-och-uppskrifter","status":"publish","type":"page","link":"https:\/\/gjefsjo.no\/sv\/drinker-och-uppskrifter\/","title":{"rendered":"Drinker och uppskrifter"},"content":{"rendered":"","protected":false},"excerpt":{"rendered":"","protected":false},"author":3,"featured_media":5250,"parent":0,"menu_order":7,"comment_status":"closed","ping_status":"closed","template":"","meta":{"_acf_changed":false,"_analytify_skip_tracking":false,"footnotes":""},"class_list":["post-5270","page","type-page","status-publish","has-post-thumbnail","hentry"],"acf":[],"yoast_head":"<!-- This site is optimized with the Yoast SEO plugin v27.2 - https:\/\/yoast.com\/product\/yoast-seo-wordpress\/ -->\n<title>Drinker och uppskrifter - Gjefsj\u00f8en Fjellg\u00e5rd | Barskolen.no | Gunnar Hug\u00e5s<\/title>\n<meta name=\"description\" content=\"Gunnar Hug\u00e5s fra Barskolen.no har laget et utval drinckar baserat p\u00e5 Gjefsj\u00f8akevitt fr\u00e5n Inder\u00f8y Brenneri och Gjefsj\u00f8en fjellg\u00e5rd\" \/>\n<meta name=\"robots\" content=\"index, follow, max-snippet:-1, max-image-preview:large, max-video-preview:-1\" \/>\n<link rel=\"canonical\" href=\"https:\/\/gjefsjo.no\/sv\/drinker-och-uppskrifter\/\" \/>\n<meta property=\"og:locale\" content=\"sv_SE\" \/>\n<meta property=\"og:type\" content=\"article\" \/>\n<meta property=\"og:title\" content=\"Drinker och uppskrifter - Gjefsj\u00f8en Fjellg\u00e5rd | Barskolen.no | Gunnar Hug\u00e5s\" \/>\n<meta property=\"og:description\" content=\"Gunnar Hug\u00e5s fra Barskolen.no har laget et utval drinckar baserat p\u00e5 Gjefsj\u00f8akevitt fr\u00e5n Inder\u00f8y Brenneri och Gjefsj\u00f8en fjellg\u00e5rd\" \/>\n<meta property=\"og:url\" content=\"https:\/\/gjefsjo.no\/sv\/drinker-och-uppskrifter\/\" \/>\n<meta property=\"og:site_name\" content=\"Gjefsj\u00f8en Fjellg\u00e5rd\" \/>\n<meta property=\"article:publisher\" content=\"https:\/\/facebook.com\/gjefsjoenfjellgard\" \/>\n<meta property=\"article:modified_time\" content=\"2021-04-20T20:45:47+00:00\" \/>\n<meta property=\"og:image\" content=\"https:\/\/gjefsjo.no\/wp-content\/uploads\/2021\/04\/oppskrift-varlosning-barskolen-gunnar-hugas.jpg\" \/>\n\t<meta property=\"og:image:width\" content=\"1008\" \/>\n\t<meta property=\"og:image:height\" content=\"752\" \/>\n\t<meta property=\"og:image:type\" content=\"image\/jpeg\" \/>\n<meta name=\"twitter:card\" content=\"summary_large_image\" \/>\n<script type=\"application\/ld+json\" class=\"yoast-schema-graph\">{\"@context\":\"https:\/\/schema.org\",\"@graph\":[{\"@type\":\"WebPage\",\"@id\":\"https:\/\/gjefsjo.no\/sv\/drinker-och-uppskrifter\/\",\"url\":\"https:\/\/gjefsjo.no\/sv\/drinker-och-uppskrifter\/\",\"name\":\"Drinker och uppskrifter - Gjefsj\u00f8en Fjellg\u00e5rd | Barskolen.no | Gunnar Hug\u00e5s\",\"isPartOf\":{\"@id\":\"https:\/\/gjefsjo.no\/#website\"},\"primaryImageOfPage\":{\"@id\":\"https:\/\/gjefsjo.no\/sv\/drinker-och-uppskrifter\/#primaryimage\"},\"image\":{\"@id\":\"https:\/\/gjefsjo.no\/sv\/drinker-och-uppskrifter\/#primaryimage\"},\"thumbnailUrl\":\"https:\/\/gjefsjo.no\/wp-content\/uploads\/2021\/04\/oppskrift-varlosning-barskolen-gunnar-hugas.jpg\",\"datePublished\":\"2021-04-09T17:43:10+00:00\",\"dateModified\":\"2021-04-20T20:45:47+00:00\",\"description\":\"Gunnar Hug\u00e5s fra Barskolen.no har laget et utval drinckar baserat p\u00e5 Gjefsj\u00f8akevitt fr\u00e5n Inder\u00f8y Brenneri och Gjefsj\u00f8en fjellg\u00e5rd\",\"breadcrumb\":{\"@id\":\"https:\/\/gjefsjo.no\/sv\/drinker-och-uppskrifter\/#breadcrumb\"},\"inLanguage\":\"sv-SE\",\"potentialAction\":[{\"@type\":\"ReadAction\",\"target\":[\"https:\/\/gjefsjo.no\/sv\/drinker-och-uppskrifter\/\"]}]},{\"@type\":\"ImageObject\",\"inLanguage\":\"sv-SE\",\"@id\":\"https:\/\/gjefsjo.no\/sv\/drinker-och-uppskrifter\/#primaryimage\",\"url\":\"https:\/\/gjefsjo.no\/wp-content\/uploads\/2021\/04\/oppskrift-varlosning-barskolen-gunnar-hugas.jpg\",\"contentUrl\":\"https:\/\/gjefsjo.no\/wp-content\/uploads\/2021\/04\/oppskrift-varlosning-barskolen-gunnar-hugas.jpg\",\"width\":1008,\"height\":752,\"caption\":\"Oppskrift V\u00e5rl\u00f8sning Barskolen Gunnar Hug\u00e5s\"},{\"@type\":\"BreadcrumbList\",\"@id\":\"https:\/\/gjefsjo.no\/sv\/drinker-och-uppskrifter\/#breadcrumb\",\"itemListElement\":[{\"@type\":\"ListItem\",\"position\":1,\"name\":\"Hjem\",\"item\":\"https:\/\/gjefsjo.no\/sv\/\"},{\"@type\":\"ListItem\",\"position\":2,\"name\":\"Drinker och uppskrifter\"}]},{\"@type\":\"WebSite\",\"@id\":\"https:\/\/gjefsjo.no\/#website\",\"url\":\"https:\/\/gjefsjo.no\/\",\"name\":\"Gjefsj\u00f8en Fjellg\u00e5rd\",\"description\":\"Fjellg\u00e5rd ved idylliske Gjefsj\u00f8en\",\"publisher\":{\"@id\":\"https:\/\/gjefsjo.no\/#organization\"},\"potentialAction\":[{\"@type\":\"SearchAction\",\"target\":{\"@type\":\"EntryPoint\",\"urlTemplate\":\"https:\/\/gjefsjo.no\/?s={search_term_string}\"},\"query-input\":{\"@type\":\"PropertyValueSpecification\",\"valueRequired\":true,\"valueName\":\"search_term_string\"}}],\"inLanguage\":\"sv-SE\"},{\"@type\":\"Organization\",\"@id\":\"https:\/\/gjefsjo.no\/#organization\",\"name\":\"Gjefsj\u00f8en Fjellg\u00e5rd\",\"url\":\"https:\/\/gjefsjo.no\/\",\"logo\":{\"@type\":\"ImageObject\",\"inLanguage\":\"sv-SE\",\"@id\":\"https:\/\/gjefsjo.no\/#\/schema\/logo\/image\/\",\"url\":\"\",\"contentUrl\":\"\",\"caption\":\"Gjefsj\u00f8en Fjellg\u00e5rd\"},\"image\":{\"@id\":\"https:\/\/gjefsjo.no\/#\/schema\/logo\/image\/\"},\"sameAs\":[\"https:\/\/facebook.com\/gjefsjoenfjellgard\",\"https:\/\/www.instagram.com\/gjefsjoenfjellgard\",\"https:\/\/www.linkedin.com\/in\/gjefsjo\/\",\"https:\/\/www.youtube.com\/channel\/UCOC8u2CHZHUEl20KkbPnKsA\",\"https:\/\/no.wikipedia.org\/wiki\/Gjefsjen_Fjellgrd\"]}]}<\/script>\n<!-- \/ Yoast SEO plugin. -->","yoast_head_json":{"title":"Drinker och uppskrifter - Gjefsj\u00f8en Fjellg\u00e5rd | Barskolen.no | Gunnar Hug\u00e5s","description":"Gunnar Hug\u00e5s fra Barskolen.no har laget et utval drinckar baserat p\u00e5 Gjefsj\u00f8akevitt fr\u00e5n Inder\u00f8y Brenneri och Gjefsj\u00f8en fjellg\u00e5rd","robots":{"index":"index","follow":"follow","max-snippet":"max-snippet:-1","max-image-preview":"max-image-preview:large","max-video-preview":"max-video-preview:-1"},"canonical":"https:\/\/gjefsjo.no\/sv\/drinker-och-uppskrifter\/","og_locale":"sv_SE","og_type":"article","og_title":"Drinker och uppskrifter - Gjefsj\u00f8en Fjellg\u00e5rd | Barskolen.no | Gunnar Hug\u00e5s","og_description":"Gunnar Hug\u00e5s fra Barskolen.no har laget et utval drinckar baserat p\u00e5 Gjefsj\u00f8akevitt fr\u00e5n Inder\u00f8y Brenneri och Gjefsj\u00f8en fjellg\u00e5rd","og_url":"https:\/\/gjefsjo.no\/sv\/drinker-och-uppskrifter\/","og_site_name":"Gjefsj\u00f8en Fjellg\u00e5rd","article_publisher":"https:\/\/facebook.com\/gjefsjoenfjellgard","article_modified_time":"2021-04-20T20:45:47+00:00","og_image":[{"width":1008,"height":752,"url":"https:\/\/gjefsjo.no\/wp-content\/uploads\/2021\/04\/oppskrift-varlosning-barskolen-gunnar-hugas.jpg","type":"image\/jpeg"}],"twitter_card":"summary_large_image","schema":{"@context":"https:\/\/schema.org","@graph":[{"@type":"WebPage","@id":"https:\/\/gjefsjo.no\/sv\/drinker-och-uppskrifter\/","url":"https:\/\/gjefsjo.no\/sv\/drinker-och-uppskrifter\/","name":"Drinker och uppskrifter - Gjefsj\u00f8en Fjellg\u00e5rd | Barskolen.no | Gunnar Hug\u00e5s","isPartOf":{"@id":"https:\/\/gjefsjo.no\/#website"},"primaryImageOfPage":{"@id":"https:\/\/gjefsjo.no\/sv\/drinker-och-uppskrifter\/#primaryimage"},"image":{"@id":"https:\/\/gjefsjo.no\/sv\/drinker-och-uppskrifter\/#primaryimage"},"thumbnailUrl":"https:\/\/gjefsjo.no\/wp-content\/uploads\/2021\/04\/oppskrift-varlosning-barskolen-gunnar-hugas.jpg","datePublished":"2021-04-09T17:43:10+00:00","dateModified":"2021-04-20T20:45:47+00:00","description":"Gunnar Hug\u00e5s fra Barskolen.no har laget et utval drinckar baserat p\u00e5 Gjefsj\u00f8akevitt fr\u00e5n Inder\u00f8y Brenneri och Gjefsj\u00f8en fjellg\u00e5rd","breadcrumb":{"@id":"https:\/\/gjefsjo.no\/sv\/drinker-och-uppskrifter\/#breadcrumb"},"inLanguage":"sv-SE","potentialAction":[{"@type":"ReadAction","target":["https:\/\/gjefsjo.no\/sv\/drinker-och-uppskrifter\/"]}]},{"@type":"ImageObject","inLanguage":"sv-SE","@id":"https:\/\/gjefsjo.no\/sv\/drinker-och-uppskrifter\/#primaryimage","url":"https:\/\/gjefsjo.no\/wp-content\/uploads\/2021\/04\/oppskrift-varlosning-barskolen-gunnar-hugas.jpg","contentUrl":"https:\/\/gjefsjo.no\/wp-content\/uploads\/2021\/04\/oppskrift-varlosning-barskolen-gunnar-hugas.jpg","width":1008,"height":752,"caption":"Oppskrift V\u00e5rl\u00f8sning Barskolen Gunnar Hug\u00e5s"},{"@type":"BreadcrumbList","@id":"https:\/\/gjefsjo.no\/sv\/drinker-och-uppskrifter\/#breadcrumb","itemListElement":[{"@type":"ListItem","position":1,"name":"Hjem","item":"https:\/\/gjefsjo.no\/sv\/"},{"@type":"ListItem","position":2,"name":"Drinker och uppskrifter"}]},{"@type":"WebSite","@id":"https:\/\/gjefsjo.no\/#website","url":"https:\/\/gjefsjo.no\/","name":"Gjefsj\u00f8en Fjellg\u00e5rd","description":"Fjellg\u00e5rd ved idylliske Gjefsj\u00f8en","publisher":{"@id":"https:\/\/gjefsjo.no\/#organization"},"potentialAction":[{"@type":"SearchAction","target":{"@type":"EntryPoint","urlTemplate":"https:\/\/gjefsjo.no\/?s={search_term_string}"},"query-input":{"@type":"PropertyValueSpecification","valueRequired":true,"valueName":"search_term_string"}}],"inLanguage":"sv-SE"},{"@type":"Organization","@id":"https:\/\/gjefsjo.no\/#organization","name":"Gjefsj\u00f8en Fjellg\u00e5rd","url":"https:\/\/gjefsjo.no\/","logo":{"@type":"ImageObject","inLanguage":"sv-SE","@id":"https:\/\/gjefsjo.no\/#\/schema\/logo\/image\/","url":"","contentUrl":"","caption":"Gjefsj\u00f8en Fjellg\u00e5rd"},"image":{"@id":"https:\/\/gjefsjo.no\/#\/schema\/logo\/image\/"},"sameAs":["https:\/\/facebook.com\/gjefsjoenfjellgard","https:\/\/www.instagram.com\/gjefsjoenfjellgard","https:\/\/www.linkedin.com\/in\/gjefsjo\/","https:\/\/www.youtube.com\/channel\/UCOC8u2CHZHUEl20KkbPnKsA","https:\/\/no.wikipedia.org\/wiki\/Gjefsjen_Fjellgrd"]}]}},"_links":{"self":[{"href":"https:\/\/gjefsjo.no\/sv\/wp-json\/wp\/v2\/pages\/5270","targetHints":{"allow":["GET"]}}],"collection":[{"href":"https:\/\/gjefsjo.no\/sv\/wp-json\/wp\/v2\/pages"}],"about":[{"href":"https:\/\/gjefsjo.no\/sv\/wp-json\/wp\/v2\/types\/page"}],"author":[{"embeddable":true,"href":"https:\/\/gjefsjo.no\/sv\/wp-json\/wp\/v2\/users\/3"}],"replies":[{"embeddable":true,"href":"https:\/\/gjefsjo.no\/sv\/wp-json\/wp\/v2\/comments?post=5270"}],"version-history":[{"count":0,"href":"https:\/\/gjefsjo.no\/sv\/wp-json\/wp\/v2\/pages\/5270\/revisions"}],"wp:featuredmedia":[{"embeddable":true,"href":"https:\/\/gjefsjo.no\/sv\/wp-json\/wp\/v2\/media\/5250"}],"wp:attachment":[{"href":"https:\/\/gjefsjo.no\/sv\/wp-json\/wp\/v2\/media?parent=5270"}],"curies":[{"name":"wp","href":"https:\/\/api.w.org\/{rel}","templated":true}]}}