{"id":3811,"date":"2020-05-11T08:02:24","date_gmt":"2020-05-11T06:02:24","guid":{"rendered":"http:\/\/gjefsjo.no\/gjefsjoakevitt\/"},"modified":"2021-12-16T23:59:46","modified_gmt":"2021-12-16T22:59:46","slug":"gjefsjo-akvavit","status":"publish","type":"page","link":"https:\/\/gjefsjo.no\/sv\/gjefsjo-akvavit\/","title":{"rendered":"Gjefsj\u00f8 akvavit"},"content":{"rendered":"\n\n\t<p>local herbs and botanicals from Gjefsj\u00f8en makes<\/p>\n\n\t\t\t<a href=\"#produktinformasjon\" target=\"_self\" role=\"button\" rel=\"noopener\">\n\t\t\t\t\t\t\tProduktinformasjon\n\t\t\t\t\t<\/a>\n\t\t\t<a href=\"#operasjon_rype\" target=\"_self\" role=\"button\" rel=\"noopener\">\n\t\t\t\t\t\t\tOperasjon Rype 1945\n\t\t\t\t\t<\/a>\n\t\t\t<a href=\"#inderoy_brenneri\" target=\"_self\" role=\"button\" rel=\"noopener\">\n\t\t\t\t\t\t\tInder\u00f8y Brenneri\n\t\t\t\t\t<\/a>\n\t\t\t<a href=\"#trondelag_sankeri\" target=\"_self\" role=\"button\" rel=\"noopener\">\n\t\t\t\t\t\t\tTr\u00f8ndelag Sankeri\n\t\t\t\t\t<\/a>\n\t\t\t<a href=\"https:\/\/gjefsjo.no\/akevitt\/oppskrifter\/\" target=\"_self\" role=\"button\" rel=\"noopener\">\n\t\t\t\t\t\t\tDrinker og oppskrifter\n\t\t\t\t\t<\/a>\n\t\t\t<a href=\"#design\" target=\"_self\" role=\"button\" rel=\"noopener\">\n\t\t\t\t\t\t\tDesign\n\t\t\t\t\t<\/a>\n\t\t\t<a href=\"http:\/\/gjefsjo.no\/oss-gjefsjoen\/\" target=\"_self\" role=\"button\" rel=\"noopener\">\n\t\t\t\t\t\t\tOSS Gjefsj\u00f8en\n\t\t\t\t\t<\/a>\n\t\t\t<a href=\"#teamet\" target=\"_self\" role=\"button\" rel=\"noopener\">\n\t\t\t\t\t\t\tSamarbeidspartnere og personene bak\n\t\t\t\t\t<\/a>\n\t\t\t<a href=\"#Gaveesker\" target=\"_self\" role=\"button\" rel=\"noopener\">\n\t\t\t\t\t\t\tGaveesker\n\t\t\t\t\t<\/a>\n\t\t\t<a href=\"#Aktuelt\" target=\"_self\" role=\"button\" rel=\"noopener\">\n\t\t\t\t\t\t\tB\u00f8ker, artikler og reportasjer\n\t\t\t\t\t<\/a>\n\t\t\t\t<img loading=\"lazy\" decoding=\"async\" src=\"http:\/\/gjefsjo.no\/wp-content\/uploads\/2020\/10\/inderoy-akevitt-flaske-skew-500x463.png\" alt=\"inderoy-akevitt-flaske-skew\" itemprop=\"image\" height=\"463\" width=\"500\" title=\"inderoy-akevitt-flaske-skew\" onerror=\"this.style.display='none'\" \/>\n\t\t<h2>\n\t\t\tLOCAL INGREDIENTS\n\t\t<\/h2>\n\t\t\tThis pure aquavit contains water, local herbs\nand botanicals from Gjefsj\u00f8en.\t\t\n\t\t<h2>\n\t\t\tMADE AS A TRIBUTE\n\t\t<\/h2>\n\t\t\tA tribute to honor Operasjon Rype which operated\nat Gjefsj\u00f8en farm in the end of World War 2.\t\t\n\t\t<h2>\n\t\t\tINDER\u00d8Y BRYGGERI\n\t\t<\/h2>\n\t\t\tThe aquavit is exclusively distilled at Inder\u00f8y\nBrenneri in Norway.\t\t\n\t\t<h2>\n\t\t\tAVAILABLE LOCALLY\n\t\t<\/h2>\n\t\t\tThe aquavit its available at Vinmonopolet,\nSystembolaget and various restaurants.\t\t\n\t<p><strong>exclusively distilled and produced<\/strong><\/p>\n<h2>\n\t\tProduced with great enthusiasm and curiosity\n\t<\/h2>\n\t<p>Old traditions and recipes are given new life, together with innovation and experimentation towards new and exciting taste experiences in aquavit. Inder\u00f8y Brenneri is located at the farm Berg G\u00e5rd on Kjerkensv\u00e5gen in Inder\u00f8y along the route &#8220;The Golden Road&#8221;.\u00a0<\/p>\n\t\t\t\t<img decoding=\"async\" src=\"http:\/\/gjefsjo.no\/wp-content\/uploads\/2020\/10\/gjefsjoakevitt-1024x498.jpg\" alt=\"Gjefsj\u00f8en Fjellg\u00e5rd\" itemprop=\"image\" title=\"Gjefsj\u00f8en Fjellg\u00e5rd\" onerror=\"this.style.display='none'\" \/>\n\t<p><strong>Destilled and produced locally at<\/strong><\/p>\n<h2>\n\t\tGjefsj\u00f8en mountain farm\n\t<\/h2>\n\t<p>Located by the lake Gjevsj\u00f8en in Sn\u00e5sa municipality close to the border to Sweden. Surrounded by wide forest ridges and beautiful water. The farm has no road connection. Inhabited in the 1790s and one of few mountain farms in Sn\u00e5sa that is still in operation. Hundreds of years of traditions of farming, fishing and hunting. Traditions that are still maintained by those who live there today.<\/p>\n<p>Opportunities to rent accommodation and get food. The conditions are well suited for outdoor life, hunting and fishing. Access to Gjevsj\u00f8en on foot trail Gjevsj\u00f8stien from the lake Lille Ismenningen, a trip that takes 6-7 hours, or boat ride across Gjevsj\u00f8en from Bj\u00f8rkede in Sweden. Winter time by ski or snowmobile.<\/p>\n\t\t\t<a href=\"http:\/\/gjefsjo.no\/fjellgardene-i-snasa\/\" target=\"_self\" role=\"button\" rel=\"noopener\">\n\t\t\t\t\t\t\tAbout the farm\n\t\t\t\t\t<\/a>\n\t\t\t<a href=\"http:\/\/gjefsjo.no\/en\/gjefsjo-aquavit\/herbs-and-botanicals\/\" target=\"_self\" role=\"button\" rel=\"noopener\">\n\t\t\t\t\t\t\tAbout the herbs and botanicals\n\t\t\t\t\t<\/a>\n\t<p><strong>As a tribute to the operation<\/strong><\/p>\n<h2>\n\t\tOperasjon Rype\n\t<\/h2>\n\t<p>&#8220;Rype&#8221; was the codename of the American airborne unit dropped in the Sn\u00e5sa mountains on March 24., 1945 to carry out sabotage operations behind enemy lines. From the base at Gjefsj\u00f8en mountain farm, the group conducted successful railroad sabotages. The mission purpose was to prevent German withdrawal from northern Norway.<\/p>\n<p>Rype was the only U.S. operation on Norwegian soil during WW2. The unit was part of Office of Strategic Services (OSS), a US intelligence agency during World War II and the forerunner of the Central Intelligence Agency &#8211; CIA. 99th Battalion was a unique elite unit in the US Army consisting of Norwegians and Americans with direct Norwegian descent. The operation was in command by major William Colby, later director of the CIA. Today Task Force RYPE of the Norwegian National Guard in Tr\u00f8ndelag has taken the name from the mission.<\/p>\n\t\t\t<a href=\"http:\/\/gjefsjoakevitt.wpengine.com\/sv\/operasjon-rype-sv\/\" target=\"_self\" role=\"button\" rel=\"noopener\">\n\t\t\t\t\t\t\tRead more about Operasjon Rype\n\t\t\t\t\t<\/a>\n\t\t\t\t<img decoding=\"async\" src=\"http:\/\/gjefsjo.no\/wp-content\/uploads\/2020\/10\/rustkammeret-operasjon-rype-1024x843.jpg\" alt=\"Operasjon rype\" itemprop=\"image\" title=\"Rustkammeret Operasjon Rype\" onerror=\"this.style.display='none'\"  \/>\n\t\t<h3><a href=\"#\" target=\"_self\" rel=\"noopener\">LOCAL HERBS<\/a><\/h3>\t\t\n\t\t\t<p>This pure aquavit contains water, local herbs and botanicals from Gjefsj\u00f8en. Using Tunbalderbr\u00e5 which is Norway&#8217;s wild pineapple.<\/p>\n\t\t\t<a href=\"#\" target=\"_self\" role=\"button\" rel=\"noopener\">\n\t\t\t\t\t\t\tREAD MORE\n\t\t\t\t\t<\/a>\n\t\t<h3><a href=\"#\" target=\"_self\" rel=\"noopener\">ADVANCED RECIPES<\/a><\/h3>\t\t\n\t\t\t<p>Gjefsj\u00f8 Aquavit can be used in many drink recipes. The Norwegian Bar School has made various drinks of Gjefsj\u00f8akevitt.<\/p>\n\t\t\t<a href=\"#\" target=\"_self\" role=\"button\" rel=\"noopener\">\n\t\t\t\t\t\t\tSEE RECIPES\n\t\t\t\t\t<\/a>\n\t<p><strong>How to get it?<\/strong><\/p>\n<h2>\n\t\tWhere can I buy the Aquavit?\n\t<\/h2>\n\t\t<h2>\n\t\t\tVinmonopolet\n\t\t<\/h2>\n\t\t\tNorway\u00b4s alcoholic beverage retailer and the only company allowed to sell beverages containing liquor higher than 4.75%.\t\t\n\t\t\t<a href=\"https:\/\/www.vinmonopolet.no\/vmp\/search\/?q=inder%C3%B8y%20brenneri:relevance:visibleInSearch:true&#038;searchType=product\" target=\"_blank\" role=\"button\" rel=\"noopener nofollow\">\n\t\t\t\t\t\t\tvinmonopolet.no\n\t\t\t\t\t<\/a>\n\t\t<h2>\n\t\t\tSystembolaget\n\t\t<\/h2>\n\t\t\tSweden\u00b4s government-owned alcoholic beverage retailer and the only company allowed to sell beverages containing liquor higher than 3.5%.\t\t\n\t\t\t<a href=\"https:\/\/www.systembolaget.se\/dryck\/sprit\/inderoy-8235702\" target=\"_blank\" role=\"button\" rel=\"noopener nofollow\">\n\t\t\t\t\t\t\tsystembolaget.se\n\t\t\t\t\t<\/a>\n\t\t<h2>\n\t\t\tRESTAURANT\n\t\t<\/h2>\n\t\t\tLorem ipsum dolor sit amet, consectetur adipiscing elit. Aliquam congue molestie mi eget lacinia. Quisque eu finibus diam.\t\t\n\t\t\t<a href=\"#\" target=\"_blank\" role=\"button\" rel=\"noopener nofollow\">\n\t\t\t\t\t\t\tdomain here\n\t\t\t\t\t<\/a>\n\t\t<h2>\n\t\t\tRESTAURANT\n\t\t<\/h2>\n\t\t\tLorem ipsum dolor sit amet, consectetur adipiscing elit. Aliquam congue molestie mi eget lacinia. Quisque eu finibus diam.\t\t\n\t\t\t<a href=\"#\" target=\"_blank\" role=\"button\" rel=\"noopener nofollow\">\n\t\t\t\t\t\t\tdomain here\n\t\t\t\t\t<\/a>\n\t<p>Produced and destilled at<\/p>\n<h2>\n\t\tInder\u00f8y Brenneri\n\t<\/h2>\n\t<p>Nunc pharetra ligula non luctus tempor. Phasellus ac augue erat. Morbi sit amet erat in enim luctus pretium. Donec eu quam fringilla, vehicula nisi at, vestibulum sapien. Nam eget commodo risus.<\/p>\n<p>Sed vitae tincidunt purus. Suspendisse sed mauris risus. Ut ac tempor nisi. Praesent cursus sem metus, vitae euismod felis cursus sed. Donec blandit eget justo at sagittis. Nunc pharetra ligula non luctus tempor. Phasellus ac augue erat. Morbi sit amet erat in enim luctus pretium. Donec eu quam fringilla, vehicula nisi at, vestibulum sapien. Nam eget commodo risus.<\/p>\n\t\t\t<a href=\"https:\/\/inderoybrenneri.no\/\" download target=\"_blank\" role=\"button\" rel=\"noopener nofollow\">\n\t\t\t\t\t\t\tRead more at inderoybrenneri.no\n\t\t\t\t\t<\/a>\n\t\t\t\t<img decoding=\"async\" src=\"http:\/\/gjefsjo.no\/wp-content\/uploads\/2020\/10\/20200912_111849-rotated-1024x1024.jpg\" alt=\"Foto: Lars Bugge Aarset\" itemprop=\"image\" title=\"De f\u00f8rste dr\u00e5per av Gjefsj\u00f8akevitt p\u00e5 Inder\u00f8y Brenneri\" onerror=\"this.style.display='none'\" \/>\n\t\t\t\t<img decoding=\"async\" src=\"http:\/\/gjefsjo.no\/wp-content\/uploads\/2021\/01\/oi_logo.jpg\" alt=\"Oi Tr\u00f8ndersk mat og drikke\" itemprop=\"image\" title=\"Oi_logo\" onerror=\"this.style.display='none'\" \/>\n\t<p>Try it at a festival<\/p>\n<h2>\n\t\tHome of nordic flavours\n\t<\/h2>\n\t<p>For the visitor in Tr\u00f8ndalag, Sn\u00e5sa and Gjefsj\u00f8en it&#8217;s a unique opportunity to experience the home of nordic flavors from earth, water, forest, mountain and sea, all the way to table and glass.<\/p>\n<p>At the end of July every year the city of Trondheim bursts into celebratory mode when three festivals convene; The Tr\u00f8ndelag Food Festival, Trondheim Brewery Festival, and Olavsfest. You get to experience over 250 food- and beverage exhibitors, artisans and stalls, lots of activities for kids and youth, cooking contests, award shows and an unbeatable great vibe.<\/p>\n\t\t\t<a href=\"https:\/\/www.matriketmidt.no\/en\/explore-troendelag\/the-food-capital-of-trondheim\/\" download target=\"_blank\" role=\"button\" rel=\"noopener nofollow\">\n\t\t\t\t\t\t\tRead more at matriketmidt.no\n\t\t\t\t\t<\/a>\n\t<p>The team behind the Aquavit<\/p>\n<h2>\n\t\tThe People\n\t<\/h2>\n                        <img decoding=\"async\" src=\"https:\/\/gjefsjo.no\/wp-content\/uploads\/bb-plugin\/cache\/svein-berfjord-circle.jpg\" alt=\"Svein Berfjord\" itemprop=\"image\" title=\"Svein Berfjord\"  \/>\n\t\t                    <h4>Svein Berfjord<\/h4>\n                \t\t        \tdistiller, Inder\u00f8y Brenneri\n                        <img decoding=\"async\" src=\"https:\/\/gjefsjo.no\/wp-content\/uploads\/bb-plugin\/cache\/nils-christian-gjefsjo-circle.jpg\" alt=\"Nils Christian Gjefsj\u00f8\" itemprop=\"image\" title=\"Nils Christian Gjefsj\u00f8\"  \/>\n\t\t                    <h4>Nils Christian Gjefsj\u00f8<\/h4>\n                \t\t        \tGjefsj\u00f8 mountain farm\n                        <img decoding=\"async\" src=\"https:\/\/gjefsjo.no\/wp-content\/uploads\/bb-plugin\/cache\/lars-bugge-aarset-circle.jpg\" alt=\"Lars Bugge Aarset\" itemprop=\"image\" title=\"Lars Bugge Aarset\"  \/>\n\t\t                    <h4>Lars Bugge Aarset<\/h4>\n                \t\t        \tInitiator\n                        <img decoding=\"async\" src=\"https:\/\/gjefsjo.no\/wp-content\/uploads\/bb-plugin\/cache\/jim-andre-stene-trondelag-sankeri-circle.jpg\" alt=\"Jim Andre Stene - botanical expert, Tr\u00f8ndelag sankeri\" itemprop=\"image\" title=\"Jim Andre Stene - Tr\u00f8ndelag Sankeri\"  \/>\n\t\t                    <h4>Jim Andre Stene<\/h4>\n                \t\t        \tBotanical expert, Tr\u00f8ndelag Sankeri\n                        <img decoding=\"async\" src=\"https:\/\/gjefsjo.no\/wp-content\/uploads\/bb-plugin\/cache\/gunnar-hugas-barskolen-no_-circle.jpg\" alt=\"Gunnar Hug\u00e5s Barskolen.no\" itemprop=\"image\" title=\"Gunnar Hug\u00e5s Barskolen.no\"  \/>\n\t\t                    <h4>Gunnar Hug\u00e5s<\/h4>\n                \t\t        \tBarskolen\n                        <img decoding=\"async\" src=\"https:\/\/gjefsjo.no\/wp-content\/uploads\/bb-plugin\/cache\/heidi-holje-art-circle.jpg\" alt=\"Heidi Holje Art\" itemprop=\"image\" title=\"Heidi Holje Art\"  \/>\n\t\t                    <h4>Heidi Holje Art<\/h4>\n                \t\t        \tdesign and artwork\n\t\t100\n\t\t\t\t\tINGREDIENTS\n\t\t100\n\t\t\t\t\tFLAVOURS\n\t\t100\n\t\t\t\t\tYEARS BREWING\n\t\t100\n\t\t\t\t\tMONTHS TIL READY\n\n","protected":false},"excerpt":{"rendered":"<p>local herbs and botanicals from Gjefsj\u00f8en makes Produktinformasjon Operasjon Rype 1945 Inder\u00f8y Brenneri Tr\u00f8ndelag Sankeri Drinker og oppskrifter Design OSS Gjefsj\u00f8en Samarbeidspartnere og personene bak Gaveesker B\u00f8ker, artikler og reportasjer LOCAL INGREDIENTS This pure aquavit contains water, local herbs and botanicals from Gjefsj\u00f8en. MADE AS A TRIBUTE A tribute to honor Operasjon Rype which operated&hellip;<\/p>\n","protected":false},"author":3,"featured_media":0,"parent":0,"menu_order":8,"comment_status":"closed","ping_status":"closed","template":"","meta":{"_acf_changed":false,"_analytify_skip_tracking":false,"footnotes":""},"class_list":["post-3811","page","type-page","status-publish","hentry"],"acf":[],"yoast_head":"<!-- This site is optimized with the Yoast SEO plugin v27.2 - https:\/\/yoast.com\/product\/yoast-seo-wordpress\/ -->\n<title>Gjefsj\u00f8 akvavit - Gjefsj\u00f8en Fjellg\u00e5rd<\/title>\n<meta name=\"robots\" content=\"index, follow, max-snippet:-1, max-image-preview:large, max-video-preview:-1\" \/>\n<link rel=\"canonical\" href=\"https:\/\/gjefsjo.no\/sv\/gjefsjo-akvavit\/\" \/>\n<meta property=\"og:locale\" content=\"sv_SE\" \/>\n<meta property=\"og:type\" content=\"article\" \/>\n<meta property=\"og:title\" content=\"Gjefsj\u00f8 akvavit - Gjefsj\u00f8en Fjellg\u00e5rd\" \/>\n<meta property=\"og:description\" content=\"local herbs and botanicals from Gjefsj\u00f8en makes Produktinformasjon Operasjon Rype 1945 Inder\u00f8y Brenneri Tr\u00f8ndelag Sankeri Drinker og oppskrifter Design OSS Gjefsj\u00f8en Samarbeidspartnere og personene bak Gaveesker B\u00f8ker, artikler og reportasjer LOCAL INGREDIENTS This pure aquavit contains water, local herbs and botanicals from Gjefsj\u00f8en. MADE AS A TRIBUTE A tribute to honor Operasjon Rype which operated&hellip;\" \/>\n<meta property=\"og:url\" content=\"https:\/\/gjefsjo.no\/sv\/gjefsjo-akvavit\/\" \/>\n<meta property=\"og:site_name\" content=\"Gjefsj\u00f8en Fjellg\u00e5rd\" \/>\n<meta property=\"article:publisher\" content=\"https:\/\/facebook.com\/gjefsjoenfjellgard\" \/>\n<meta property=\"article:modified_time\" content=\"2021-12-16T22:59:46+00:00\" \/>\n<meta property=\"og:image\" content=\"http:\/\/gjefsjo.no\/wp-content\/uploads\/2020\/10\/inderoy-akevitt-flaske-skew-500x463.png\" \/>\n<meta name=\"twitter:card\" content=\"summary_large_image\" \/>\n<meta name=\"twitter:label1\" content=\"Ber\u00e4knad l\u00e4stid\" \/>\n\t<meta name=\"twitter:data1\" content=\"6 minuter\" \/>\n<script type=\"application\/ld+json\" class=\"yoast-schema-graph\">{\"@context\":\"https:\/\/schema.org\",\"@graph\":[{\"@type\":\"WebPage\",\"@id\":\"https:\/\/gjefsjo.no\/sv\/gjefsjo-akvavit\/\",\"url\":\"https:\/\/gjefsjo.no\/sv\/gjefsjo-akvavit\/\",\"name\":\"Gjefsj\u00f8 akvavit - Gjefsj\u00f8en Fjellg\u00e5rd\",\"isPartOf\":{\"@id\":\"https:\/\/gjefsjo.no\/#website\"},\"primaryImageOfPage\":{\"@id\":\"https:\/\/gjefsjo.no\/sv\/gjefsjo-akvavit\/#primaryimage\"},\"image\":{\"@id\":\"https:\/\/gjefsjo.no\/sv\/gjefsjo-akvavit\/#primaryimage\"},\"thumbnailUrl\":\"http:\/\/gjefsjo.no\/wp-content\/uploads\/2020\/10\/inderoy-akevitt-flaske-skew-500x463.png\",\"datePublished\":\"2020-05-11T06:02:24+00:00\",\"dateModified\":\"2021-12-16T22:59:46+00:00\",\"breadcrumb\":{\"@id\":\"https:\/\/gjefsjo.no\/sv\/gjefsjo-akvavit\/#breadcrumb\"},\"inLanguage\":\"sv-SE\",\"potentialAction\":[{\"@type\":\"ReadAction\",\"target\":[\"https:\/\/gjefsjo.no\/sv\/gjefsjo-akvavit\/\"]}]},{\"@type\":\"ImageObject\",\"inLanguage\":\"sv-SE\",\"@id\":\"https:\/\/gjefsjo.no\/sv\/gjefsjo-akvavit\/#primaryimage\",\"url\":\"http:\/\/gjefsjo.no\/wp-content\/uploads\/2020\/10\/inderoy-akevitt-flaske-skew-500x463.png\",\"contentUrl\":\"http:\/\/gjefsjo.no\/wp-content\/uploads\/2020\/10\/inderoy-akevitt-flaske-skew-500x463.png\"},{\"@type\":\"BreadcrumbList\",\"@id\":\"https:\/\/gjefsjo.no\/sv\/gjefsjo-akvavit\/#breadcrumb\",\"itemListElement\":[{\"@type\":\"ListItem\",\"position\":1,\"name\":\"Hjem\",\"item\":\"https:\/\/gjefsjo.no\/sv\/\"},{\"@type\":\"ListItem\",\"position\":2,\"name\":\"Gjefsj\u00f8 akvavit\"}]},{\"@type\":\"WebSite\",\"@id\":\"https:\/\/gjefsjo.no\/#website\",\"url\":\"https:\/\/gjefsjo.no\/\",\"name\":\"Gjefsj\u00f8en Fjellg\u00e5rd\",\"description\":\"Fjellg\u00e5rd ved idylliske Gjefsj\u00f8en\",\"publisher\":{\"@id\":\"https:\/\/gjefsjo.no\/#organization\"},\"potentialAction\":[{\"@type\":\"SearchAction\",\"target\":{\"@type\":\"EntryPoint\",\"urlTemplate\":\"https:\/\/gjefsjo.no\/?s={search_term_string}\"},\"query-input\":{\"@type\":\"PropertyValueSpecification\",\"valueRequired\":true,\"valueName\":\"search_term_string\"}}],\"inLanguage\":\"sv-SE\"},{\"@type\":\"Organization\",\"@id\":\"https:\/\/gjefsjo.no\/#organization\",\"name\":\"Gjefsj\u00f8en Fjellg\u00e5rd\",\"url\":\"https:\/\/gjefsjo.no\/\",\"logo\":{\"@type\":\"ImageObject\",\"inLanguage\":\"sv-SE\",\"@id\":\"https:\/\/gjefsjo.no\/#\/schema\/logo\/image\/\",\"url\":\"\",\"contentUrl\":\"\",\"caption\":\"Gjefsj\u00f8en Fjellg\u00e5rd\"},\"image\":{\"@id\":\"https:\/\/gjefsjo.no\/#\/schema\/logo\/image\/\"},\"sameAs\":[\"https:\/\/facebook.com\/gjefsjoenfjellgard\",\"https:\/\/www.instagram.com\/gjefsjoenfjellgard\",\"https:\/\/www.linkedin.com\/in\/gjefsjo\/\",\"https:\/\/www.youtube.com\/channel\/UCOC8u2CHZHUEl20KkbPnKsA\",\"https:\/\/no.wikipedia.org\/wiki\/Gjefsjen_Fjellgrd\"]}]}<\/script>\n<!-- \/ Yoast SEO plugin. -->","yoast_head_json":{"title":"Gjefsj\u00f8 akvavit - Gjefsj\u00f8en Fjellg\u00e5rd","robots":{"index":"index","follow":"follow","max-snippet":"max-snippet:-1","max-image-preview":"max-image-preview:large","max-video-preview":"max-video-preview:-1"},"canonical":"https:\/\/gjefsjo.no\/sv\/gjefsjo-akvavit\/","og_locale":"sv_SE","og_type":"article","og_title":"Gjefsj\u00f8 akvavit - Gjefsj\u00f8en Fjellg\u00e5rd","og_description":"local herbs and botanicals from Gjefsj\u00f8en makes Produktinformasjon Operasjon Rype 1945 Inder\u00f8y Brenneri Tr\u00f8ndelag Sankeri Drinker og oppskrifter Design OSS Gjefsj\u00f8en Samarbeidspartnere og personene bak Gaveesker B\u00f8ker, artikler og reportasjer LOCAL INGREDIENTS This pure aquavit contains water, local herbs and botanicals from Gjefsj\u00f8en. MADE AS A TRIBUTE A tribute to honor Operasjon Rype which operated&hellip;","og_url":"https:\/\/gjefsjo.no\/sv\/gjefsjo-akvavit\/","og_site_name":"Gjefsj\u00f8en Fjellg\u00e5rd","article_publisher":"https:\/\/facebook.com\/gjefsjoenfjellgard","article_modified_time":"2021-12-16T22:59:46+00:00","og_image":[{"url":"http:\/\/gjefsjo.no\/wp-content\/uploads\/2020\/10\/inderoy-akevitt-flaske-skew-500x463.png","type":"","width":"","height":""}],"twitter_card":"summary_large_image","twitter_misc":{"Ber\u00e4knad l\u00e4stid":"6 minuter"},"schema":{"@context":"https:\/\/schema.org","@graph":[{"@type":"WebPage","@id":"https:\/\/gjefsjo.no\/sv\/gjefsjo-akvavit\/","url":"https:\/\/gjefsjo.no\/sv\/gjefsjo-akvavit\/","name":"Gjefsj\u00f8 akvavit - Gjefsj\u00f8en Fjellg\u00e5rd","isPartOf":{"@id":"https:\/\/gjefsjo.no\/#website"},"primaryImageOfPage":{"@id":"https:\/\/gjefsjo.no\/sv\/gjefsjo-akvavit\/#primaryimage"},"image":{"@id":"https:\/\/gjefsjo.no\/sv\/gjefsjo-akvavit\/#primaryimage"},"thumbnailUrl":"http:\/\/gjefsjo.no\/wp-content\/uploads\/2020\/10\/inderoy-akevitt-flaske-skew-500x463.png","datePublished":"2020-05-11T06:02:24+00:00","dateModified":"2021-12-16T22:59:46+00:00","breadcrumb":{"@id":"https:\/\/gjefsjo.no\/sv\/gjefsjo-akvavit\/#breadcrumb"},"inLanguage":"sv-SE","potentialAction":[{"@type":"ReadAction","target":["https:\/\/gjefsjo.no\/sv\/gjefsjo-akvavit\/"]}]},{"@type":"ImageObject","inLanguage":"sv-SE","@id":"https:\/\/gjefsjo.no\/sv\/gjefsjo-akvavit\/#primaryimage","url":"http:\/\/gjefsjo.no\/wp-content\/uploads\/2020\/10\/inderoy-akevitt-flaske-skew-500x463.png","contentUrl":"http:\/\/gjefsjo.no\/wp-content\/uploads\/2020\/10\/inderoy-akevitt-flaske-skew-500x463.png"},{"@type":"BreadcrumbList","@id":"https:\/\/gjefsjo.no\/sv\/gjefsjo-akvavit\/#breadcrumb","itemListElement":[{"@type":"ListItem","position":1,"name":"Hjem","item":"https:\/\/gjefsjo.no\/sv\/"},{"@type":"ListItem","position":2,"name":"Gjefsj\u00f8 akvavit"}]},{"@type":"WebSite","@id":"https:\/\/gjefsjo.no\/#website","url":"https:\/\/gjefsjo.no\/","name":"Gjefsj\u00f8en Fjellg\u00e5rd","description":"Fjellg\u00e5rd ved idylliske Gjefsj\u00f8en","publisher":{"@id":"https:\/\/gjefsjo.no\/#organization"},"potentialAction":[{"@type":"SearchAction","target":{"@type":"EntryPoint","urlTemplate":"https:\/\/gjefsjo.no\/?s={search_term_string}"},"query-input":{"@type":"PropertyValueSpecification","valueRequired":true,"valueName":"search_term_string"}}],"inLanguage":"sv-SE"},{"@type":"Organization","@id":"https:\/\/gjefsjo.no\/#organization","name":"Gjefsj\u00f8en Fjellg\u00e5rd","url":"https:\/\/gjefsjo.no\/","logo":{"@type":"ImageObject","inLanguage":"sv-SE","@id":"https:\/\/gjefsjo.no\/#\/schema\/logo\/image\/","url":"","contentUrl":"","caption":"Gjefsj\u00f8en Fjellg\u00e5rd"},"image":{"@id":"https:\/\/gjefsjo.no\/#\/schema\/logo\/image\/"},"sameAs":["https:\/\/facebook.com\/gjefsjoenfjellgard","https:\/\/www.instagram.com\/gjefsjoenfjellgard","https:\/\/www.linkedin.com\/in\/gjefsjo\/","https:\/\/www.youtube.com\/channel\/UCOC8u2CHZHUEl20KkbPnKsA","https:\/\/no.wikipedia.org\/wiki\/Gjefsjen_Fjellgrd"]}]}},"_links":{"self":[{"href":"https:\/\/gjefsjo.no\/sv\/wp-json\/wp\/v2\/pages\/3811","targetHints":{"allow":["GET"]}}],"collection":[{"href":"https:\/\/gjefsjo.no\/sv\/wp-json\/wp\/v2\/pages"}],"about":[{"href":"https:\/\/gjefsjo.no\/sv\/wp-json\/wp\/v2\/types\/page"}],"author":[{"embeddable":true,"href":"https:\/\/gjefsjo.no\/sv\/wp-json\/wp\/v2\/users\/3"}],"replies":[{"embeddable":true,"href":"https:\/\/gjefsjo.no\/sv\/wp-json\/wp\/v2\/comments?post=3811"}],"version-history":[{"count":0,"href":"https:\/\/gjefsjo.no\/sv\/wp-json\/wp\/v2\/pages\/3811\/revisions"}],"wp:attachment":[{"href":"https:\/\/gjefsjo.no\/sv\/wp-json\/wp\/v2\/media?parent=3811"}],"curies":[{"name":"wp","href":"https:\/\/api.w.org\/{rel}","templated":true}]}}