{"id":3807,"date":"2020-10-12T11:05:56","date_gmt":"2020-10-12T09:05:56","guid":{"rendered":"http:\/\/gjefsjo.no\/vare-tilbud\/"},"modified":"2021-04-20T22:45:51","modified_gmt":"2021-04-20T20:45:51","slug":"vara-erbjudanden","status":"publish","type":"page","link":"https:\/\/gjefsjo.no\/sv\/vara-erbjudanden\/","title":{"rendered":"V\u00e5ra erbjudanden"},"content":{"rendered":"\n<h2>\n\t\tVi har muligheter for b\u00e5de overnatting, servering <br \/>og aktiviteter p\u00e5 Gjefsj\u00f8en Fjellg\u00e5rd. \n\t<\/h2>\n\t<p>Sed vitae tincidunt purus. Suspendisse sed mauris risus. Ut ac tempor nisi. Praesent cursus sem metus, vitae euismod felis cursus sed. Donec blandit eget justo at sagittis. Nunc pharetra ligula non luctus tempor. Phasellus ac augue erat. Morbi sit amet erat in enim luctus pretium. Donec eu quam fringilla, vehicula nisi at, vestibulum sapien. Nam eget commodo risus.<\/p>\n\t<p>Utleiehytter<\/p>\n<h2>\n\t\tOvernatting\n\t<\/h2>\n\t\t\t\t<img loading=\"lazy\" decoding=\"async\" src=\"http:\/\/gjefsjo.no\/wp-content\/uploads\/2020\/10\/default-image-accommodation.jpg\" alt=\"default-image-accommodation\" itemprop=\"image\" height=\"1024\" width=\"1024\" title=\"default-image-accommodation\" onerror=\"this.style.display='none'\" \/>\n<h3>\n\t\tR\u00f8dhytta\n\t<\/h3>\n\t<p>Innlagt vann. Solcellelys.<\/p>\n\t\t\t<a href=\"https:\/\/www.inatur.no\/hytte\/5717f852e4b045a83180df73\/rodhytta-pa-gjefsjoen-fjellgard\" target=\"_blank\" role=\"button\" rel=\"noopener noreferrer\">\n\t\t\t\t\t\t\tBestill p\u00e5 inatur.no\n\t\t\t\t\t<\/a>\n\t\t\t\t<img loading=\"lazy\" decoding=\"async\" src=\"http:\/\/gjefsjo.no\/wp-content\/uploads\/2020\/10\/default-image-accommodation.jpg\" alt=\"default-image-accommodation\" itemprop=\"image\" height=\"1024\" width=\"1024\" title=\"default-image-accommodation\" onerror=\"this.style.display='none'\" \/>\n<h3>\n\t\tKasttj\u00f8nnhytta\n\t<\/h3>\n\t<p>Ca. 6 km vest for g\u00e5rden.<\/p>\n\t\t\t<a href=\"https:\/\/www.inatur.no\/hytte\/5224cf96e4b0b9036db43736\/kasttjonnhytta-pa-gjefsjoen-fjellgard\" target=\"_blank\" role=\"button\" rel=\"noopener noreferrer\">\n\t\t\t\t\t\t\tBestill p\u00e5 inatur.no\n\t\t\t\t\t<\/a>\n\t\t\t\t<img loading=\"lazy\" decoding=\"async\" src=\"http:\/\/gjefsjo.no\/wp-content\/uploads\/2020\/10\/default-image-accommodation.jpg\" alt=\"default-image-accommodation\" itemprop=\"image\" height=\"1024\" width=\"1024\" title=\"default-image-accommodation\" onerror=\"this.style.display='none'\" \/>\n<h3>\n\t\tBekkstuggu\n\t<\/h3>\n\t<p>Vedovn og utedo.<\/p>\n\t\t\t<a href=\"https:\/\/www.inatur.no\/hytte\/59733cc9e4b01f57bd88586f\/bekkstuggu-pa-gjefsjoen-fjellgard\" target=\"_blank\" role=\"button\" rel=\"noopener noreferrer\">\n\t\t\t\t\t\t\tBestill p\u00e5 inatur.no\n\t\t\t\t\t<\/a>\n\t\t\t\t<img loading=\"lazy\" decoding=\"async\" src=\"http:\/\/gjefsjo.no\/wp-content\/uploads\/2020\/10\/default-image-accommodation.jpg\" alt=\"default-image-accommodation\" itemprop=\"image\" height=\"1024\" width=\"1024\" title=\"default-image-accommodation\" onerror=\"this.style.display='none'\" \/>\n<h3>\n\t\tSl\u00e5ttstuggu\n\t<\/h3>\n\t<p>Innlagt vann, vedovn og utedo.<\/p>\n\t\t\t<a href=\"https:\/\/www.inatur.no\/hytte\/54a733dae4b045065da0286d\/slattstuggu-pa-gjefsjoen-fjellgard-i-snasafjella-en-opplevelse-verdt\" target=\"_blank\" role=\"button\" rel=\"noopener noreferrer\">\n\t\t\t\t\t\t\tBestill p\u00e5 inatur.no\n\t\t\t\t\t<\/a>\n\t<p>tillverkade av lokala \u00f6rter och v\u00e4xter fr\u00e5n Gjefsj\u00f8en<\/p>\n<h2>\n\t\tGjefsj\u00f8akvavit\n\t<\/h2>\n\t<p>Akvaviten inneh\u00e5ller vatten, lokala \u00f6rter och v\u00e4xter fr\u00e5n Gjefsj\u00f8en. Den \u00e4r gjord som en hyllning till Operation Grouse som drivs fr\u00e5n deras huvudkontor p\u00e5 Gjefsj\u00f8en g\u00e5rd i bergen p\u00e5 Sn\u00e5sa i slutet av andra v\u00e4rldskriget. Akvaviten destilleras uteslutande vid Inder\u00f8y Brenneri.<\/p>\n\t\t\t<a href=\"http:\/\/gjefsjo.no\/sv\/?page_id=3811\" target=\"_self\" role=\"button\" rel=\"noopener noreferrer\">\n\t\t\t\t\t\t\tL\u00e4s mer om akvavit\n\t\t\t\t\t<\/a>\n\t<p>mat og drikke<\/p>\n<h2>\n\t\tServering\n\t<\/h2>\n\t<p>Gjefsj\u00f8en fjellg\u00e5rd har mulighet for servering av smaksrike retter basert p\u00e5 lokale r\u00e5varer.<\/p>\n\t\t\t<a href=\"https:\/\/gjefsjo.no\/sv\/kontakt-sv\/\" target=\"_self\" role=\"button\" rel=\"noopener noreferrer\">\n\t\t\t\t\t\t\tTa kontakt for servering\n\t\t\t\t\t<\/a>\n\t\t\t\t<img loading=\"lazy\" decoding=\"async\" src=\"http:\/\/gjefsjo.no\/wp-content\/uploads\/2020\/10\/default-image-serving.jpg\" alt=\"default-image-serving\" itemprop=\"image\" height=\"1024\" width=\"1024\" title=\"default-image-serving\" onerror=\"this.style.display='none'\" \/>\n\t\t\t\t<img loading=\"lazy\" decoding=\"async\" src=\"http:\/\/gjefsjo.no\/wp-content\/uploads\/2020\/10\/gjefsjo-fiske-1024x498.jpg\" alt=\"Idyll ved Gjefs\u00f8jen\" itemprop=\"image\" height=\"498\" width=\"1024\" title=\"Idyll ved Gjefsj\u00f8en\" onerror=\"this.style.display='none'\" \/>\n\t<p>aktiviteter<\/p>\n<h2>\n\t\tJakt og fiske\n\t<\/h2>\n\t<p>Forholdene ligger godt til rette for friluftsliv, jakt og fiske. I Gjevsj\u00f8en og de ulike fjellvannene rundt er det godt fiske etter b\u00e5de \u00f8rret, r\u00f8ye og harr.<\/p>\n\t\t\t<a href=\"https:\/\/www.inatur.no\/jakt\/50e7ede2e4b087563dfa3caf\" target=\"_blank\" role=\"button\" rel=\"noopener nofollow noreferrer\">\n\t\t\t\t\t\t\tLes om jakt p\u00e5 inatur.no\n\t\t\t\t\t<\/a>\n\t\t\t<a href=\"https:\/\/snasafjellstyre.no\/fiskeguide\/\" target=\"_blank\" role=\"button\" rel=\"noopener nofollow noreferrer\">\n\t\t\t\t\t\t\tLes om fiske p\u00e5 snasafjellstyre.no\n\t\t\t\t\t<\/a>\n\t<p>aktiviteter<\/p>\n<h2>\n\t\tB\u00e5tutleie\n\t<\/h2>\n\t<p>Gjefsj\u00f8en fjellg\u00e5rd har ogs\u00e5 b\u00e5ter til leie.<\/p>\n\t\t\t<a href=\"https:\/\/gjefsjo.no\/sv\/kontakt-sv\/\" target=\"_self\" role=\"button\" rel=\"noopener noreferrer\">\n\t\t\t\t\t\t\tTa kontakt for b\u00e5tutleie\n\t\t\t\t\t<\/a>\n\t\t\t\t<img loading=\"lazy\" decoding=\"async\" src=\"http:\/\/gjefsjo.no\/wp-content\/uploads\/2020\/10\/default-image-activities.jpg\" alt=\"default-image-activities\" itemprop=\"image\" height=\"1024\" width=\"1024\" title=\"default-image-activities\" onerror=\"this.style.display='none'\" \/>\n\t\t\t\t<img loading=\"lazy\" decoding=\"async\" src=\"http:\/\/gjefsjo.no\/wp-content\/uploads\/2020\/10\/default-image-activities.jpg\" alt=\"default-image-activities\" itemprop=\"image\" height=\"1024\" width=\"1024\" title=\"default-image-activities\" onerror=\"this.style.display='none'\" \/>\n\t<p>aktiviteter<\/p>\n<h2>\n\t\tTurforslag\n\t<\/h2>\n\t<ul>\n<li><a href=\"https:\/\/ut.no\/utforsker\/stedsnavn\/377989\/gjevsjen\/turforslag\" target=\"_blank\" rel=\"noopener noreferrer\">Gjevsj\u00f8en p\u00e5 UT.no<\/a><\/li>\n<li>Fra Ismenningen<\/li>\n<li>Fra Lierne<\/li>\n<li>Fra Holderen<\/li>\n<li>Fra Sverige<\/li>\n<li>Plukkutj\u00f8nnfjellet<\/li>\n<li>S\u00f8ndre og Nordre Gjevsj\u00f8hatt<\/li>\n<li>Fjellg\u00e5rdene i Sn\u00e5sa<\/li>\n<li>Gjefsj\u00f8en fjellg\u00e5rd er et naturlig stopp for mange som g\u00e5r Norge p\u00e5 langs<\/li>\n<\/ul>\n\t<p>aktiviteter<\/p>\n<h2>\n\t\tBl\u00e5fjella-Skj\u00e6kerfjella nasjonalpark\n\t<\/h2>\n\t<p>Bl\u00e5fjella-Skj\u00e6kerfjella (s\u00f8rsamisk: L\u00e5arte-Sk\u00e6hkere) nasjonalpark i Tr\u00f8ndelag er en av de st\u00f8rste nasjonalparkene i Norge, med fantastisk turterreng og mange plante- og dyrearter. Dette er norges 4. st\u00f8rste nasjonalpark, beliggende i skog- og fjellomr\u00e5dene nord\u00f8st i Tr\u00f8ndelag; inn til svenskegrensen.<\/p>\n\t\t\t<a href=\"https:\/\/nasjonalparken.no\/nasjonalparker\/blafjella-skjaekerfjella-laarte-skaehkere-nasjonalpark\/\" target=\"_blank\" role=\"button\" rel=\"noopener nofollow noreferrer\">\n\t\t\t\t\t\t\tLes mer p\u00e5 nasjonalparken.no\n\t\t\t\t\t<\/a>\n\t\t\t\t<img loading=\"lazy\" decoding=\"async\" src=\"http:\/\/gjefsjo.no\/wp-content\/uploads\/2020\/10\/default-image-activities.jpg\" alt=\"default-image-activities\" itemprop=\"image\" height=\"1024\" width=\"1024\" title=\"default-image-activities\" onerror=\"this.style.display='none'\" \/>\n\n","protected":false},"excerpt":{"rendered":"<p>Vi har muligheter for b\u00e5de overnatting, servering og aktiviteter p\u00e5 Gjefsj\u00f8en Fjellg\u00e5rd. Sed vitae tincidunt purus. Suspendisse sed mauris risus. Ut ac tempor nisi. Praesent cursus sem metus, vitae euismod felis cursus sed. Donec blandit eget justo at sagittis. Nunc pharetra ligula non luctus tempor. Phasellus ac augue erat. Morbi sit amet erat in enim&hellip;<\/p>\n","protected":false},"author":3,"featured_media":4324,"parent":0,"menu_order":29,"comment_status":"closed","ping_status":"closed","template":"","meta":{"_acf_changed":false,"_analytify_skip_tracking":false,"footnotes":""},"class_list":["post-3807","page","type-page","status-publish","has-post-thumbnail","hentry"],"acf":[],"yoast_head":"<!-- This site is optimized with the Yoast SEO plugin v27.2 - https:\/\/yoast.com\/product\/yoast-seo-wordpress\/ -->\n<title>V\u00e5ra erbjudanden - Gjefsj\u00f8en Fjellg\u00e5rd<\/title>\n<meta name=\"robots\" content=\"index, follow, max-snippet:-1, max-image-preview:large, max-video-preview:-1\" \/>\n<link rel=\"canonical\" href=\"https:\/\/gjefsjo.no\/sv\/vara-erbjudanden\/\" \/>\n<meta property=\"og:locale\" content=\"sv_SE\" \/>\n<meta property=\"og:type\" content=\"article\" \/>\n<meta property=\"og:title\" content=\"V\u00e5ra erbjudanden - Gjefsj\u00f8en Fjellg\u00e5rd\" \/>\n<meta property=\"og:description\" content=\"Vi har muligheter for b\u00e5de overnatting, servering og aktiviteter p\u00e5 Gjefsj\u00f8en Fjellg\u00e5rd. Sed vitae tincidunt purus. Suspendisse sed mauris risus. Ut ac tempor nisi. Praesent cursus sem metus, vitae euismod felis cursus sed. Donec blandit eget justo at sagittis. Nunc pharetra ligula non luctus tempor. Phasellus ac augue erat. Morbi sit amet erat in enim&hellip;\" \/>\n<meta property=\"og:url\" content=\"https:\/\/gjefsjo.no\/sv\/vara-erbjudanden\/\" \/>\n<meta property=\"og:site_name\" content=\"Gjefsj\u00f8en Fjellg\u00e5rd\" \/>\n<meta property=\"article:publisher\" content=\"https:\/\/facebook.com\/gjefsjoenfjellgard\" \/>\n<meta property=\"article:modified_time\" content=\"2021-04-20T20:45:51+00:00\" \/>\n<meta property=\"og:image\" content=\"http:\/\/gjefsjo.no\/wp-content\/uploads\/2020\/10\/default-image-accommodation.jpg\" \/>\n<meta name=\"twitter:card\" content=\"summary_large_image\" \/>\n<meta name=\"twitter:label1\" content=\"Ber\u00e4knad l\u00e4stid\" \/>\n\t<meta name=\"twitter:data1\" content=\"2 minuter\" \/>\n<script type=\"application\/ld+json\" class=\"yoast-schema-graph\">{\"@context\":\"https:\/\/schema.org\",\"@graph\":[{\"@type\":\"WebPage\",\"@id\":\"https:\/\/gjefsjo.no\/sv\/vara-erbjudanden\/\",\"url\":\"https:\/\/gjefsjo.no\/sv\/vara-erbjudanden\/\",\"name\":\"V\u00e5ra erbjudanden - Gjefsj\u00f8en Fjellg\u00e5rd\",\"isPartOf\":{\"@id\":\"https:\/\/gjefsjo.no\/#website\"},\"primaryImageOfPage\":{\"@id\":\"https:\/\/gjefsjo.no\/sv\/vara-erbjudanden\/#primaryimage\"},\"image\":{\"@id\":\"https:\/\/gjefsjo.no\/sv\/vara-erbjudanden\/#primaryimage\"},\"thumbnailUrl\":\"https:\/\/gjefsjo.no\/wp-content\/uploads\/2020\/12\/morgenstemning-e1607204139948.jpg\",\"datePublished\":\"2020-10-12T09:05:56+00:00\",\"dateModified\":\"2021-04-20T20:45:51+00:00\",\"breadcrumb\":{\"@id\":\"https:\/\/gjefsjo.no\/sv\/vara-erbjudanden\/#breadcrumb\"},\"inLanguage\":\"sv-SE\",\"potentialAction\":[{\"@type\":\"ReadAction\",\"target\":[\"https:\/\/gjefsjo.no\/sv\/vara-erbjudanden\/\"]}]},{\"@type\":\"ImageObject\",\"inLanguage\":\"sv-SE\",\"@id\":\"https:\/\/gjefsjo.no\/sv\/vara-erbjudanden\/#primaryimage\",\"url\":\"https:\/\/gjefsjo.no\/wp-content\/uploads\/2020\/12\/morgenstemning-e1607204139948.jpg\",\"contentUrl\":\"https:\/\/gjefsjo.no\/wp-content\/uploads\/2020\/12\/morgenstemning-e1607204139948.jpg\",\"width\":2000,\"height\":1500,\"caption\":\"Morgenstmning p\u00e5 Gjefsj\u00f8en\"},{\"@type\":\"BreadcrumbList\",\"@id\":\"https:\/\/gjefsjo.no\/sv\/vara-erbjudanden\/#breadcrumb\",\"itemListElement\":[{\"@type\":\"ListItem\",\"position\":1,\"name\":\"Hjem\",\"item\":\"https:\/\/gjefsjo.no\/sv\/\"},{\"@type\":\"ListItem\",\"position\":2,\"name\":\"V\u00e5ra erbjudanden\"}]},{\"@type\":\"WebSite\",\"@id\":\"https:\/\/gjefsjo.no\/#website\",\"url\":\"https:\/\/gjefsjo.no\/\",\"name\":\"Gjefsj\u00f8en Fjellg\u00e5rd\",\"description\":\"Fjellg\u00e5rd ved idylliske Gjefsj\u00f8en\",\"publisher\":{\"@id\":\"https:\/\/gjefsjo.no\/#organization\"},\"potentialAction\":[{\"@type\":\"SearchAction\",\"target\":{\"@type\":\"EntryPoint\",\"urlTemplate\":\"https:\/\/gjefsjo.no\/?s={search_term_string}\"},\"query-input\":{\"@type\":\"PropertyValueSpecification\",\"valueRequired\":true,\"valueName\":\"search_term_string\"}}],\"inLanguage\":\"sv-SE\"},{\"@type\":\"Organization\",\"@id\":\"https:\/\/gjefsjo.no\/#organization\",\"name\":\"Gjefsj\u00f8en Fjellg\u00e5rd\",\"url\":\"https:\/\/gjefsjo.no\/\",\"logo\":{\"@type\":\"ImageObject\",\"inLanguage\":\"sv-SE\",\"@id\":\"https:\/\/gjefsjo.no\/#\/schema\/logo\/image\/\",\"url\":\"\",\"contentUrl\":\"\",\"caption\":\"Gjefsj\u00f8en Fjellg\u00e5rd\"},\"image\":{\"@id\":\"https:\/\/gjefsjo.no\/#\/schema\/logo\/image\/\"},\"sameAs\":[\"https:\/\/facebook.com\/gjefsjoenfjellgard\",\"https:\/\/www.instagram.com\/gjefsjoenfjellgard\",\"https:\/\/www.linkedin.com\/in\/gjefsjo\/\",\"https:\/\/www.youtube.com\/channel\/UCOC8u2CHZHUEl20KkbPnKsA\",\"https:\/\/no.wikipedia.org\/wiki\/Gjefsjen_Fjellgrd\"]}]}<\/script>\n<!-- \/ Yoast SEO plugin. -->","yoast_head_json":{"title":"V\u00e5ra erbjudanden - Gjefsj\u00f8en Fjellg\u00e5rd","robots":{"index":"index","follow":"follow","max-snippet":"max-snippet:-1","max-image-preview":"max-image-preview:large","max-video-preview":"max-video-preview:-1"},"canonical":"https:\/\/gjefsjo.no\/sv\/vara-erbjudanden\/","og_locale":"sv_SE","og_type":"article","og_title":"V\u00e5ra erbjudanden - Gjefsj\u00f8en Fjellg\u00e5rd","og_description":"Vi har muligheter for b\u00e5de overnatting, servering og aktiviteter p\u00e5 Gjefsj\u00f8en Fjellg\u00e5rd. Sed vitae tincidunt purus. Suspendisse sed mauris risus. Ut ac tempor nisi. Praesent cursus sem metus, vitae euismod felis cursus sed. Donec blandit eget justo at sagittis. Nunc pharetra ligula non luctus tempor. Phasellus ac augue erat. Morbi sit amet erat in enim&hellip;","og_url":"https:\/\/gjefsjo.no\/sv\/vara-erbjudanden\/","og_site_name":"Gjefsj\u00f8en Fjellg\u00e5rd","article_publisher":"https:\/\/facebook.com\/gjefsjoenfjellgard","article_modified_time":"2021-04-20T20:45:51+00:00","og_image":[{"url":"http:\/\/gjefsjo.no\/wp-content\/uploads\/2020\/10\/default-image-accommodation.jpg","type":"","width":"","height":""}],"twitter_card":"summary_large_image","twitter_misc":{"Ber\u00e4knad l\u00e4stid":"2 minuter"},"schema":{"@context":"https:\/\/schema.org","@graph":[{"@type":"WebPage","@id":"https:\/\/gjefsjo.no\/sv\/vara-erbjudanden\/","url":"https:\/\/gjefsjo.no\/sv\/vara-erbjudanden\/","name":"V\u00e5ra erbjudanden - Gjefsj\u00f8en Fjellg\u00e5rd","isPartOf":{"@id":"https:\/\/gjefsjo.no\/#website"},"primaryImageOfPage":{"@id":"https:\/\/gjefsjo.no\/sv\/vara-erbjudanden\/#primaryimage"},"image":{"@id":"https:\/\/gjefsjo.no\/sv\/vara-erbjudanden\/#primaryimage"},"thumbnailUrl":"https:\/\/gjefsjo.no\/wp-content\/uploads\/2020\/12\/morgenstemning-e1607204139948.jpg","datePublished":"2020-10-12T09:05:56+00:00","dateModified":"2021-04-20T20:45:51+00:00","breadcrumb":{"@id":"https:\/\/gjefsjo.no\/sv\/vara-erbjudanden\/#breadcrumb"},"inLanguage":"sv-SE","potentialAction":[{"@type":"ReadAction","target":["https:\/\/gjefsjo.no\/sv\/vara-erbjudanden\/"]}]},{"@type":"ImageObject","inLanguage":"sv-SE","@id":"https:\/\/gjefsjo.no\/sv\/vara-erbjudanden\/#primaryimage","url":"https:\/\/gjefsjo.no\/wp-content\/uploads\/2020\/12\/morgenstemning-e1607204139948.jpg","contentUrl":"https:\/\/gjefsjo.no\/wp-content\/uploads\/2020\/12\/morgenstemning-e1607204139948.jpg","width":2000,"height":1500,"caption":"Morgenstmning p\u00e5 Gjefsj\u00f8en"},{"@type":"BreadcrumbList","@id":"https:\/\/gjefsjo.no\/sv\/vara-erbjudanden\/#breadcrumb","itemListElement":[{"@type":"ListItem","position":1,"name":"Hjem","item":"https:\/\/gjefsjo.no\/sv\/"},{"@type":"ListItem","position":2,"name":"V\u00e5ra erbjudanden"}]},{"@type":"WebSite","@id":"https:\/\/gjefsjo.no\/#website","url":"https:\/\/gjefsjo.no\/","name":"Gjefsj\u00f8en Fjellg\u00e5rd","description":"Fjellg\u00e5rd ved idylliske Gjefsj\u00f8en","publisher":{"@id":"https:\/\/gjefsjo.no\/#organization"},"potentialAction":[{"@type":"SearchAction","target":{"@type":"EntryPoint","urlTemplate":"https:\/\/gjefsjo.no\/?s={search_term_string}"},"query-input":{"@type":"PropertyValueSpecification","valueRequired":true,"valueName":"search_term_string"}}],"inLanguage":"sv-SE"},{"@type":"Organization","@id":"https:\/\/gjefsjo.no\/#organization","name":"Gjefsj\u00f8en Fjellg\u00e5rd","url":"https:\/\/gjefsjo.no\/","logo":{"@type":"ImageObject","inLanguage":"sv-SE","@id":"https:\/\/gjefsjo.no\/#\/schema\/logo\/image\/","url":"","contentUrl":"","caption":"Gjefsj\u00f8en Fjellg\u00e5rd"},"image":{"@id":"https:\/\/gjefsjo.no\/#\/schema\/logo\/image\/"},"sameAs":["https:\/\/facebook.com\/gjefsjoenfjellgard","https:\/\/www.instagram.com\/gjefsjoenfjellgard","https:\/\/www.linkedin.com\/in\/gjefsjo\/","https:\/\/www.youtube.com\/channel\/UCOC8u2CHZHUEl20KkbPnKsA","https:\/\/no.wikipedia.org\/wiki\/Gjefsjen_Fjellgrd"]}]}},"_links":{"self":[{"href":"https:\/\/gjefsjo.no\/sv\/wp-json\/wp\/v2\/pages\/3807","targetHints":{"allow":["GET"]}}],"collection":[{"href":"https:\/\/gjefsjo.no\/sv\/wp-json\/wp\/v2\/pages"}],"about":[{"href":"https:\/\/gjefsjo.no\/sv\/wp-json\/wp\/v2\/types\/page"}],"author":[{"embeddable":true,"href":"https:\/\/gjefsjo.no\/sv\/wp-json\/wp\/v2\/users\/3"}],"replies":[{"embeddable":true,"href":"https:\/\/gjefsjo.no\/sv\/wp-json\/wp\/v2\/comments?post=3807"}],"version-history":[{"count":0,"href":"https:\/\/gjefsjo.no\/sv\/wp-json\/wp\/v2\/pages\/3807\/revisions"}],"wp:featuredmedia":[{"embeddable":true,"href":"https:\/\/gjefsjo.no\/sv\/wp-json\/wp\/v2\/media\/4324"}],"wp:attachment":[{"href":"https:\/\/gjefsjo.no\/sv\/wp-json\/wp\/v2\/media?parent=3807"}],"curies":[{"name":"wp","href":"https:\/\/api.w.org\/{rel}","templated":true}]}}