{"id":3801,"date":"2020-10-12T10:46:40","date_gmt":"2020-10-12T08:46:40","guid":{"rendered":"http:\/\/gjefsjo.no\/om-fjellgarden\/"},"modified":"2021-08-08T18:55:11","modified_gmt":"2021-08-08T16:55:11","slug":"om-fjallgarden","status":"publish","type":"page","link":"https:\/\/gjefsjo.no\/sv\/om-fjallgarden\/","title":{"rendered":"Om fj\u00e4llg\u00e5rden"},"content":{"rendered":"\n<h2>\n\t\tI Sn\u00e5sa ligger det tilsammen fire fjellg\u00e5rder langt inni Sn\u00e5safjella. En tur til fjellg\u00e5rdene er en opplevelse i seg selv.\n\t<\/h2>\n\t<p>Bare turen for \u00e5 komme seg til fjellg\u00e5rdene vil kunne gi flotte naturopplevelser, og n\u00e5r man kommer fram vil man kunne oppleve hvordan fjelllandbruk har blitt drevet opp gjennom historien og drives i dag.<\/p>\n<p>B\u00e5de Gjefsj\u00f8en og Gaundalen er fjellg\u00e5rder som fortsatt er bebodde og som driver ordin\u00e6r g\u00e5rdsdrift, mens Holden Fjellg\u00e5rd drives som seter p\u00e5 sommerstid. Gress\u00e5moen Fjellg\u00e5rd er ubebodd, men innimellom har de arrangement og det er mulig \u00e5 leie seg overnatting i g\u00e5rdsbygningene.<\/p>\n\t\t\t\t<a href=\"http:\/\/gjefsjo.no\/wp-content\/uploads\/2020\/10\/gjefsjoakevitt-1024x498.jpg\" data-fancybox=\"images\" title=\"Gjefsj\u00f8en Fjellg\u00e5rd\" data-caption=\"Foto: Lars Bugge Aarset\" data-description=\"\" itemprop=\"contentUrl\">\n\t\t<img decoding=\"async\" src=\"http:\/\/gjefsjo.no\/wp-content\/uploads\/2020\/10\/gjefsjoakevitt-300x300.jpg\" alt=\"Gjefsj\u00f8en Fjellg\u00e5rd\" data-no-lazy=\"1\" itemprop=\"thumbnail\" \/>\n\t\t\t<!-- Overlay Wrapper -->\n\t\t\t <!-- Overlay Wrapper Closed -->\n\t\t\t\t<\/a>\n\t\t\t\t\t\t\t<meta itemprop=\"width\" content=\"300\">\n\t\t\t<meta itemprop=\"height\" content=\"300\">\n\t\t\t\t<a href=\"http:\/\/gjefsjo.no\/wp-content\/uploads\/2020\/10\/gjefsjoakevitt.png\" data-fancybox=\"images\" title=\"Gjefsj\u00f8en Fjellg\u00e5rd\" data-caption=\"Foto: Lars Bugge Aarset\" data-description=\"\" itemprop=\"contentUrl\">\n\t\t<img decoding=\"async\" src=\"http:\/\/gjefsjo.no\/wp-content\/uploads\/2020\/10\/gjefsjoakevitt-300x300.png\" alt=\"Gjefsj\u00f8en fjellg\u00e5rd\" data-no-lazy=\"1\" itemprop=\"thumbnail\" \/>\n\t\t\t<!-- Overlay Wrapper -->\n\t\t\t <!-- Overlay Wrapper Closed -->\n\t\t\t\t<\/a>\n\t\t\t\t\t\t\t<meta itemprop=\"width\" content=\"300\">\n\t\t\t<meta itemprop=\"height\" content=\"300\">\n\t\t\t\t<a href=\"http:\/\/gjefsjo.no\/wp-content\/uploads\/2020\/10\/tunbalderbra2-jim-andre-stene.jpg\" data-fancybox=\"images\" title=\"Tunbalderbr\u00e5 - Pineapple Mayweed\" data-caption=\"Photo: Jim Andre Stene - Tr\u00f8ndelag Sankeri\" data-description=\"\" itemprop=\"contentUrl\">\n\t\t<img decoding=\"async\" src=\"http:\/\/gjefsjo.no\/wp-content\/uploads\/2020\/10\/tunbalderbra2-jim-andre-stene-300x300.jpg\" alt=\"Tunbalderbr\u00e5 - Pineapple mayweed\" data-no-lazy=\"1\" itemprop=\"thumbnail\" \/>\n\t\t\t<!-- Overlay Wrapper -->\n\t\t\t <!-- Overlay Wrapper Closed -->\n\t\t\t\t<\/a>\n\t\t\t\t\t\t\t<meta itemprop=\"width\" content=\"300\">\n\t\t\t<meta itemprop=\"height\" content=\"300\">\n\t\t\t\t<a href=\"http:\/\/gjefsjo.no\/wp-content\/uploads\/2020\/10\/tunbalderbra-jim-andre-stene.jpg\" data-fancybox=\"images\" title=\"Tunbalderbr\u00e5 - Pineapple Mayweed\" data-caption=\"Photo: Jim Andre Stene - Tr\u00f8ndelag Sankeri\" data-description=\"\" itemprop=\"contentUrl\">\n\t\t<img decoding=\"async\" src=\"http:\/\/gjefsjo.no\/wp-content\/uploads\/2020\/10\/tunbalderbra-jim-andre-stene-300x300.jpg\" alt=\"Tunbalderbr\u00e5 - Pineapple Mayweed\" data-no-lazy=\"1\" itemprop=\"thumbnail\" \/>\n\t\t\t<!-- Overlay Wrapper -->\n\t\t\t <!-- Overlay Wrapper Closed -->\n\t\t\t\t<\/a>\n\t\t\t\t\t\t\t<meta itemprop=\"width\" content=\"300\">\n\t\t\t<meta itemprop=\"height\" content=\"300\">\n\t\t\t\t<a href=\"http:\/\/gjefsjo.no\/wp-content\/uploads\/2020\/10\/gjefsjo3-1024x498.jpg\" data-fancybox=\"images\" title=\"Gjefsj\u00f83\" data-caption=\"Bygningen som var hovedkvarter for Operasjon Rype v\u00e5ren 1945. Bilde fra f\u00f8r restaureringen startet i april 2018. Foto: Lars Bugge Aarset\" data-description=\"\" itemprop=\"contentUrl\">\n\t\t<img decoding=\"async\" src=\"http:\/\/gjefsjo.no\/wp-content\/uploads\/2020\/10\/gjefsjo3-300x300.jpg\" alt=\"OSS Gjefsj\u00f8en f\u00f8r restaureringen starter\" data-no-lazy=\"1\" itemprop=\"thumbnail\" \/>\n\t\t\t<!-- Overlay Wrapper -->\n\t\t\t <!-- Overlay Wrapper Closed -->\n\t\t\t\t<\/a>\n\t\t\t\t\t\t\t<meta itemprop=\"width\" content=\"300\">\n\t\t\t<meta itemprop=\"height\" content=\"300\">\n\t\t\t\t<a href=\"http:\/\/gjefsjo.no\/wp-content\/uploads\/2020\/10\/gjefsjo6-1024x498.jpg\" data-fancybox=\"images\" title=\"Demontering av Rypes hovedkvarter i mai 2018\" data-caption=\"Restaurering av bygningen som var hovedkvarter for Operasjon Rype restaureres av OSS Gjefsj\u00f8en. Foto: Lars Bugge Aarset\" data-description=\"\" itemprop=\"contentUrl\">\n\t\t<img decoding=\"async\" src=\"http:\/\/gjefsjo.no\/wp-content\/uploads\/2020\/10\/gjefsjo6-300x300.jpg\" alt=\"Restaurering av OSS Gjefsj\u00f8en\" data-no-lazy=\"1\" itemprop=\"thumbnail\" \/>\n\t\t\t<!-- Overlay Wrapper -->\n\t\t\t <!-- Overlay Wrapper Closed -->\n\t\t\t\t<\/a>\n\t\t\t\t\t\t\t<meta itemprop=\"width\" content=\"300\">\n\t\t\t<meta itemprop=\"height\" content=\"300\">\n\t\t\t\t<a href=\"http:\/\/gjefsjo.no\/wp-content\/uploads\/2020\/10\/rype8-1024x687.jpg\" data-fancybox=\"images\" title=\"Fra Operasjon Rype p\u00e5 Gjefsj\u00f8en fjellg\u00e5rd\" data-caption=\"Fra Operasjon Rype p\u00e5 Gjefsj\u00f8en fjellg\u00e5rd. Bilde fra Forsvarsmuseet Rustkammeret\" data-description=\"\" itemprop=\"contentUrl\">\n\t\t<img decoding=\"async\" src=\"http:\/\/gjefsjo.no\/wp-content\/uploads\/2020\/10\/rype8-300x300.jpg\" alt=\"Fra Operasjon Rype p\u00e5 Gjefsj\u00f8en fjellg\u00e5rd\" data-no-lazy=\"1\" itemprop=\"thumbnail\" \/>\n\t\t\t<!-- Overlay Wrapper -->\n\t\t\t <!-- Overlay Wrapper Closed -->\n\t\t\t\t<\/a>\n\t\t\t\t\t\t\t<meta itemprop=\"width\" content=\"300\">\n\t\t\t<meta itemprop=\"height\" content=\"300\">\n\t\t\t\t<a href=\"http:\/\/gjefsjo.no\/wp-content\/uploads\/2020\/10\/gjefsjoen4-1024x498.jpg\" data-fancybox=\"images\" title=\"Bygget demonteres\" data-caption=\"Restaurering av hovedkvarteret til Operasjon Rype p\u00e5 Gjefsj\u00f8en fjellg\u00e5rd. T\u00f8mmerkassen tas ned v\u00e5ren 2018. Foto: Lars Bugge Aarset\" data-description=\"\" itemprop=\"contentUrl\">\n\t\t<img decoding=\"async\" src=\"http:\/\/gjefsjo.no\/wp-content\/uploads\/2020\/10\/gjefsjoen4-300x300.jpg\" alt=\"Bygget demonteres\" data-no-lazy=\"1\" itemprop=\"thumbnail\" \/>\n\t\t\t<!-- Overlay Wrapper -->\n\t\t\t <!-- Overlay Wrapper Closed -->\n\t\t\t\t<\/a>\n\t\t\t\t\t\t\t<meta itemprop=\"width\" content=\"300\">\n\t\t\t<meta itemprop=\"height\" content=\"300\">\n\t\t\t\t<a href=\"http:\/\/gjefsjo.no\/wp-content\/uploads\/2020\/10\/fb_img_1587793429096-1024x1447.jpg\" data-fancybox=\"images\" title=\"Fra Operasjon Rype\" data-caption=\"Fra Operasjon Rype\" data-description=\"\" itemprop=\"contentUrl\">\n\t\t<img decoding=\"async\" src=\"http:\/\/gjefsjo.no\/wp-content\/uploads\/2020\/10\/fb_img_1587793429096-300x300.jpg\" alt=\"\" data-no-lazy=\"1\" itemprop=\"thumbnail\" \/>\n\t\t\t<!-- Overlay Wrapper -->\n\t\t\t <!-- Overlay Wrapper Closed -->\n\t\t\t\t<\/a>\n\t\t\t\t\t\t\t<meta itemprop=\"width\" content=\"300\">\n\t\t\t<meta itemprop=\"height\" content=\"300\">\n\t<iframe loading=\"lazy\" src=\"https:\/\/norgeskart.no\/?test=?&amp;_ga=2.25416756.807328664.1607283441-1988217058.1607283441#!?project=norgeskart&amp;layers=1004&amp;zoom=9&amp;lat=7118911.23&amp;lon=394647.51&amp;markerLat=7110067.920494803&amp;markerLon=406706.5710025958&amp;panel=searchOptionsPanel&amp;sok=Gjevsj%C3%B8en\" width=\"100%\" height=\"700\"><\/iframe>\n\t<p>hvordan komme seg hit?<\/p>\n<h2>\n\t\tVeibeskrivelse\n\t<\/h2>\n\t<strong>Fra Sn\u00e5sa<\/strong><br>\nFra rv.763 ved Brede i Sn\u00e5sa, er det ca. 30 km biltur til Ismenningen. Derfra er det merket sti &#8220;Gjevsj\u00f8stien&#8221; ca. 22km til Gjefsj\u00f8en fjellg\u00e5rd.\n<strong>B\u00e5tskyss over Gjevsj\u00f8en fra svensk side<\/strong><br>\nFra E6 i Verdal &#8211; rv.72 til Sandvika \/ riksgrensa &#8211; videre mot J\u00e4rpen p\u00e5 vei 336 &#8211; ta av til venstre rett f\u00f8r Kallsedet &#8211; f\u00f8lg vei forbi \u00d6vereng til Bj\u00f6rkede. Totalt ca. 15 mil fra Verdal. Derfra er det det bomvei opp til Gjevsj\u00f8en. <a href=\"https:\/\/gjefsjo.no\/sv\/kontakt-sv\/\" title=\"G\u00e5 til kontaktinformmasjon\">Kontakt oss for kode til bom<\/a>. B\u00e5tskyss over Gjevsj\u00f8en kan bestilles p\u00e5 telefon <a href=\"tel:004741608522\" title=\"Ring Gjefsj\u00f8 Fjellg\u00e5rd\">+47 41 60 85 22<\/a>.\n<strong>Vinterstid<\/strong><br>\nP\u00e5 vinteren kan du komme til Gjefsj\u00f8en p\u00e5 ski eller per sn\u00f8scooter b\u00e5de fra Ismenningen i Sn\u00e5sa og over Gjevsj\u00f8en fra Kallsedet i Sverige. Det er vinterbr\u00f8ytet vei b\u00e5de til Ismanningen og til Kallsedet.\n\t<p>bebodd siden 1790-\u00e5rene<\/p>\n<h2>\n\t\tHistorie\n\t<\/h2>\n\t<p>G\u00e5rdstun og kulturlandskap vitner om flere hundre \u00e5rs tradisjoner med g\u00e5rdsdrift samt fiske og fangst. Tradisjoner som fortsatt holdes i hevd av de som bor der i dag.<\/p>\n<p>I de siste krigsm\u00e5nedene i 1945 var Gjevsj\u00f8en en sentral plass i forbindelse med sabotasjeoperasjon Rype. Sabot\u00f8rene hadde sin base p\u00e5 fjellg\u00e5rden. Operasjon Rypes m\u00e5l var \u00e5 sabotere jernbanen for \u00e5 forsinke de tyske troppenes tilbaketrekning. Det var b\u00e5de nordmenn og amerikanere med i sabotasjegruppen. Leder for sabot\u00f8rene var William E. Colby, senere sjef for CIA. For \u00e5 f\u00e5 inn n\u00f8dvendig utstyr til aksjonene ble det sendt fly fra England og Skottland.<\/p>\n<p>Under et av toktene styrtet et fly p\u00e5 Plukkutj\u00f8nnfjellet som ligger nordvest for Gjevsj\u00f8en. Alle 12 mann om bord omkom. P\u00e5 stedet der flyet styrtet ble det reist en minnebauta i 1949. Rype sprengte Tangen bro i Stod og jernbaneskinner i Lurudalen i april 1945. F\u00e5 dager f\u00f8r frigj\u00f8ringen kom det en tysk patrulje til Gjevsj\u00f8en. Det kom til trefninger mellom tyskerne og sabot\u00f8rene og alle de fem tyske soldatene ble drept.<\/p>\n<p>&nbsp;<\/p>\n\t\t\t\t<img loading=\"lazy\" decoding=\"async\" src=\"http:\/\/gjefsjo.no\/wp-content\/uploads\/2020\/10\/rustkammeret-operasjon-rype2.jpg\" alt=\"Fra Operasjon Rype p\u00e5 Gjefsj\u00f8en fjellg\u00e5rd\" itemprop=\"image\" height=\"960\" width=\"702\" title=\"Fra Operasjon Rype p\u00e5 Gjefsj\u00f8en fjellg\u00e5rd\" onerror=\"this.style.display='none'\" \/>\n\t<p>restaurering av byggnaden<\/p>\n<h2>\n\t\tOSS Gjefsj\u00f8en\n\t<\/h2>\n\t<p>Ett omfattande projekt p\u00e5g\u00e5r nu f\u00f6r att \u00e5terst\u00e4lla byggnaden som var huvudkontoret f\u00f6r Operation Grouse under kriget. Planerad f\u00e4rdigst\u00e4llande och \u00f6ppning v\u00e5ren 2021.<\/p>\n\t\t\t<a href=\"http:\/\/gjefsjo.no\/sv\/?page_id=3805\" target=\"_self\" role=\"button\" rel=\"noopener noreferrer\">\n\t\t\t\t\t\t\tL\u00e4s mer om OSS Gjefsj\u00f8en\n\t\t\t\t\t<\/a>\n\t<p>sabotageoperationen<\/p>\n<h2>\n\t\tOperasjon rype\n\t<\/h2>\n\t<p>Under de sista m\u00e5naderna av kriget 1945 var Gjevsj\u00f8en en central plats i samband med sabotageoperationen Rype. Sabot\u00f6rerna hade sin bas p\u00e5 fj\u00e4llg\u00e5rden. Operation Rypes m\u00e5l var att sabotera j\u00e4rnv\u00e4gen f\u00f6r att f\u00f6rsena de tyska truppernas tillbakadragande. Hemmagardens nuvarande arbetsgrupp &#8220;Grouse&#8221; har f\u00e5tt sitt namn efter operationen.<\/p>\n\t\t\t<a href=\"http:\/\/gjefsjo.no\/sv\/?page_id=3803\" target=\"_self\" role=\"button\" rel=\"noopener noreferrer\">\n\t\t\t\t\t\t\tL\u00e4s mer om operasjon rype\n\t\t\t\t\t<\/a>\n\t<p>tillverkade av lokala \u00f6rter och v\u00e4xter fr\u00e5n Gjefsj\u00f8en<\/p>\n<h2>\n\t\tGjefsj\u00f8akvavit\n\t<\/h2>\n\t<p>Akvaviten inneh\u00e5ller vatten, lokala \u00f6rter och v\u00e4xter fr\u00e5n Gjefsj\u00f8en. Den \u00e4r gjord som en hyllning till Operation Grouse som drivs fr\u00e5n deras huvudkontor p\u00e5 Gjefsj\u00f8en g\u00e5rd i bergen p\u00e5 Sn\u00e5sa i slutet av andra v\u00e4rldskriget. Akvaviten destilleras uteslutande vid Inder\u00f8y Brenneri.<\/p>\n\t\t\t<a href=\"http:\/\/gjefsjo.no\/sv\/?page_id=3811\" target=\"_self\" role=\"button\" rel=\"noopener noreferrer\">\n\t\t\t\t\t\t\tL\u00e4s mer om akvavit\n\t\t\t\t\t<\/a>\n","protected":false},"excerpt":{"rendered":"<p>I Sn\u00e5sa ligger det tilsammen fire fjellg\u00e5rder langt inni Sn\u00e5safjella. En tur til fjellg\u00e5rdene er en opplevelse i seg selv. Bare turen for \u00e5 komme seg til fjellg\u00e5rdene vil kunne gi flotte naturopplevelser, og n\u00e5r man kommer fram vil man kunne oppleve hvordan fjelllandbruk har blitt drevet opp gjennom historien og drives i dag. B\u00e5de&hellip;<\/p>\n","protected":false},"author":6,"featured_media":0,"parent":0,"menu_order":18,"comment_status":"closed","ping_status":"closed","template":"","meta":{"_acf_changed":false,"_analytify_skip_tracking":false,"footnotes":""},"class_list":["post-3801","page","type-page","status-publish","hentry"],"acf":[],"yoast_head":"<!-- This site is optimized with the Yoast SEO plugin v27.2 - https:\/\/yoast.com\/product\/yoast-seo-wordpress\/ -->\n<title>Om fj\u00e4llg\u00e5rden - Gjefsj\u00f8en Fjellg\u00e5rd<\/title>\n<meta name=\"description\" content=\"Fj\u00e4llg\u00e5rd utan v\u00e4gf\u00f6rbindelse i Sn\u00e5sa. Drivs av Nils Christian Gjefsj\u00f8. Erbjuder \u00f6vernattning, matservering, b\u00e5tuthyrning og b\u00e5ttransport, jakt og fiske.\" \/>\n<meta name=\"robots\" content=\"index, follow, max-snippet:-1, max-image-preview:large, max-video-preview:-1\" \/>\n<link rel=\"canonical\" href=\"https:\/\/gjefsjo.no\/sv\/om-fjallgarden\/\" \/>\n<meta property=\"og:locale\" content=\"sv_SE\" \/>\n<meta property=\"og:type\" content=\"article\" \/>\n<meta property=\"og:title\" content=\"Om fj\u00e4llg\u00e5rden - Gjefsj\u00f8en Fjellg\u00e5rd\" \/>\n<meta property=\"og:description\" content=\"Fj\u00e4llg\u00e5rd utan v\u00e4gf\u00f6rbindelse i Sn\u00e5sa. Drivs av Nils Christian Gjefsj\u00f8. Erbjuder \u00f6vernattning, matservering, b\u00e5tuthyrning og b\u00e5ttransport, jakt og fiske.\" \/>\n<meta property=\"og:url\" content=\"https:\/\/gjefsjo.no\/sv\/om-fjallgarden\/\" \/>\n<meta property=\"og:site_name\" content=\"Gjefsj\u00f8en Fjellg\u00e5rd\" \/>\n<meta property=\"article:publisher\" content=\"https:\/\/facebook.com\/gjefsjoenfjellgard\" \/>\n<meta property=\"article:modified_time\" content=\"2021-08-08T16:55:11+00:00\" \/>\n<meta property=\"og:image\" content=\"http:\/\/gjefsjo.no\/wp-content\/uploads\/2020\/10\/gjefsjoakevitt-300x300.jpg\" \/>\n<meta name=\"twitter:card\" content=\"summary_large_image\" \/>\n<meta name=\"twitter:label1\" content=\"Ber\u00e4knad l\u00e4stid\" \/>\n\t<meta name=\"twitter:data1\" content=\"5 minuter\" \/>\n<script type=\"application\/ld+json\" class=\"yoast-schema-graph\">{\"@context\":\"https:\/\/schema.org\",\"@graph\":[{\"@type\":\"WebPage\",\"@id\":\"https:\/\/gjefsjo.no\/sv\/om-fjallgarden\/\",\"url\":\"https:\/\/gjefsjo.no\/sv\/om-fjallgarden\/\",\"name\":\"Om fj\u00e4llg\u00e5rden - Gjefsj\u00f8en Fjellg\u00e5rd\",\"isPartOf\":{\"@id\":\"https:\/\/gjefsjo.no\/#website\"},\"primaryImageOfPage\":{\"@id\":\"https:\/\/gjefsjo.no\/sv\/om-fjallgarden\/#primaryimage\"},\"image\":{\"@id\":\"https:\/\/gjefsjo.no\/sv\/om-fjallgarden\/#primaryimage\"},\"thumbnailUrl\":\"http:\/\/gjefsjo.no\/wp-content\/uploads\/2020\/10\/gjefsjoakevitt-300x300.jpg\",\"datePublished\":\"2020-10-12T08:46:40+00:00\",\"dateModified\":\"2021-08-08T16:55:11+00:00\",\"description\":\"Fj\u00e4llg\u00e5rd utan v\u00e4gf\u00f6rbindelse i Sn\u00e5sa. Drivs av Nils Christian Gjefsj\u00f8. Erbjuder \u00f6vernattning, matservering, b\u00e5tuthyrning og b\u00e5ttransport, jakt og fiske.\",\"breadcrumb\":{\"@id\":\"https:\/\/gjefsjo.no\/sv\/om-fjallgarden\/#breadcrumb\"},\"inLanguage\":\"sv-SE\",\"potentialAction\":[{\"@type\":\"ReadAction\",\"target\":[\"https:\/\/gjefsjo.no\/sv\/om-fjallgarden\/\"]}]},{\"@type\":\"ImageObject\",\"inLanguage\":\"sv-SE\",\"@id\":\"https:\/\/gjefsjo.no\/sv\/om-fjallgarden\/#primaryimage\",\"url\":\"http:\/\/gjefsjo.no\/wp-content\/uploads\/2020\/10\/gjefsjoakevitt-300x300.jpg\",\"contentUrl\":\"http:\/\/gjefsjo.no\/wp-content\/uploads\/2020\/10\/gjefsjoakevitt-300x300.jpg\"},{\"@type\":\"BreadcrumbList\",\"@id\":\"https:\/\/gjefsjo.no\/sv\/om-fjallgarden\/#breadcrumb\",\"itemListElement\":[{\"@type\":\"ListItem\",\"position\":1,\"name\":\"Hjem\",\"item\":\"https:\/\/gjefsjo.no\/sv\/\"},{\"@type\":\"ListItem\",\"position\":2,\"name\":\"Om fj\u00e4llg\u00e5rden\"}]},{\"@type\":\"WebSite\",\"@id\":\"https:\/\/gjefsjo.no\/#website\",\"url\":\"https:\/\/gjefsjo.no\/\",\"name\":\"Gjefsj\u00f8en Fjellg\u00e5rd\",\"description\":\"Fjellg\u00e5rd ved idylliske Gjefsj\u00f8en\",\"publisher\":{\"@id\":\"https:\/\/gjefsjo.no\/#organization\"},\"potentialAction\":[{\"@type\":\"SearchAction\",\"target\":{\"@type\":\"EntryPoint\",\"urlTemplate\":\"https:\/\/gjefsjo.no\/?s={search_term_string}\"},\"query-input\":{\"@type\":\"PropertyValueSpecification\",\"valueRequired\":true,\"valueName\":\"search_term_string\"}}],\"inLanguage\":\"sv-SE\"},{\"@type\":\"Organization\",\"@id\":\"https:\/\/gjefsjo.no\/#organization\",\"name\":\"Gjefsj\u00f8en Fjellg\u00e5rd\",\"url\":\"https:\/\/gjefsjo.no\/\",\"logo\":{\"@type\":\"ImageObject\",\"inLanguage\":\"sv-SE\",\"@id\":\"https:\/\/gjefsjo.no\/#\/schema\/logo\/image\/\",\"url\":\"\",\"contentUrl\":\"\",\"caption\":\"Gjefsj\u00f8en Fjellg\u00e5rd\"},\"image\":{\"@id\":\"https:\/\/gjefsjo.no\/#\/schema\/logo\/image\/\"},\"sameAs\":[\"https:\/\/facebook.com\/gjefsjoenfjellgard\",\"https:\/\/www.instagram.com\/gjefsjoenfjellgard\",\"https:\/\/www.linkedin.com\/in\/gjefsjo\/\",\"https:\/\/www.youtube.com\/channel\/UCOC8u2CHZHUEl20KkbPnKsA\",\"https:\/\/no.wikipedia.org\/wiki\/Gjefsjen_Fjellgrd\"]}]}<\/script>\n<!-- \/ Yoast SEO plugin. -->","yoast_head_json":{"title":"Om fj\u00e4llg\u00e5rden - Gjefsj\u00f8en Fjellg\u00e5rd","description":"Fj\u00e4llg\u00e5rd utan v\u00e4gf\u00f6rbindelse i Sn\u00e5sa. Drivs av Nils Christian Gjefsj\u00f8. Erbjuder \u00f6vernattning, matservering, b\u00e5tuthyrning og b\u00e5ttransport, jakt og fiske.","robots":{"index":"index","follow":"follow","max-snippet":"max-snippet:-1","max-image-preview":"max-image-preview:large","max-video-preview":"max-video-preview:-1"},"canonical":"https:\/\/gjefsjo.no\/sv\/om-fjallgarden\/","og_locale":"sv_SE","og_type":"article","og_title":"Om fj\u00e4llg\u00e5rden - Gjefsj\u00f8en Fjellg\u00e5rd","og_description":"Fj\u00e4llg\u00e5rd utan v\u00e4gf\u00f6rbindelse i Sn\u00e5sa. Drivs av Nils Christian Gjefsj\u00f8. Erbjuder \u00f6vernattning, matservering, b\u00e5tuthyrning og b\u00e5ttransport, jakt og fiske.","og_url":"https:\/\/gjefsjo.no\/sv\/om-fjallgarden\/","og_site_name":"Gjefsj\u00f8en Fjellg\u00e5rd","article_publisher":"https:\/\/facebook.com\/gjefsjoenfjellgard","article_modified_time":"2021-08-08T16:55:11+00:00","og_image":[{"url":"http:\/\/gjefsjo.no\/wp-content\/uploads\/2020\/10\/gjefsjoakevitt-300x300.jpg","type":"","width":"","height":""}],"twitter_card":"summary_large_image","twitter_misc":{"Ber\u00e4knad l\u00e4stid":"5 minuter"},"schema":{"@context":"https:\/\/schema.org","@graph":[{"@type":"WebPage","@id":"https:\/\/gjefsjo.no\/sv\/om-fjallgarden\/","url":"https:\/\/gjefsjo.no\/sv\/om-fjallgarden\/","name":"Om fj\u00e4llg\u00e5rden - Gjefsj\u00f8en Fjellg\u00e5rd","isPartOf":{"@id":"https:\/\/gjefsjo.no\/#website"},"primaryImageOfPage":{"@id":"https:\/\/gjefsjo.no\/sv\/om-fjallgarden\/#primaryimage"},"image":{"@id":"https:\/\/gjefsjo.no\/sv\/om-fjallgarden\/#primaryimage"},"thumbnailUrl":"http:\/\/gjefsjo.no\/wp-content\/uploads\/2020\/10\/gjefsjoakevitt-300x300.jpg","datePublished":"2020-10-12T08:46:40+00:00","dateModified":"2021-08-08T16:55:11+00:00","description":"Fj\u00e4llg\u00e5rd utan v\u00e4gf\u00f6rbindelse i Sn\u00e5sa. Drivs av Nils Christian Gjefsj\u00f8. Erbjuder \u00f6vernattning, matservering, b\u00e5tuthyrning og b\u00e5ttransport, jakt og fiske.","breadcrumb":{"@id":"https:\/\/gjefsjo.no\/sv\/om-fjallgarden\/#breadcrumb"},"inLanguage":"sv-SE","potentialAction":[{"@type":"ReadAction","target":["https:\/\/gjefsjo.no\/sv\/om-fjallgarden\/"]}]},{"@type":"ImageObject","inLanguage":"sv-SE","@id":"https:\/\/gjefsjo.no\/sv\/om-fjallgarden\/#primaryimage","url":"http:\/\/gjefsjo.no\/wp-content\/uploads\/2020\/10\/gjefsjoakevitt-300x300.jpg","contentUrl":"http:\/\/gjefsjo.no\/wp-content\/uploads\/2020\/10\/gjefsjoakevitt-300x300.jpg"},{"@type":"BreadcrumbList","@id":"https:\/\/gjefsjo.no\/sv\/om-fjallgarden\/#breadcrumb","itemListElement":[{"@type":"ListItem","position":1,"name":"Hjem","item":"https:\/\/gjefsjo.no\/sv\/"},{"@type":"ListItem","position":2,"name":"Om fj\u00e4llg\u00e5rden"}]},{"@type":"WebSite","@id":"https:\/\/gjefsjo.no\/#website","url":"https:\/\/gjefsjo.no\/","name":"Gjefsj\u00f8en Fjellg\u00e5rd","description":"Fjellg\u00e5rd ved idylliske Gjefsj\u00f8en","publisher":{"@id":"https:\/\/gjefsjo.no\/#organization"},"potentialAction":[{"@type":"SearchAction","target":{"@type":"EntryPoint","urlTemplate":"https:\/\/gjefsjo.no\/?s={search_term_string}"},"query-input":{"@type":"PropertyValueSpecification","valueRequired":true,"valueName":"search_term_string"}}],"inLanguage":"sv-SE"},{"@type":"Organization","@id":"https:\/\/gjefsjo.no\/#organization","name":"Gjefsj\u00f8en Fjellg\u00e5rd","url":"https:\/\/gjefsjo.no\/","logo":{"@type":"ImageObject","inLanguage":"sv-SE","@id":"https:\/\/gjefsjo.no\/#\/schema\/logo\/image\/","url":"","contentUrl":"","caption":"Gjefsj\u00f8en Fjellg\u00e5rd"},"image":{"@id":"https:\/\/gjefsjo.no\/#\/schema\/logo\/image\/"},"sameAs":["https:\/\/facebook.com\/gjefsjoenfjellgard","https:\/\/www.instagram.com\/gjefsjoenfjellgard","https:\/\/www.linkedin.com\/in\/gjefsjo\/","https:\/\/www.youtube.com\/channel\/UCOC8u2CHZHUEl20KkbPnKsA","https:\/\/no.wikipedia.org\/wiki\/Gjefsjen_Fjellgrd"]}]}},"_links":{"self":[{"href":"https:\/\/gjefsjo.no\/sv\/wp-json\/wp\/v2\/pages\/3801","targetHints":{"allow":["GET"]}}],"collection":[{"href":"https:\/\/gjefsjo.no\/sv\/wp-json\/wp\/v2\/pages"}],"about":[{"href":"https:\/\/gjefsjo.no\/sv\/wp-json\/wp\/v2\/types\/page"}],"author":[{"embeddable":true,"href":"https:\/\/gjefsjo.no\/sv\/wp-json\/wp\/v2\/users\/6"}],"replies":[{"embeddable":true,"href":"https:\/\/gjefsjo.no\/sv\/wp-json\/wp\/v2\/comments?post=3801"}],"version-history":[{"count":0,"href":"https:\/\/gjefsjo.no\/sv\/wp-json\/wp\/v2\/pages\/3801\/revisions"}],"wp:attachment":[{"href":"https:\/\/gjefsjo.no\/sv\/wp-json\/wp\/v2\/media?parent=3801"}],"curies":[{"name":"wp","href":"https:\/\/api.w.org\/{rel}","templated":true}]}}