{"id":3793,"date":"2020-05-08T14:04:56","date_gmt":"2020-05-08T12:04:56","guid":{"rendered":"http:\/\/gjefsjo.no\/gjefsjoen-fjellgard\/"},"modified":"2025-03-24T13:01:26","modified_gmt":"2025-03-24T12:01:26","slug":"gjefsjoen-fjallgard","status":"publish","type":"page","link":"https:\/\/gjefsjo.no\/sv\/","title":{"rendered":"Gjefsj\u00f8en fj\u00e4llg\u00e5rd"},"content":{"rendered":"\n\n\t<p>Vid innsj\u00f6ar och idylliska fj\u00e4ll hittar du<\/p>\n<h1>\n\t\tGjefsj\u00f8en Fj\u00e4llg\u00e5rd\n\t<\/h1>\n\t\t\t<a href=\"#fjellgarden\" target=\"_self\">\n\t\t\t\t\t\t\tOm fj\u00e4llg\u00e5rden\n\t\t\t\t\t<\/a>\n\t\t\t<a href=\"http:\/\/gjefsjo.no\/sv\/vara-erbjudanden\/#overnatting\" target=\"_self\">\n\t\t\t\t\t\t\t\u00d6vernattning\n\t\t\t\t\t<\/a>\n\t\t\t<a href=\"http:\/\/gjefsjo.no\/sv\/vara-erbjudanden\/#servering\" target=\"_self\">\n\t\t\t\t\t\t\tMatservering\n\t\t\t\t\t<\/a>\n\t\t\t<a href=\"http:\/\/gjefsjo.no\/sv\/vara-erbjudanden\/#fiske\" target=\"_self\">\n\t\t\t\t\t\t\tFiske\n\t\t\t\t\t<\/a>\n\t\t\t<a href=\"http:\/\/gjefsjo.no\/sv\/vara-erbjudanden\/#jakt\" target=\"_self\">\n\t\t\t\t\t\t\tJakt\n\t\t\t\t\t<\/a>\n\t\t\t<a href=\"https:\/\/gjefsjo.no\/om-fjellgarden\/#veibeskrivelse\" target=\"_self\">\n\t\t\t\t\t\t\tV\u00e4gbeskrivning\n\t\t\t\t\t<\/a>\n\t\t\t<a href=\"https:\/\/gjefsjo.no\/sv\/gjefsjo-akvavit\/\" target=\"_self\">\n\t\t\t\t\t\t\tAkvavit\n\t\t\t\t\t<\/a>\n\t\t\t<a href=\"https:\/\/gjefsjo.no\/operasjon-rype\/\" target=\"_self\">\n\t\t\t\t\t\t\tOperasjon Rype\n\t\t\t\t\t<\/a>\n\t\t\t<a href=\"https:\/\/gjefsjo.no\/oss-gjefsjoen\/\" target=\"_self\">\n\t\t\t\t\t\t\tOSS Gjefsj\u00f8en\n\t\t\t\t\t<\/a>\n\t\t\t<a href=\"https:\/\/gjefsjo.no\/sv\/historier-och-aktuellt\/\" target=\"_self\">\n\t\t\t\t\t\t\tHistorier och aktuellt\n\t\t\t\t\t<\/a>\n\t\t\t\t<img decoding=\"async\" src=\"http:\/\/gjefsjo.no\/wp-content\/uploads\/2020\/10\/gjefsjoakevitt.png\" alt=\"Gjefsj\u00f8en fjellg\u00e5rd\" itemprop=\"image\" title=\"Gjefsj\u00f8en Fjellg\u00e5rd\" onerror=\"this.style.display='none'\" \/>\n\t<p>l\u00e5ngt inne i Sn\u00e5safj\u00e4llen ligger<\/p>\n<h2>\n\t\tGjefsj\u00f8en Fj\u00e4llg\u00e5rd\n\t<\/h2>\n\t<p>I Sn\u00e5sa ligger det tilsamman fyra fj\u00e4llg\u00e5rder utan v\u00e4gforbindelse. En tur til fj\u00e4llg\u00e5rdarna er en upplevelse i seg sj\u00e4lv. Bara turen f\u00f6r at komma sig til fj\u00e4llg\u00e5rdarna vil kunna ge flotta naturupplevelser, och n\u00e4r man kommer fram vil man kunna uppleva hur fj\u00e4lllantbruk har blivit drivet upp genom historian och drivs i dag.<\/p>\n<p>Fj\u00e4llg\u00e5rden Gjefsj\u00f8en ligger n\u00e4ra gr\u00e4nsen mot Sverige vid den fiskerike innsj\u00f6n Gjevsj\u00f8en. S\u00f8ndre og Nordre Gjevsj\u00f8hatt (936 og 975 m.o.h.)1 er karakteristiska fj\u00e4ll inte l\u00e5ngt fr\u00e5n g\u00e5rden. L\u00e4ngre mot \u00f6st ligger Bl\u00e5fj\u00e4llen i grann-kommunen Lierne, d\u00e4r Bl\u00e5fjellhatten och Midtiklumpen ruvar h\u00f6gt 1330 m.o.h. G\u00e5rden \u00e4r annars omkransad av vida skog\u00e5ser och fina vatten.<\/p>\n\t\t\t<a href=\"http:\/\/gjefsjo.no\/sv\/om-fjallgarden\/\" target=\"_self\">\n\t\t\t\t\t\t\tMer om fj\u00e4llg\u00e5rden\n\t\t\t\t\t<\/a>\n\t<p>Vad hittar du h\u00e4r?<\/p>\n<h2>\n\t\tV\u00e5re erbjudanden\n\t<\/h2>\n\t\t\t\t\t\t\t\t<a href=\"http:\/\/gjefsjo.no\/sv\/vara-erbjudanden\/#overnatting\" target=\"_self\">\n\t\t\t\tG\u00e5 til side om Overnatting\n\t\t\t\t\t\t<\/a>\n\t<h3><a href=\"http:\/\/gjefsjo.no\/sv\/vara-erbjudanden\/#overnatting\" target=\"_self\">\u00d6vernattning<\/a><\/h3><p>Vi har flera idylliska stugor till uthyrning med olika storlekar og fasiliteter.<\/p>\n\t\t\t<a href=\"http:\/\/gjefsjo.no\/sv\/vara-erbjudanden\/#overnatting\" target=\"_self\">\n\t\t\t\t\t\t\tL\u00e4s mer\n\t\t\t\t\t<\/a>\n\t\t\t\t\t\t\t\t<a href=\"http:\/\/gjefsjo.no\/sv\/vara-erbjudanden\/#servering\" target=\"_self\">\n\t\t\t\tG\u00e5 til side om Servering\n\t\t\t\t\t\t<\/a>\n\t<h3><a href=\"http:\/\/gjefsjo.no\/sv\/vara-erbjudanden\/#servering\" target=\"_self\">Matservering<\/a><\/h3><p>Vi har m\u00f6jlighet f\u00f6r matservering av smakrika r\u00e4tter baserade p\u00e5 lokala r\u00e5varor.<\/p>\n\t\t\t<a href=\"http:\/\/gjefsjo.no\/sv\/vara-erbjudanden\/#servering\" target=\"_self\">\n\t\t\t\t\t\t\tL\u00e4s mer\n\t\t\t\t\t<\/a>\n\t\t\t\t\t\t\t\t<a href=\"http:\/\/gjefsjo.no\/sv\/vara-erbjudanden\/#aktiviteter\" target=\"_self\">\n\t\t\t\tG\u00e5 til side om Aktiviteter\n\t\t\t\t\t\t<\/a>\n\t<h3><a href=\"http:\/\/gjefsjo.no\/sv\/vara-erbjudanden\/#aktiviteter\" target=\"_self\">Jakt, fiske og tur<\/a><\/h3><p>F\u00f6rh\u00e5llandena ligger g\u00e5tt til r\u00e4tto for friluftsliv, jakt och fiske.<\/p>\n\t\t\t<a href=\"http:\/\/gjefsjo.no\/sv\/vara-erbjudanden\/#aktiviteter\" target=\"_self\">\n\t\t\t\t\t\t\tL\u00e4s mer\n\t\t\t\t\t<\/a>\n\t<iframe loading=\"lazy\" src=\"https:\/\/snazzymaps.com\/embed\/268530\" width=\"100%\" height=\"600px\"><\/iframe>\n\t<p>varr ligger fj\u00e4llg\u00e5rden?<\/p>\n<h2>\n\t\tposition\n\t<\/h2>\n\t<p>Gjefsj\u00f8en Fj\u00e4llg\u00e5rd ligger idylliskt vid innsj\u00f6n Gjefsj\u00f8en i Sn\u00e5sa kommun n\u00e4ra gr\u00e4nsen mot Sverige. Omkransad av vida skog\u00e5ser og flotta vatten. G\u00e5rden har inte v\u00e4gf\u00f6rbindelse.<\/p>\n\t\t\t<a href=\"http:\/\/gjefsjo.no\/sv\/om-fjallgarden\/#veibeskrivelse\" target=\"_self\">\n\t\t\t\t\t\t\tSe veibeskrivelse\n\t\t\t\t\t<\/a>\n\t<p>g\u00e5rdsdrift, fiske og fangst<\/p>\n<h2>\n\t\tHistorien\n\t<\/h2>\n\t<p>Gjefsj\u00f8en fj\u00e4llg\u00e5rd har varit bebodd sedan 1790-\u00e5ren. G\u00e5rdsplan och marken omkring vitnar om flera hundra \u00e5rs traditioner med g\u00e5rdsdrift samt fiske och f\u00e5ngst. Traditioner som fortfarande h\u00e5lls vid liv av de som bor h\u00e4r i dag.<\/p>\n<p>I de sista krigsm\u00e5nederna i 1945 var Gjefsj\u00f8en en sentral plats i f\u00f6rbindelse med sabotasje-operasjon Ripa. Sabot\u00f6rerna hade sin bas p\u00e5 fj\u00e4llg\u00e5rden. Operasjon Ripas m\u00e5l var at sabotera j\u00e4rnv\u00e4gen for at hindra dom tyska trupparnas tilbakedragning.<\/p>\n\t\t\t<a href=\"http:\/\/gjefsjo.no\/sv\/?page_id=4302\" target=\"_self\">\n\t\t\t\t\t\t\tMer om historien\n\t\t\t\t\t<\/a>\n\t\t\t\t<img decoding=\"async\" src=\"http:\/\/gjefsjo.no\/wp-content\/uploads\/2020\/11\/gjefsjogubben.jpg\" alt=\"Historiske bilder fra Gjefsj\u00f8en fjellg\u00e5rd\" itemprop=\"image\" title=\"Gjefsj\u00f8gubben\" onerror=\"this.style.display='none'\" \/>\n\t<p>laget p\u00e5 lokale urter og planter fra Gjefsj\u00f8en<\/p>\n<h2>\n\t\tGjefsj\u00f8&shy;akevitt\n\t<\/h2>\n\t<p>Akevitten er destillert p\u00e5 vann, lokale urter og planter fra Gjefsj\u00f8en. Det er laget som en hyllest til \u00e6re for Operasjon Rype som opererte med base\u00a0 p\u00e5 Gjefsj\u00f8en g\u00e5rd i fjellene p\u00e5 Sn\u00e5sa i slutten av andre verdenskrig. Akevitten destilleres eksklusivt p\u00e5 Inder\u00f8y Brenneri.<\/p>\n\t\t\t<a href=\"http:\/\/gjefsjo.no\/akevitt\/\" target=\"_self\">\n\t\t\t\t\t\t\tLes mer om akevitten\n\t\t\t\t\t<\/a>\n\t<p>sabotasjeoperasjonen<\/p>\n<h2>\n\t\tOperasjon rype\n\t<\/h2>\n\t<p>I de siste krigsm\u00e5nedene i 1945 var Gjevsj\u00f8en en sentral plass i forbindelse med sabotasjeoperasjon Rype. Sabot\u00f8rene hadde sin base p\u00e5 fjellg\u00e5rden. Operasjon Rypes m\u00e5l var \u00e5 sabotere jernbanen for \u00e5 forsinke de tyske troppenes tilbaketrekning. Heimevernets n\u00e5v\u00e6rende innsatsstyrke &#8220;Rype&#8221; har tatt navn etter operasjonen.<\/p>\n\t\t\t<a href=\"http:\/\/gjefsjo.no\/operasjon-rype\/\" target=\"_self\">\n\t\t\t\t\t\t\tLes mer om operasjon rype\n\t\t\t\t\t<\/a>\n\t<p>Restaurering av hovedkvarteret til Operasjon Rype<\/p>\n<h2>\n\t\tOSS Gjefsj\u00f8en\n\t<\/h2>\n\t<p>Det p\u00e5g\u00e5r et omfattende prosjekt for \u00e5 restaurere bygningen som var hovedkvarter for Operasjon Rype under krigen. Planlagt ferdigstillelse er i l\u00f8pet\u00a0 av 2021.<\/p>\n\t\t\t<a href=\"http:\/\/gjefsjo.no\/oss-gjefsjoen\/\" target=\"_self\">\n\t\t\t\t\t\t\tLes mer om OSS Gjefsj\u00f8en\n\t\t\t\t\t<\/a>\n\n","protected":false},"excerpt":{"rendered":"<p>Vid innsj\u00f6ar och idylliska fj\u00e4ll hittar du Gjefsj\u00f8en Fj\u00e4llg\u00e5rd Om fj\u00e4llg\u00e5rden \u00d6vernattning Matservering Fiske Jakt V\u00e4gbeskrivning Akvavit Operasjon Rype OSS Gjefsj\u00f8en Historier och aktuellt l\u00e5ngt inne i Sn\u00e5safj\u00e4llen ligger Gjefsj\u00f8en Fj\u00e4llg\u00e5rd I Sn\u00e5sa ligger det tilsamman fyra fj\u00e4llg\u00e5rder utan v\u00e4gforbindelse. En tur til fj\u00e4llg\u00e5rdarna er en upplevelse i seg sj\u00e4lv. Bara turen f\u00f6r at komma&hellip;<\/p>\n","protected":false},"author":6,"featured_media":0,"parent":0,"menu_order":17,"comment_status":"closed","ping_status":"closed","template":"","meta":{"_acf_changed":false,"_analytify_skip_tracking":false,"footnotes":""},"class_list":["post-3793","page","type-page","status-publish","hentry"],"acf":[],"yoast_head":"<!-- This site is optimized with the Yoast SEO plugin v27.2 - https:\/\/yoast.com\/product\/yoast-seo-wordpress\/ -->\n<title>Gjefsj\u00f8 | Fjellg\u00e5rd | Overnatting | Sn\u00e5sa | Jakt | Fiske | Operasjon Rype<\/title>\n<meta name=\"description\" content=\"Gjefsj\u00f8en \u00e4r en fj\u00e4llg\u00e5rd i Sn\u00e5sa utan v\u00e4gf\u00f6rbindelse. Vi erbjuder stugor, matservering, b\u00e5tuthyrning, jakt och fiske.\" \/>\n<meta name=\"robots\" content=\"index, follow, max-snippet:-1, max-image-preview:large, max-video-preview:-1\" \/>\n<link rel=\"canonical\" href=\"https:\/\/gjefsjo.no\/sv\/\" \/>\n<meta property=\"og:locale\" content=\"sv_SE\" \/>\n<meta property=\"og:type\" content=\"article\" \/>\n<meta property=\"og:title\" content=\"Gjefsj\u00f8 | Fjellg\u00e5rd | Overnatting | Sn\u00e5sa | Jakt | Fiske | Operasjon Rype\" \/>\n<meta property=\"og:description\" content=\"Gjefsj\u00f8en \u00e4r en fj\u00e4llg\u00e5rd i Sn\u00e5sa utan v\u00e4gf\u00f6rbindelse. Vi erbjuder stugor, matservering, b\u00e5tuthyrning, jakt och fiske.\" \/>\n<meta property=\"og:url\" content=\"https:\/\/gjefsjo.no\/sv\/\" \/>\n<meta property=\"og:site_name\" content=\"Gjefsj\u00f8en Fjellg\u00e5rd\" \/>\n<meta property=\"article:publisher\" content=\"https:\/\/facebook.com\/gjefsjoenfjellgard\" \/>\n<meta property=\"article:modified_time\" content=\"2025-03-24T12:01:26+00:00\" \/>\n<meta property=\"og:image\" content=\"http:\/\/gjefsjo.no\/wp-content\/uploads\/2020\/10\/gjefsjoakevitt.png\" \/>\n<meta name=\"twitter:card\" content=\"summary_large_image\" \/>\n<meta name=\"twitter:label1\" content=\"Ber\u00e4knad l\u00e4stid\" \/>\n\t<meta name=\"twitter:data1\" content=\"3 minuter\" \/>\n<script type=\"application\/ld+json\" class=\"yoast-schema-graph\">{\"@context\":\"https:\/\/schema.org\",\"@graph\":[{\"@type\":\"WebPage\",\"@id\":\"https:\/\/gjefsjo.no\/sv\/\",\"url\":\"https:\/\/gjefsjo.no\/sv\/\",\"name\":\"Gjefsj\u00f8 | Fjellg\u00e5rd | Overnatting | Sn\u00e5sa | Jakt | Fiske | Operasjon Rype\",\"isPartOf\":{\"@id\":\"https:\/\/gjefsjo.no\/#website\"},\"primaryImageOfPage\":{\"@id\":\"https:\/\/gjefsjo.no\/sv\/#primaryimage\"},\"image\":{\"@id\":\"https:\/\/gjefsjo.no\/sv\/#primaryimage\"},\"thumbnailUrl\":\"http:\/\/gjefsjo.no\/wp-content\/uploads\/2020\/10\/gjefsjoakevitt.png\",\"datePublished\":\"2020-05-08T12:04:56+00:00\",\"dateModified\":\"2025-03-24T12:01:26+00:00\",\"description\":\"Gjefsj\u00f8en \u00e4r en fj\u00e4llg\u00e5rd i Sn\u00e5sa utan v\u00e4gf\u00f6rbindelse. Vi erbjuder stugor, matservering, b\u00e5tuthyrning, jakt och fiske.\",\"breadcrumb\":{\"@id\":\"https:\/\/gjefsjo.no\/sv\/#breadcrumb\"},\"inLanguage\":\"sv-SE\",\"potentialAction\":[{\"@type\":\"ReadAction\",\"target\":[\"https:\/\/gjefsjo.no\/sv\/\"]}]},{\"@type\":\"ImageObject\",\"inLanguage\":\"sv-SE\",\"@id\":\"https:\/\/gjefsjo.no\/sv\/#primaryimage\",\"url\":\"http:\/\/gjefsjo.no\/wp-content\/uploads\/2020\/10\/gjefsjoakevitt.png\",\"contentUrl\":\"http:\/\/gjefsjo.no\/wp-content\/uploads\/2020\/10\/gjefsjoakevitt.png\"},{\"@type\":\"BreadcrumbList\",\"@id\":\"https:\/\/gjefsjo.no\/sv\/#breadcrumb\",\"itemListElement\":[{\"@type\":\"ListItem\",\"position\":1,\"name\":\"Hjem\",\"item\":\"https:\/\/gjefsjo.no\/sv\/\"},{\"@type\":\"ListItem\",\"position\":2,\"name\":\"Gjefsj\u00f8en fj\u00e4llg\u00e5rd\"}]},{\"@type\":\"WebSite\",\"@id\":\"https:\/\/gjefsjo.no\/#website\",\"url\":\"https:\/\/gjefsjo.no\/\",\"name\":\"Gjefsj\u00f8en Fjellg\u00e5rd\",\"description\":\"Fjellg\u00e5rd ved idylliske Gjefsj\u00f8en\",\"publisher\":{\"@id\":\"https:\/\/gjefsjo.no\/#organization\"},\"potentialAction\":[{\"@type\":\"SearchAction\",\"target\":{\"@type\":\"EntryPoint\",\"urlTemplate\":\"https:\/\/gjefsjo.no\/?s={search_term_string}\"},\"query-input\":{\"@type\":\"PropertyValueSpecification\",\"valueRequired\":true,\"valueName\":\"search_term_string\"}}],\"inLanguage\":\"sv-SE\"},{\"@type\":\"Organization\",\"@id\":\"https:\/\/gjefsjo.no\/#organization\",\"name\":\"Gjefsj\u00f8en Fjellg\u00e5rd\",\"url\":\"https:\/\/gjefsjo.no\/\",\"logo\":{\"@type\":\"ImageObject\",\"inLanguage\":\"sv-SE\",\"@id\":\"https:\/\/gjefsjo.no\/#\/schema\/logo\/image\/\",\"url\":\"\",\"contentUrl\":\"\",\"caption\":\"Gjefsj\u00f8en Fjellg\u00e5rd\"},\"image\":{\"@id\":\"https:\/\/gjefsjo.no\/#\/schema\/logo\/image\/\"},\"sameAs\":[\"https:\/\/facebook.com\/gjefsjoenfjellgard\",\"https:\/\/www.instagram.com\/gjefsjoenfjellgard\",\"https:\/\/www.linkedin.com\/in\/gjefsjo\/\",\"https:\/\/www.youtube.com\/channel\/UCOC8u2CHZHUEl20KkbPnKsA\",\"https:\/\/no.wikipedia.org\/wiki\/Gjefsjen_Fjellgrd\"]}]}<\/script>\n<!-- \/ Yoast SEO plugin. -->","yoast_head_json":{"title":"Gjefsj\u00f8 | Fjellg\u00e5rd | Overnatting | Sn\u00e5sa | Jakt | Fiske | Operasjon Rype","description":"Gjefsj\u00f8en \u00e4r en fj\u00e4llg\u00e5rd i Sn\u00e5sa utan v\u00e4gf\u00f6rbindelse. Vi erbjuder stugor, matservering, b\u00e5tuthyrning, jakt och fiske.","robots":{"index":"index","follow":"follow","max-snippet":"max-snippet:-1","max-image-preview":"max-image-preview:large","max-video-preview":"max-video-preview:-1"},"canonical":"https:\/\/gjefsjo.no\/sv\/","og_locale":"sv_SE","og_type":"article","og_title":"Gjefsj\u00f8 | Fjellg\u00e5rd | Overnatting | Sn\u00e5sa | Jakt | Fiske | Operasjon Rype","og_description":"Gjefsj\u00f8en \u00e4r en fj\u00e4llg\u00e5rd i Sn\u00e5sa utan v\u00e4gf\u00f6rbindelse. Vi erbjuder stugor, matservering, b\u00e5tuthyrning, jakt och fiske.","og_url":"https:\/\/gjefsjo.no\/sv\/","og_site_name":"Gjefsj\u00f8en Fjellg\u00e5rd","article_publisher":"https:\/\/facebook.com\/gjefsjoenfjellgard","article_modified_time":"2025-03-24T12:01:26+00:00","og_image":[{"url":"http:\/\/gjefsjo.no\/wp-content\/uploads\/2020\/10\/gjefsjoakevitt.png","type":"","width":"","height":""}],"twitter_card":"summary_large_image","twitter_misc":{"Ber\u00e4knad l\u00e4stid":"3 minuter"},"schema":{"@context":"https:\/\/schema.org","@graph":[{"@type":"WebPage","@id":"https:\/\/gjefsjo.no\/sv\/","url":"https:\/\/gjefsjo.no\/sv\/","name":"Gjefsj\u00f8 | Fjellg\u00e5rd | Overnatting | Sn\u00e5sa | Jakt | Fiske | Operasjon Rype","isPartOf":{"@id":"https:\/\/gjefsjo.no\/#website"},"primaryImageOfPage":{"@id":"https:\/\/gjefsjo.no\/sv\/#primaryimage"},"image":{"@id":"https:\/\/gjefsjo.no\/sv\/#primaryimage"},"thumbnailUrl":"http:\/\/gjefsjo.no\/wp-content\/uploads\/2020\/10\/gjefsjoakevitt.png","datePublished":"2020-05-08T12:04:56+00:00","dateModified":"2025-03-24T12:01:26+00:00","description":"Gjefsj\u00f8en \u00e4r en fj\u00e4llg\u00e5rd i Sn\u00e5sa utan v\u00e4gf\u00f6rbindelse. Vi erbjuder stugor, matservering, b\u00e5tuthyrning, jakt och fiske.","breadcrumb":{"@id":"https:\/\/gjefsjo.no\/sv\/#breadcrumb"},"inLanguage":"sv-SE","potentialAction":[{"@type":"ReadAction","target":["https:\/\/gjefsjo.no\/sv\/"]}]},{"@type":"ImageObject","inLanguage":"sv-SE","@id":"https:\/\/gjefsjo.no\/sv\/#primaryimage","url":"http:\/\/gjefsjo.no\/wp-content\/uploads\/2020\/10\/gjefsjoakevitt.png","contentUrl":"http:\/\/gjefsjo.no\/wp-content\/uploads\/2020\/10\/gjefsjoakevitt.png"},{"@type":"BreadcrumbList","@id":"https:\/\/gjefsjo.no\/sv\/#breadcrumb","itemListElement":[{"@type":"ListItem","position":1,"name":"Hjem","item":"https:\/\/gjefsjo.no\/sv\/"},{"@type":"ListItem","position":2,"name":"Gjefsj\u00f8en fj\u00e4llg\u00e5rd"}]},{"@type":"WebSite","@id":"https:\/\/gjefsjo.no\/#website","url":"https:\/\/gjefsjo.no\/","name":"Gjefsj\u00f8en Fjellg\u00e5rd","description":"Fjellg\u00e5rd ved idylliske Gjefsj\u00f8en","publisher":{"@id":"https:\/\/gjefsjo.no\/#organization"},"potentialAction":[{"@type":"SearchAction","target":{"@type":"EntryPoint","urlTemplate":"https:\/\/gjefsjo.no\/?s={search_term_string}"},"query-input":{"@type":"PropertyValueSpecification","valueRequired":true,"valueName":"search_term_string"}}],"inLanguage":"sv-SE"},{"@type":"Organization","@id":"https:\/\/gjefsjo.no\/#organization","name":"Gjefsj\u00f8en Fjellg\u00e5rd","url":"https:\/\/gjefsjo.no\/","logo":{"@type":"ImageObject","inLanguage":"sv-SE","@id":"https:\/\/gjefsjo.no\/#\/schema\/logo\/image\/","url":"","contentUrl":"","caption":"Gjefsj\u00f8en Fjellg\u00e5rd"},"image":{"@id":"https:\/\/gjefsjo.no\/#\/schema\/logo\/image\/"},"sameAs":["https:\/\/facebook.com\/gjefsjoenfjellgard","https:\/\/www.instagram.com\/gjefsjoenfjellgard","https:\/\/www.linkedin.com\/in\/gjefsjo\/","https:\/\/www.youtube.com\/channel\/UCOC8u2CHZHUEl20KkbPnKsA","https:\/\/no.wikipedia.org\/wiki\/Gjefsjen_Fjellgrd"]}]}},"_links":{"self":[{"href":"https:\/\/gjefsjo.no\/sv\/wp-json\/wp\/v2\/pages\/3793","targetHints":{"allow":["GET"]}}],"collection":[{"href":"https:\/\/gjefsjo.no\/sv\/wp-json\/wp\/v2\/pages"}],"about":[{"href":"https:\/\/gjefsjo.no\/sv\/wp-json\/wp\/v2\/types\/page"}],"author":[{"embeddable":true,"href":"https:\/\/gjefsjo.no\/sv\/wp-json\/wp\/v2\/users\/6"}],"replies":[{"embeddable":true,"href":"https:\/\/gjefsjo.no\/sv\/wp-json\/wp\/v2\/comments?post=3793"}],"version-history":[{"count":0,"href":"https:\/\/gjefsjo.no\/sv\/wp-json\/wp\/v2\/pages\/3793\/revisions"}],"wp:attachment":[{"href":"https:\/\/gjefsjo.no\/sv\/wp-json\/wp\/v2\/media?parent=3793"}],"curies":[{"name":"wp","href":"https:\/\/api.w.org\/{rel}","templated":true}]}}