{"id":4301,"date":"2020-11-23T11:29:55","date_gmt":"2020-11-23T10:29:55","guid":{"rendered":"http:\/\/gjefsjo.no\/historie\/"},"modified":"2021-04-20T22:45:49","modified_gmt":"2021-04-20T20:45:49","slug":"history","status":"publish","type":"page","link":"https:\/\/gjefsjo.no\/en\/history\/","title":{"rendered":"History"},"content":{"rendered":"\n<h2>\n\t\tLorem ipsum dolor sit amet, consectetur adipiscing elit. Aliquam congue molestie mi eget lacinia. Quisque eu finibus diam. \n\t<\/h2>\n\t<p>Sed vitae tincidunt purus. Suspendisse sed mauris risus. Ut ac tempor nisi. Praesent cursus sem metus, vitae euismod felis cursus sed. Donec blandit eget justo at sagittis. Nunc pharetra ligula non luctus tempor. Phasellus ac augue erat. Morbi sit amet erat in enim luctus pretium. Donec eu quam fringilla, vehicula nisi at, vestibulum sapien. Nam eget commodo risus. Aenean mauris risus, rhoncus sit amet nisl vel, imperdiet luctus erat. Fusce ac velit laoreet quam placerat cursus. Donec euismod dignissim rutrum.<\/p>\n<p>Pellentesque purus urna, placerat et erat ut, volutpat feugiat nibh. Cras vehicula mauris et pretium tempor. Donec eget nibh vel tortor vestibulum euismod. Class aptent taciti sociosqu ad litora torquent per conubia nostra, per inceptos himenaeos. Quisque pulvinar velit eu dapibus placerat. Donec nec elit et diam dignissim hendrerit sit amet non lorem. Mauris nec pellentesque est, eget euismod enim. Phasellus non ultricies erat, aliquam volutpat mauris. Nunc ornare, ex ut hendrerit laoreet, nisi ligula suscipit nisi, non posuere magna odio vel velit. Integer iaculis aliquet lobortis. Quisque volutpat in magna blandit commodo. Aliquam erat volutpat. Ut hendrerit feugiat ligula. Vestibulum at magna sit amet eros dignissim facilisis. In eget varius libero.<\/p>\n\t\t\t\t<a href=\"http:\/\/gjefsjo.no\/wp-content\/uploads\/2020\/10\/gjefsjoakevitt-1024x498.jpg\" data-fancybox=\"images\" title=\"Gjefsj\u00f8akevitt\" data-caption=\"\" data-description=\"\" itemprop=\"contentUrl\">\n\t\t<img decoding=\"async\" src=\"http:\/\/gjefsjo.no\/wp-content\/uploads\/2020\/10\/gjefsjoakevitt-300x300.jpg\" alt=\"\" data-no-lazy=\"1\" itemprop=\"thumbnail\" \/>\n\t\t\t<!-- Overlay Wrapper -->\n\t\t\t <!-- Overlay Wrapper Closed -->\n\t\t\t\t<\/a>\n\t\t\t\t\t\t\t<meta itemprop=\"width\" content=\"300\">\n\t\t\t<meta itemprop=\"height\" content=\"300\">\n\t\t\t\t<a href=\"http:\/\/gjefsjo.no\/wp-content\/uploads\/2020\/10\/gjefsjoakevitt.png\" data-fancybox=\"images\" title=\"Gjefsj\u00f8akevitt\" data-caption=\"\" data-description=\"\" itemprop=\"contentUrl\">\n\t\t<img decoding=\"async\" src=\"http:\/\/gjefsjo.no\/wp-content\/uploads\/2020\/10\/gjefsjoakevitt-300x300.png\" alt=\"\" data-no-lazy=\"1\" itemprop=\"thumbnail\" \/>\n\t\t\t<!-- Overlay Wrapper -->\n\t\t\t <!-- Overlay Wrapper Closed -->\n\t\t\t\t<\/a>\n\t\t\t\t\t\t\t<meta itemprop=\"width\" content=\"300\">\n\t\t\t<meta itemprop=\"height\" content=\"300\">\n\t\t\t\t<a href=\"http:\/\/gjefsjo.no\/wp-content\/uploads\/2020\/10\/tunbalderbra2-jim-andre-stene.jpg\" data-fancybox=\"images\" title=\"Tunbalderbr\u00e5\" data-caption=\"Photo: Jim Andre Stene\" data-description=\"\" itemprop=\"contentUrl\">\n\t\t<img decoding=\"async\" src=\"http:\/\/gjefsjo.no\/wp-content\/uploads\/2020\/10\/tunbalderbra2-jim-andre-stene-300x300.jpg\" alt=\"Tunbalderbr\u00e5\" data-no-lazy=\"1\" itemprop=\"thumbnail\" \/>\n\t\t\t<!-- Overlay Wrapper -->\n\t\t\t <!-- Overlay Wrapper Closed -->\n\t\t\t\t<\/a>\n\t\t\t\t\t\t\t<meta itemprop=\"width\" content=\"300\">\n\t\t\t<meta itemprop=\"height\" content=\"300\">\n\t\t\t\t<a href=\"http:\/\/gjefsjo.no\/wp-content\/uploads\/2020\/10\/tunbalderbra-jim-andre-stene.jpg\" data-fancybox=\"images\" title=\"Tunbalderbr\u00e5\" data-caption=\"Photo: Jim Andre Stene\" data-description=\"\" itemprop=\"contentUrl\">\n\t\t<img decoding=\"async\" src=\"http:\/\/gjefsjo.no\/wp-content\/uploads\/2020\/10\/tunbalderbra-jim-andre-stene-300x300.jpg\" alt=\"Tunbalderbr\u00e5\" data-no-lazy=\"1\" itemprop=\"thumbnail\" \/>\n\t\t\t<!-- Overlay Wrapper -->\n\t\t\t <!-- Overlay Wrapper Closed -->\n\t\t\t\t<\/a>\n\t\t\t\t\t\t\t<meta itemprop=\"width\" content=\"300\">\n\t\t\t<meta itemprop=\"height\" content=\"300\">\n\t\t\t\t<a href=\"http:\/\/gjefsjo.no\/wp-content\/uploads\/2020\/10\/gjefsjo3-1024x498.jpg\" data-fancybox=\"images\" title=\"Gjefsj\u00f83\" data-caption=\"Bygningen som var hovedkvarter for Operasjon Rype v\u00e5ren 1945\" data-description=\"\" itemprop=\"contentUrl\">\n\t\t<img decoding=\"async\" src=\"http:\/\/gjefsjo.no\/wp-content\/uploads\/2020\/10\/gjefsjo3-300x300.jpg\" alt=\"\" data-no-lazy=\"1\" itemprop=\"thumbnail\" \/>\n\t\t\t<!-- Overlay Wrapper -->\n\t\t\t <!-- Overlay Wrapper Closed -->\n\t\t\t\t<\/a>\n\t\t\t\t\t\t\t<meta itemprop=\"width\" content=\"300\">\n\t\t\t<meta itemprop=\"height\" content=\"300\">\n\t\t\t\t<a href=\"http:\/\/gjefsjo.no\/wp-content\/uploads\/2020\/10\/gjefsjo6-1024x498.jpg\" data-fancybox=\"images\" title=\"Gjefsj\u00f86\" data-caption=\"Restaurering av bygningen som var hovedkvarter for Operasjon Rype restaureres av OSS Gjefsj\u00f8en\" data-description=\"\" itemprop=\"contentUrl\">\n\t\t<img decoding=\"async\" src=\"http:\/\/gjefsjo.no\/wp-content\/uploads\/2020\/10\/gjefsjo6-300x300.jpg\" alt=\"\" data-no-lazy=\"1\" itemprop=\"thumbnail\" \/>\n\t\t\t<!-- Overlay Wrapper -->\n\t\t\t <!-- Overlay Wrapper Closed -->\n\t\t\t\t<\/a>\n\t\t\t\t\t\t\t<meta itemprop=\"width\" content=\"300\">\n\t\t\t<meta itemprop=\"height\" content=\"300\">\n\t\t\t\t<a href=\"http:\/\/gjefsjo.no\/wp-content\/uploads\/2020\/10\/rype8-1024x687.jpg\" data-fancybox=\"images\" title=\"Rype8\" data-caption=\"Fra Operasjon Rype p\u00e5 Gjefsj\u00f8en fjellg\u00e5rd\" data-description=\"\" itemprop=\"contentUrl\">\n\t\t<img decoding=\"async\" src=\"http:\/\/gjefsjo.no\/wp-content\/uploads\/2020\/10\/rype8-300x300.jpg\" alt=\"\" data-no-lazy=\"1\" itemprop=\"thumbnail\" \/>\n\t\t\t<!-- Overlay Wrapper -->\n\t\t\t <!-- Overlay Wrapper Closed -->\n\t\t\t\t<\/a>\n\t\t\t\t\t\t\t<meta itemprop=\"width\" content=\"300\">\n\t\t\t<meta itemprop=\"height\" content=\"300\">\n\t\t\t\t<a href=\"http:\/\/gjefsjo.no\/wp-content\/uploads\/2020\/10\/gjefsjoen4-1024x498.jpg\" data-fancybox=\"images\" title=\"Gjefsj\u00f8en4\" data-caption=\"\" data-description=\"\" itemprop=\"contentUrl\">\n\t\t<img decoding=\"async\" src=\"http:\/\/gjefsjo.no\/wp-content\/uploads\/2020\/10\/gjefsjoen4-300x300.jpg\" alt=\"\" data-no-lazy=\"1\" itemprop=\"thumbnail\" \/>\n\t\t\t<!-- Overlay Wrapper -->\n\t\t\t <!-- Overlay Wrapper Closed -->\n\t\t\t\t<\/a>\n\t\t\t\t\t\t\t<meta itemprop=\"width\" content=\"300\">\n\t\t\t<meta itemprop=\"height\" content=\"300\">\n\t\t\t\t<a href=\"http:\/\/gjefsjo.no\/wp-content\/uploads\/2020\/10\/fb_img_1587793429096-1024x1447.jpg\" data-fancybox=\"images\" title=\"FB_IMG_1587793429096\" data-caption=\"Fra Operasjon Rype\" data-description=\"\" itemprop=\"contentUrl\">\n\t\t<img decoding=\"async\" src=\"http:\/\/gjefsjo.no\/wp-content\/uploads\/2020\/10\/fb_img_1587793429096-300x300.jpg\" alt=\"\" data-no-lazy=\"1\" itemprop=\"thumbnail\" \/>\n\t\t\t<!-- Overlay Wrapper -->\n\t\t\t <!-- Overlay Wrapper Closed -->\n\t\t\t\t<\/a>\n\t\t\t\t\t\t\t<meta itemprop=\"width\" content=\"300\">\n\t\t\t<meta itemprop=\"height\" content=\"300\">\n","protected":false},"excerpt":{"rendered":"<p>Lorem ipsum dolor sit amet, consectetur adipiscing elit. Aliquam congue molestie mi eget lacinia. Quisque eu finibus diam. Sed vitae tincidunt purus. Suspendisse sed mauris risus. Ut ac tempor nisi. Praesent cursus sem metus, vitae euismod felis cursus sed. Donec blandit eget justo at sagittis. Nunc pharetra ligula non luctus tempor. Phasellus ac augue erat.&hellip;<\/p>\n","protected":false},"author":6,"featured_media":4382,"parent":0,"menu_order":12,"comment_status":"closed","ping_status":"closed","template":"","meta":{"_acf_changed":false,"_analytify_skip_tracking":false,"footnotes":""},"class_list":["post-4301","page","type-page","status-publish","has-post-thumbnail","hentry"],"acf":[],"yoast_head":"<!-- This site is optimized with the Yoast SEO plugin v27.2 - https:\/\/yoast.com\/product\/yoast-seo-wordpress\/ -->\n<title>History - Gjefsj\u00f8en Fjellg\u00e5rd<\/title>\n<meta name=\"description\" content=\"Gjefsj\u00f8en mountain farm has been inhabited since the 1790&#039;thies. During Second World War Operasjon Rype had it&#039;s headquarter at Gjefsj\u00f8en.\" \/>\n<meta name=\"robots\" content=\"index, follow, max-snippet:-1, max-image-preview:large, max-video-preview:-1\" \/>\n<link rel=\"canonical\" href=\"https:\/\/gjefsjo.no\/en\/history\/\" \/>\n<meta property=\"og:locale\" content=\"en_US\" \/>\n<meta property=\"og:type\" content=\"article\" \/>\n<meta property=\"og:title\" content=\"History - Gjefsj\u00f8en Fjellg\u00e5rd\" \/>\n<meta property=\"og:description\" content=\"Gjefsj\u00f8en mountain farm has been inhabited since the 1790&#039;thies. During Second World War Operasjon Rype had it&#039;s headquarter at Gjefsj\u00f8en.\" \/>\n<meta property=\"og:url\" content=\"https:\/\/gjefsjo.no\/en\/history\/\" \/>\n<meta property=\"og:site_name\" content=\"Gjefsj\u00f8en Fjellg\u00e5rd\" \/>\n<meta property=\"article:publisher\" content=\"https:\/\/facebook.com\/gjefsjoenfjellgard\" \/>\n<meta property=\"article:modified_time\" content=\"2021-04-20T20:45:49+00:00\" \/>\n<meta property=\"og:image\" content=\"https:\/\/gjefsjo.no\/wp-content\/uploads\/2020\/12\/bilder-fra-tidligere-tider-519-panorama-e1607283022876.jpg\" \/>\n\t<meta property=\"og:image:width\" content=\"2000\" \/>\n\t<meta property=\"og:image:height\" content=\"1125\" \/>\n\t<meta property=\"og:image:type\" content=\"image\/jpeg\" \/>\n<meta name=\"twitter:card\" content=\"summary_large_image\" \/>\n<meta name=\"twitter:label1\" content=\"Est. reading time\" \/>\n\t<meta name=\"twitter:data1\" content=\"1 minute\" \/>\n<script type=\"application\/ld+json\" class=\"yoast-schema-graph\">{\"@context\":\"https:\/\/schema.org\",\"@graph\":[{\"@type\":\"WebPage\",\"@id\":\"https:\/\/gjefsjo.no\/en\/history\/\",\"url\":\"https:\/\/gjefsjo.no\/en\/history\/\",\"name\":\"History - Gjefsj\u00f8en Fjellg\u00e5rd\",\"isPartOf\":{\"@id\":\"https:\/\/gjefsjo.no\/#website\"},\"primaryImageOfPage\":{\"@id\":\"https:\/\/gjefsjo.no\/en\/history\/#primaryimage\"},\"image\":{\"@id\":\"https:\/\/gjefsjo.no\/en\/history\/#primaryimage\"},\"thumbnailUrl\":\"https:\/\/gjefsjo.no\/wp-content\/uploads\/2020\/12\/bilder-fra-tidligere-tider-519-panorama-e1607283022876.jpg\",\"datePublished\":\"2020-11-23T10:29:55+00:00\",\"dateModified\":\"2021-04-20T20:45:49+00:00\",\"description\":\"Gjefsj\u00f8en mountain farm has been inhabited since the 1790'thies. During Second World War Operasjon Rype had it's headquarter at Gjefsj\u00f8en.\",\"breadcrumb\":{\"@id\":\"https:\/\/gjefsjo.no\/en\/history\/#breadcrumb\"},\"inLanguage\":\"en-US\",\"potentialAction\":[{\"@type\":\"ReadAction\",\"target\":[\"https:\/\/gjefsjo.no\/en\/history\/\"]}]},{\"@type\":\"ImageObject\",\"inLanguage\":\"en-US\",\"@id\":\"https:\/\/gjefsjo.no\/en\/history\/#primaryimage\",\"url\":\"https:\/\/gjefsjo.no\/wp-content\/uploads\/2020\/12\/bilder-fra-tidligere-tider-519-panorama-e1607283022876.jpg\",\"contentUrl\":\"https:\/\/gjefsjo.no\/wp-content\/uploads\/2020\/12\/bilder-fra-tidligere-tider-519-panorama-e1607283022876.jpg\",\"width\":2000,\"height\":1125,\"caption\":\"Gjefsj\u00f8en Fjellg\u00e5rd bilder fra tidligere tider\"},{\"@type\":\"BreadcrumbList\",\"@id\":\"https:\/\/gjefsjo.no\/en\/history\/#breadcrumb\",\"itemListElement\":[{\"@type\":\"ListItem\",\"position\":1,\"name\":\"Hjem\",\"item\":\"https:\/\/gjefsjo.no\/en\/\"},{\"@type\":\"ListItem\",\"position\":2,\"name\":\"History\"}]},{\"@type\":\"WebSite\",\"@id\":\"https:\/\/gjefsjo.no\/#website\",\"url\":\"https:\/\/gjefsjo.no\/\",\"name\":\"Gjefsj\u00f8en Fjellg\u00e5rd\",\"description\":\"Fjellg\u00e5rd ved idylliske Gjefsj\u00f8en\",\"publisher\":{\"@id\":\"https:\/\/gjefsjo.no\/#organization\"},\"potentialAction\":[{\"@type\":\"SearchAction\",\"target\":{\"@type\":\"EntryPoint\",\"urlTemplate\":\"https:\/\/gjefsjo.no\/?s={search_term_string}\"},\"query-input\":{\"@type\":\"PropertyValueSpecification\",\"valueRequired\":true,\"valueName\":\"search_term_string\"}}],\"inLanguage\":\"en-US\"},{\"@type\":\"Organization\",\"@id\":\"https:\/\/gjefsjo.no\/#organization\",\"name\":\"Gjefsj\u00f8en Fjellg\u00e5rd\",\"url\":\"https:\/\/gjefsjo.no\/\",\"logo\":{\"@type\":\"ImageObject\",\"inLanguage\":\"en-US\",\"@id\":\"https:\/\/gjefsjo.no\/#\/schema\/logo\/image\/\",\"url\":\"\",\"contentUrl\":\"\",\"caption\":\"Gjefsj\u00f8en Fjellg\u00e5rd\"},\"image\":{\"@id\":\"https:\/\/gjefsjo.no\/#\/schema\/logo\/image\/\"},\"sameAs\":[\"https:\/\/facebook.com\/gjefsjoenfjellgard\",\"https:\/\/www.instagram.com\/gjefsjoenfjellgard\",\"https:\/\/www.linkedin.com\/in\/gjefsjo\/\",\"https:\/\/www.youtube.com\/channel\/UCOC8u2CHZHUEl20KkbPnKsA\",\"https:\/\/no.wikipedia.org\/wiki\/Gjefsjen_Fjellgrd\"]}]}<\/script>\n<!-- \/ Yoast SEO plugin. -->","yoast_head_json":{"title":"History - Gjefsj\u00f8en Fjellg\u00e5rd","description":"Gjefsj\u00f8en mountain farm has been inhabited since the 1790'thies. During Second World War Operasjon Rype had it's headquarter at Gjefsj\u00f8en.","robots":{"index":"index","follow":"follow","max-snippet":"max-snippet:-1","max-image-preview":"max-image-preview:large","max-video-preview":"max-video-preview:-1"},"canonical":"https:\/\/gjefsjo.no\/en\/history\/","og_locale":"en_US","og_type":"article","og_title":"History - Gjefsj\u00f8en Fjellg\u00e5rd","og_description":"Gjefsj\u00f8en mountain farm has been inhabited since the 1790'thies. During Second World War Operasjon Rype had it's headquarter at Gjefsj\u00f8en.","og_url":"https:\/\/gjefsjo.no\/en\/history\/","og_site_name":"Gjefsj\u00f8en Fjellg\u00e5rd","article_publisher":"https:\/\/facebook.com\/gjefsjoenfjellgard","article_modified_time":"2021-04-20T20:45:49+00:00","og_image":[{"width":2000,"height":1125,"url":"https:\/\/gjefsjo.no\/wp-content\/uploads\/2020\/12\/bilder-fra-tidligere-tider-519-panorama-e1607283022876.jpg","type":"image\/jpeg"}],"twitter_card":"summary_large_image","twitter_misc":{"Est. reading time":"1 minute"},"schema":{"@context":"https:\/\/schema.org","@graph":[{"@type":"WebPage","@id":"https:\/\/gjefsjo.no\/en\/history\/","url":"https:\/\/gjefsjo.no\/en\/history\/","name":"History - Gjefsj\u00f8en Fjellg\u00e5rd","isPartOf":{"@id":"https:\/\/gjefsjo.no\/#website"},"primaryImageOfPage":{"@id":"https:\/\/gjefsjo.no\/en\/history\/#primaryimage"},"image":{"@id":"https:\/\/gjefsjo.no\/en\/history\/#primaryimage"},"thumbnailUrl":"https:\/\/gjefsjo.no\/wp-content\/uploads\/2020\/12\/bilder-fra-tidligere-tider-519-panorama-e1607283022876.jpg","datePublished":"2020-11-23T10:29:55+00:00","dateModified":"2021-04-20T20:45:49+00:00","description":"Gjefsj\u00f8en mountain farm has been inhabited since the 1790'thies. During Second World War Operasjon Rype had it's headquarter at Gjefsj\u00f8en.","breadcrumb":{"@id":"https:\/\/gjefsjo.no\/en\/history\/#breadcrumb"},"inLanguage":"en-US","potentialAction":[{"@type":"ReadAction","target":["https:\/\/gjefsjo.no\/en\/history\/"]}]},{"@type":"ImageObject","inLanguage":"en-US","@id":"https:\/\/gjefsjo.no\/en\/history\/#primaryimage","url":"https:\/\/gjefsjo.no\/wp-content\/uploads\/2020\/12\/bilder-fra-tidligere-tider-519-panorama-e1607283022876.jpg","contentUrl":"https:\/\/gjefsjo.no\/wp-content\/uploads\/2020\/12\/bilder-fra-tidligere-tider-519-panorama-e1607283022876.jpg","width":2000,"height":1125,"caption":"Gjefsj\u00f8en Fjellg\u00e5rd bilder fra tidligere tider"},{"@type":"BreadcrumbList","@id":"https:\/\/gjefsjo.no\/en\/history\/#breadcrumb","itemListElement":[{"@type":"ListItem","position":1,"name":"Hjem","item":"https:\/\/gjefsjo.no\/en\/"},{"@type":"ListItem","position":2,"name":"History"}]},{"@type":"WebSite","@id":"https:\/\/gjefsjo.no\/#website","url":"https:\/\/gjefsjo.no\/","name":"Gjefsj\u00f8en Fjellg\u00e5rd","description":"Fjellg\u00e5rd ved idylliske Gjefsj\u00f8en","publisher":{"@id":"https:\/\/gjefsjo.no\/#organization"},"potentialAction":[{"@type":"SearchAction","target":{"@type":"EntryPoint","urlTemplate":"https:\/\/gjefsjo.no\/?s={search_term_string}"},"query-input":{"@type":"PropertyValueSpecification","valueRequired":true,"valueName":"search_term_string"}}],"inLanguage":"en-US"},{"@type":"Organization","@id":"https:\/\/gjefsjo.no\/#organization","name":"Gjefsj\u00f8en Fjellg\u00e5rd","url":"https:\/\/gjefsjo.no\/","logo":{"@type":"ImageObject","inLanguage":"en-US","@id":"https:\/\/gjefsjo.no\/#\/schema\/logo\/image\/","url":"","contentUrl":"","caption":"Gjefsj\u00f8en Fjellg\u00e5rd"},"image":{"@id":"https:\/\/gjefsjo.no\/#\/schema\/logo\/image\/"},"sameAs":["https:\/\/facebook.com\/gjefsjoenfjellgard","https:\/\/www.instagram.com\/gjefsjoenfjellgard","https:\/\/www.linkedin.com\/in\/gjefsjo\/","https:\/\/www.youtube.com\/channel\/UCOC8u2CHZHUEl20KkbPnKsA","https:\/\/no.wikipedia.org\/wiki\/Gjefsjen_Fjellgrd"]}]}},"_links":{"self":[{"href":"https:\/\/gjefsjo.no\/en\/wp-json\/wp\/v2\/pages\/4301","targetHints":{"allow":["GET"]}}],"collection":[{"href":"https:\/\/gjefsjo.no\/en\/wp-json\/wp\/v2\/pages"}],"about":[{"href":"https:\/\/gjefsjo.no\/en\/wp-json\/wp\/v2\/types\/page"}],"author":[{"embeddable":true,"href":"https:\/\/gjefsjo.no\/en\/wp-json\/wp\/v2\/users\/6"}],"replies":[{"embeddable":true,"href":"https:\/\/gjefsjo.no\/en\/wp-json\/wp\/v2\/comments?post=4301"}],"version-history":[{"count":0,"href":"https:\/\/gjefsjo.no\/en\/wp-json\/wp\/v2\/pages\/4301\/revisions"}],"wp:featuredmedia":[{"embeddable":true,"href":"https:\/\/gjefsjo.no\/en\/wp-json\/wp\/v2\/media\/4382"}],"wp:attachment":[{"href":"https:\/\/gjefsjo.no\/en\/wp-json\/wp\/v2\/media?parent=4301"}],"curies":[{"name":"wp","href":"https:\/\/api.w.org\/{rel}","templated":true}]}}