{"id":3808,"date":"2018-10-03T10:32:29","date_gmt":"2018-10-03T10:32:29","guid":{"rendered":"http:\/\/gjefsjo.no\/kontakt\/"},"modified":"2021-04-20T22:45:52","modified_gmt":"2021-04-20T20:45:52","slug":"contact","status":"publish","type":"page","link":"https:\/\/gjefsjo.no\/en\/contact\/","title":{"rendered":"Contact us"},"content":{"rendered":"\n<h2>\n\t\tLorem\n\t<\/h2>\n\tNemo enim ipsam voluptatem quia voluptas sit aspernatur<br>\naut odit aut fugit, quia voluptas sit aspernatur aut.\n<h3>\n\t\tAdresse\n\t<\/h3>\n<h3>\n\t\tTelefon\n\t<\/h3>\n\t\n<h3>\n\t\tMail\n\t<\/h3>\n\t\n\t<iframe loading=\"lazy\" src=\"https:\/\/snazzymaps.com\/embed\/268530\" width=\"100%\" height=\"600px\"><\/iframe>\n","protected":false},"excerpt":{"rendered":"<p>Lorem Nemo enim ipsam voluptatem quia voluptas sit aspernatur aut odit aut fugit, quia voluptas sit aspernatur aut. Adresse Telefon Mail<\/p>\n","protected":false},"author":6,"featured_media":4332,"parent":0,"menu_order":32,"comment_status":"closed","ping_status":"closed","template":"","meta":{"_acf_changed":false,"_analytify_skip_tracking":false,"footnotes":""},"class_list":["post-3808","page","type-page","status-publish","has-post-thumbnail","hentry"],"acf":[],"yoast_head":"<!-- This site is optimized with the Yoast SEO plugin v27.2 - https:\/\/yoast.com\/product\/yoast-seo-wordpress\/ -->\n<title>Contact us - Gjefsj\u00f8en Fjellg\u00e5rd | E-mail | Phone | Facebook | Instagram<\/title>\n<meta name=\"description\" content=\"You can find us by e-mail, phone, Facebook, Instagram and Youtube. You are also welcome to visit us by the Gjefsj\u00f8en lake in Sn\u00e5sa.\" \/>\n<meta name=\"robots\" content=\"index, follow, max-snippet:-1, max-image-preview:large, max-video-preview:-1\" \/>\n<link rel=\"canonical\" href=\"https:\/\/gjefsjo.no\/en\/contact\/\" \/>\n<meta property=\"og:locale\" content=\"en_US\" \/>\n<meta property=\"og:type\" content=\"article\" \/>\n<meta property=\"og:title\" content=\"Contact us - Gjefsj\u00f8en Fjellg\u00e5rd | E-mail | Phone | Facebook | Instagram\" \/>\n<meta property=\"og:description\" content=\"You can find us by e-mail, phone, Facebook, Instagram and Youtube. You are also welcome to visit us by the Gjefsj\u00f8en lake in Sn\u00e5sa.\" \/>\n<meta property=\"og:url\" content=\"https:\/\/gjefsjo.no\/en\/contact\/\" \/>\n<meta property=\"og:site_name\" content=\"Gjefsj\u00f8en Fjellg\u00e5rd\" \/>\n<meta property=\"article:publisher\" content=\"https:\/\/facebook.com\/gjefsjoenfjellgard\" \/>\n<meta property=\"article:modified_time\" content=\"2021-04-20T20:45:52+00:00\" \/>\n<meta property=\"og:image\" content=\"https:\/\/gjefsjo.no\/wp-content\/uploads\/2020\/12\/sommer-pa-gjefsjoen-fjellgard-foto-lars-bugge-aarset-e1607205402344.jpg\" \/>\n\t<meta property=\"og:image:width\" content=\"2000\" \/>\n\t<meta property=\"og:image:height\" content=\"972\" \/>\n\t<meta property=\"og:image:type\" content=\"image\/jpeg\" \/>\n<meta name=\"twitter:card\" content=\"summary_large_image\" \/>\n<script type=\"application\/ld+json\" class=\"yoast-schema-graph\">{\"@context\":\"https:\/\/schema.org\",\"@graph\":[{\"@type\":\"WebPage\",\"@id\":\"https:\/\/gjefsjo.no\/en\/contact\/\",\"url\":\"https:\/\/gjefsjo.no\/en\/contact\/\",\"name\":\"Contact us - Gjefsj\u00f8en Fjellg\u00e5rd | E-mail | Phone | Facebook | Instagram\",\"isPartOf\":{\"@id\":\"https:\/\/gjefsjo.no\/#website\"},\"primaryImageOfPage\":{\"@id\":\"https:\/\/gjefsjo.no\/en\/contact\/#primaryimage\"},\"image\":{\"@id\":\"https:\/\/gjefsjo.no\/en\/contact\/#primaryimage\"},\"thumbnailUrl\":\"https:\/\/gjefsjo.no\/wp-content\/uploads\/2020\/12\/sommer-pa-gjefsjoen-fjellgard-foto-lars-bugge-aarset-e1607205402344.jpg\",\"datePublished\":\"2018-10-03T10:32:29+00:00\",\"dateModified\":\"2021-04-20T20:45:52+00:00\",\"description\":\"You can find us by e-mail, phone, Facebook, Instagram and Youtube. You are also welcome to visit us by the Gjefsj\u00f8en lake in Sn\u00e5sa.\",\"breadcrumb\":{\"@id\":\"https:\/\/gjefsjo.no\/en\/contact\/#breadcrumb\"},\"inLanguage\":\"en-US\",\"potentialAction\":[{\"@type\":\"ReadAction\",\"target\":[\"https:\/\/gjefsjo.no\/en\/contact\/\"]}]},{\"@type\":\"ImageObject\",\"inLanguage\":\"en-US\",\"@id\":\"https:\/\/gjefsjo.no\/en\/contact\/#primaryimage\",\"url\":\"https:\/\/gjefsjo.no\/wp-content\/uploads\/2020\/12\/sommer-pa-gjefsjoen-fjellgard-foto-lars-bugge-aarset-e1607205402344.jpg\",\"contentUrl\":\"https:\/\/gjefsjo.no\/wp-content\/uploads\/2020\/12\/sommer-pa-gjefsjoen-fjellgard-foto-lars-bugge-aarset-e1607205402344.jpg\",\"width\":2000,\"height\":972,\"caption\":\"Sommer p\u00e5 Gjefsj\u00f8en Fjellg\u00e5rd\"},{\"@type\":\"BreadcrumbList\",\"@id\":\"https:\/\/gjefsjo.no\/en\/contact\/#breadcrumb\",\"itemListElement\":[{\"@type\":\"ListItem\",\"position\":1,\"name\":\"Hjem\",\"item\":\"https:\/\/gjefsjo.no\/en\/\"},{\"@type\":\"ListItem\",\"position\":2,\"name\":\"Contact us\"}]},{\"@type\":\"WebSite\",\"@id\":\"https:\/\/gjefsjo.no\/#website\",\"url\":\"https:\/\/gjefsjo.no\/\",\"name\":\"Gjefsj\u00f8en Fjellg\u00e5rd\",\"description\":\"Fjellg\u00e5rd ved idylliske Gjefsj\u00f8en\",\"publisher\":{\"@id\":\"https:\/\/gjefsjo.no\/#organization\"},\"potentialAction\":[{\"@type\":\"SearchAction\",\"target\":{\"@type\":\"EntryPoint\",\"urlTemplate\":\"https:\/\/gjefsjo.no\/?s={search_term_string}\"},\"query-input\":{\"@type\":\"PropertyValueSpecification\",\"valueRequired\":true,\"valueName\":\"search_term_string\"}}],\"inLanguage\":\"en-US\"},{\"@type\":\"Organization\",\"@id\":\"https:\/\/gjefsjo.no\/#organization\",\"name\":\"Gjefsj\u00f8en Fjellg\u00e5rd\",\"url\":\"https:\/\/gjefsjo.no\/\",\"logo\":{\"@type\":\"ImageObject\",\"inLanguage\":\"en-US\",\"@id\":\"https:\/\/gjefsjo.no\/#\/schema\/logo\/image\/\",\"url\":\"\",\"contentUrl\":\"\",\"caption\":\"Gjefsj\u00f8en Fjellg\u00e5rd\"},\"image\":{\"@id\":\"https:\/\/gjefsjo.no\/#\/schema\/logo\/image\/\"},\"sameAs\":[\"https:\/\/facebook.com\/gjefsjoenfjellgard\",\"https:\/\/www.instagram.com\/gjefsjoenfjellgard\",\"https:\/\/www.linkedin.com\/in\/gjefsjo\/\",\"https:\/\/www.youtube.com\/channel\/UCOC8u2CHZHUEl20KkbPnKsA\",\"https:\/\/no.wikipedia.org\/wiki\/Gjefsjen_Fjellgrd\"]}]}<\/script>\n<!-- \/ Yoast SEO plugin. -->","yoast_head_json":{"title":"Contact us - Gjefsj\u00f8en Fjellg\u00e5rd | E-mail | Phone | Facebook | Instagram","description":"You can find us by e-mail, phone, Facebook, Instagram and Youtube. You are also welcome to visit us by the Gjefsj\u00f8en lake in Sn\u00e5sa.","robots":{"index":"index","follow":"follow","max-snippet":"max-snippet:-1","max-image-preview":"max-image-preview:large","max-video-preview":"max-video-preview:-1"},"canonical":"https:\/\/gjefsjo.no\/en\/contact\/","og_locale":"en_US","og_type":"article","og_title":"Contact us - Gjefsj\u00f8en Fjellg\u00e5rd | E-mail | Phone | Facebook | Instagram","og_description":"You can find us by e-mail, phone, Facebook, Instagram and Youtube. You are also welcome to visit us by the Gjefsj\u00f8en lake in Sn\u00e5sa.","og_url":"https:\/\/gjefsjo.no\/en\/contact\/","og_site_name":"Gjefsj\u00f8en Fjellg\u00e5rd","article_publisher":"https:\/\/facebook.com\/gjefsjoenfjellgard","article_modified_time":"2021-04-20T20:45:52+00:00","og_image":[{"width":2000,"height":972,"url":"https:\/\/gjefsjo.no\/wp-content\/uploads\/2020\/12\/sommer-pa-gjefsjoen-fjellgard-foto-lars-bugge-aarset-e1607205402344.jpg","type":"image\/jpeg"}],"twitter_card":"summary_large_image","schema":{"@context":"https:\/\/schema.org","@graph":[{"@type":"WebPage","@id":"https:\/\/gjefsjo.no\/en\/contact\/","url":"https:\/\/gjefsjo.no\/en\/contact\/","name":"Contact us - Gjefsj\u00f8en Fjellg\u00e5rd | E-mail | Phone | Facebook | Instagram","isPartOf":{"@id":"https:\/\/gjefsjo.no\/#website"},"primaryImageOfPage":{"@id":"https:\/\/gjefsjo.no\/en\/contact\/#primaryimage"},"image":{"@id":"https:\/\/gjefsjo.no\/en\/contact\/#primaryimage"},"thumbnailUrl":"https:\/\/gjefsjo.no\/wp-content\/uploads\/2020\/12\/sommer-pa-gjefsjoen-fjellgard-foto-lars-bugge-aarset-e1607205402344.jpg","datePublished":"2018-10-03T10:32:29+00:00","dateModified":"2021-04-20T20:45:52+00:00","description":"You can find us by e-mail, phone, Facebook, Instagram and Youtube. You are also welcome to visit us by the Gjefsj\u00f8en lake in Sn\u00e5sa.","breadcrumb":{"@id":"https:\/\/gjefsjo.no\/en\/contact\/#breadcrumb"},"inLanguage":"en-US","potentialAction":[{"@type":"ReadAction","target":["https:\/\/gjefsjo.no\/en\/contact\/"]}]},{"@type":"ImageObject","inLanguage":"en-US","@id":"https:\/\/gjefsjo.no\/en\/contact\/#primaryimage","url":"https:\/\/gjefsjo.no\/wp-content\/uploads\/2020\/12\/sommer-pa-gjefsjoen-fjellgard-foto-lars-bugge-aarset-e1607205402344.jpg","contentUrl":"https:\/\/gjefsjo.no\/wp-content\/uploads\/2020\/12\/sommer-pa-gjefsjoen-fjellgard-foto-lars-bugge-aarset-e1607205402344.jpg","width":2000,"height":972,"caption":"Sommer p\u00e5 Gjefsj\u00f8en Fjellg\u00e5rd"},{"@type":"BreadcrumbList","@id":"https:\/\/gjefsjo.no\/en\/contact\/#breadcrumb","itemListElement":[{"@type":"ListItem","position":1,"name":"Hjem","item":"https:\/\/gjefsjo.no\/en\/"},{"@type":"ListItem","position":2,"name":"Contact us"}]},{"@type":"WebSite","@id":"https:\/\/gjefsjo.no\/#website","url":"https:\/\/gjefsjo.no\/","name":"Gjefsj\u00f8en Fjellg\u00e5rd","description":"Fjellg\u00e5rd ved idylliske Gjefsj\u00f8en","publisher":{"@id":"https:\/\/gjefsjo.no\/#organization"},"potentialAction":[{"@type":"SearchAction","target":{"@type":"EntryPoint","urlTemplate":"https:\/\/gjefsjo.no\/?s={search_term_string}"},"query-input":{"@type":"PropertyValueSpecification","valueRequired":true,"valueName":"search_term_string"}}],"inLanguage":"en-US"},{"@type":"Organization","@id":"https:\/\/gjefsjo.no\/#organization","name":"Gjefsj\u00f8en Fjellg\u00e5rd","url":"https:\/\/gjefsjo.no\/","logo":{"@type":"ImageObject","inLanguage":"en-US","@id":"https:\/\/gjefsjo.no\/#\/schema\/logo\/image\/","url":"","contentUrl":"","caption":"Gjefsj\u00f8en Fjellg\u00e5rd"},"image":{"@id":"https:\/\/gjefsjo.no\/#\/schema\/logo\/image\/"},"sameAs":["https:\/\/facebook.com\/gjefsjoenfjellgard","https:\/\/www.instagram.com\/gjefsjoenfjellgard","https:\/\/www.linkedin.com\/in\/gjefsjo\/","https:\/\/www.youtube.com\/channel\/UCOC8u2CHZHUEl20KkbPnKsA","https:\/\/no.wikipedia.org\/wiki\/Gjefsjen_Fjellgrd"]}]}},"_links":{"self":[{"href":"https:\/\/gjefsjo.no\/en\/wp-json\/wp\/v2\/pages\/3808","targetHints":{"allow":["GET"]}}],"collection":[{"href":"https:\/\/gjefsjo.no\/en\/wp-json\/wp\/v2\/pages"}],"about":[{"href":"https:\/\/gjefsjo.no\/en\/wp-json\/wp\/v2\/types\/page"}],"author":[{"embeddable":true,"href":"https:\/\/gjefsjo.no\/en\/wp-json\/wp\/v2\/users\/6"}],"replies":[{"embeddable":true,"href":"https:\/\/gjefsjo.no\/en\/wp-json\/wp\/v2\/comments?post=3808"}],"version-history":[{"count":0,"href":"https:\/\/gjefsjo.no\/en\/wp-json\/wp\/v2\/pages\/3808\/revisions"}],"wp:featuredmedia":[{"embeddable":true,"href":"https:\/\/gjefsjo.no\/en\/wp-json\/wp\/v2\/media\/4332"}],"wp:attachment":[{"href":"https:\/\/gjefsjo.no\/en\/wp-json\/wp\/v2\/media?parent=3808"}],"curies":[{"name":"wp","href":"https:\/\/api.w.org\/{rel}","templated":true}]}}