{"id":3806,"date":"2020-10-12T11:05:56","date_gmt":"2020-10-12T09:05:56","guid":{"rendered":"http:\/\/gjefsjo.no\/vare-tilbud\/"},"modified":"2021-04-20T22:45:51","modified_gmt":"2021-04-20T20:45:51","slug":"our-offers","status":"publish","type":"page","link":"https:\/\/gjefsjo.no\/en\/our-offers\/","title":{"rendered":"What to do"},"content":{"rendered":"\n<h2>\n\t\tGjefsj\u00f8en offers accomodation, food and activities\n\t<\/h2>\n\t<p>Gjefsj\u00f8en mountain farm offers accommodation and rental of four cabins on the farm in addition to Kasttj\u00f8nnhytta cabin which is located six kilometers west of the farm.<\/p>\n<p>There are good opportunities for fishing in the area, both in Gjefsj\u00f8en itself and in several ponds and lakes in the surrounding area. We have boats for rent and offer boat transport from the Swedish side across Gjefsj\u00f8en. There are also good hunting opportunities, both for large game and small game.<\/p>\n<p>The farm offers food service, it should be ordered in advance.<\/p>\n<p>Visiting Gjefsj\u00f8en is a great trip in itself. There are a number of hiking opportunities in the area, ranging from shorter trips to visiting Gjefsj\u00f8en as part of walking all the way Norway along.<\/p>\n\t<p>Cabins for rent<\/p>\n<h2>\n\t\tAccomodation\n\t<\/h2>\n\t\t\t\t<img decoding=\"async\" src=\"http:\/\/gjefsjo.no\/wp-content\/uploads\/2020\/11\/roedhytta_gjefsjoen.jpg\" alt=\"R\u00f8dhytta_Gjefsjoen\" itemprop=\"image\" title=\"Roedhytta_Gjefsjoen\" onerror=\"this.style.display='none'\" \/>\n<h3>\n\t\tR\u00f8dhytta cabin\n\t<\/h3>\n\t<p>Water and solar power<\/p>\n\t\t\t<a href=\"https:\/\/www.inatur.no\/hytte\/5717f852e4b045a83180df73\/rodhytta-pa-gjefsjoen-fjellgard\" target=\"_blank\" role=\"button\" rel=\"noopener\">\n\t\t\t\t\t\t\tBook at inatur.no\n\t\t\t\t\t<\/a>\n\t\t\t\t<img decoding=\"async\" src=\"http:\/\/gjefsjo.no\/wp-content\/uploads\/2020\/11\/kasttjonnhytta_gjefsjoen.jpg\" alt=\"Kasttj\u00f8nnhytta_Gjefsjoen\" itemprop=\"image\" title=\"Kasttj\u00f8nnhytta_Gjefsjoen\" onerror=\"this.style.display='none'\" \/>\n<h3>\n\t\tKasttj\u00f8nnhytta cabin\n\t<\/h3>\n\t<p>A small cabin located 6 km west of the farm<\/p>\n\t\t\t<a href=\"https:\/\/www.inatur.no\/hytte\/5224cf96e4b0b9036db43736\/kasttjonnhytta-pa-gjefsjoen-fjellgard\" target=\"_blank\" role=\"button\" rel=\"noopener\">\n\t\t\t\t\t\t\tBook at inatur.no\n\t\t\t\t\t<\/a>\n\t\t\t\t<img decoding=\"async\" src=\"http:\/\/gjefsjo.no\/wp-content\/uploads\/2020\/11\/bekkstugu_gjefsjoen.jpg\" alt=\"Bekkstugu_Gjefsjoen\" itemprop=\"image\" title=\"Bekkstugu_Gjefsjoen\" onerror=\"this.style.display='none'\" \/>\n<h3>\n\t\tBekkstuggu cabin\n\t<\/h3>\n\t<p>Probably the oldest building in the farm<\/p>\n\t\t\t<a href=\"https:\/\/www.inatur.no\/hytte\/59733cc9e4b01f57bd88586f\/bekkstuggu-pa-gjefsjoen-fjellgard\" target=\"_blank\" role=\"button\" rel=\"noopener\">\n\t\t\t\t\t\t\tBook at inatur.no\n\t\t\t\t\t<\/a>\n\t\t\t\t<img decoding=\"async\" src=\"http:\/\/gjefsjo.no\/wp-content\/uploads\/2020\/11\/slaattstugu_gjefsjoen.jpg\" alt=\"Slaattstugu_Gjefsjoen\" itemprop=\"image\" title=\"Slaattstugu_Gjefsjoen\" onerror=\"this.style.display='none'\" \/>\n<h3>\n\t\tSl\u00e5ttstuggu cabin\n\t<\/h3>\n\t<p>Hot and cold water, shower, 230V electricity and TV<\/p>\n\t\t\t<a href=\"https:\/\/www.inatur.no\/hytte\/54a733dae4b045065da0286d\/slattstuggu-pa-gjefsjoen-fjellgard-i-snasafjella-en-opplevelse-verdt\" target=\"_blank\" role=\"button\" rel=\"noopener\">\n\t\t\t\t\t\t\tBook at inatur.no\n\t\t\t\t\t<\/a>\n\t<p>Food and drink<\/p>\n<h2>\n\t\tServing\n\t<\/h2>\n\t<p>Gjefsj\u00f8en Fjellg\u00e5rd has the opportunity to serve tasty dishes based on local ingredients.<\/p>\n\t\t\t<a href=\"https:\/\/gjefsjo.no\/en\/contact\/\" target=\"_self\" role=\"button\" rel=\"noopener\">\n\t\t\t\t\t\t\tTo be booked in advance\n\t\t\t\t\t<\/a>\n\t\t\t\t<img decoding=\"async\" src=\"http:\/\/gjefsjo.no\/wp-content\/uploads\/2020\/12\/fisk-2-1024x1024.jpg\" alt=\"Bildet viser fisk p\u00e5 tallerken\" itemprop=\"image\" title=\"R\u00f8kt harr til forrett\" onerror=\"this.style.display='none'\" \/>\n\t\t\t\t<img decoding=\"async\" src=\"http:\/\/gjefsjo.no\/wp-content\/uploads\/2020\/12\/img_6313-rotated.jpg\" alt=\"Bildet viser fisk i kum\" itemprop=\"image\" title=\"Fisk tatt p\u00e5 garn\" onerror=\"this.style.display='none'\" \/>\n\t<p>activities<\/p>\n<h2>\n\t\tHunting and fishing\n\t<\/h2>\n\t<p>Good conditions for outdoor life, hunting and fishing. In Gjevsj\u00f8en and the various mountain lakes around, there is good fishing for trout, char and grayling.<\/p>\n\t\t\t<a href=\"https:\/\/www.inatur.no\/fiske\/522225cbe4b02328c41cf676\/fiske-pa-gjefsjoen-fjellgard\" target=\"_blank\" role=\"button\" rel=\"noopener nofollow\">\n\t\t\t\t\t\t\tBuy licence for fishing at inatur.no\n\t\t\t\t\t<\/a>\n\t\t\t<a href=\"https:\/\/snasafjellstyre.no\/fiskeguide\/\" target=\"_blank\" role=\"button\" rel=\"noopener nofollow\">\n\t\t\t\t\t\t\tRead more about fishing in the area at snasafjellstyre.no\n\t\t\t\t\t<\/a>\n\t<p>activities<\/p>\n<h2>\n\t\tWatch Jens Kvernmo catching big trout Gjevsj\u00f8en\n\t<\/h2>\n\t<p><a href=\"https:\/\/jenskvernmo.no\/\" target=\"_blank\" rel=\"noopener\">Jens Kvernmo<\/a> from Ogndal is a norwegian hunter, outdoorsman and adventurer and author known from the television several TV-series. Jens has visited Sn\u00e5safjella a number of times. In the winter of 2015-2016 he lived for three months in Bl\u00e5fjella-Skj\u00e6kerfjella. He is probably one of those who know the Tr\u00f8ndelag wilderness best. Here you can watch Jens Kvernmo catching big fish at Gjevsj\u00f8en.<\/p>\n\t<iframe loading=\"lazy\" width=\"1131\" height=\"636\" src=\"https:\/\/www.youtube.com\/embed\/bZDTucuM6R0\" frameborder=\"0\" allow=\"accelerometer; autoplay; clipboard-write; encrypted-media; gyroscope; picture-in-picture\" allowfullscreen=\"\"><\/iframe>\n\t\t\t\t<img decoding=\"async\" src=\"http:\/\/gjefsjo.no\/wp-content\/uploads\/2020\/12\/img_0541-2-1024x1024.jpg\" alt=\"Bildet viser b\u00e5ter p\u00e5 elva\" itemprop=\"image\" title=\"Flytting av b\u00e5ter\" onerror=\"this.style.display='none'\" \/>\n\t<p>Activities<\/p>\n<h2>\n\t\tBoats for hire\n\t<\/h2>\n\t<p>Gjefsj\u00f8en mountain farm has several boats for hire<\/p>\n<p>&nbsp;<\/p>\n\t\t\t<a href=\"https:\/\/gjefsjo.no\/en\/contact\/\" target=\"_self\" role=\"button\" rel=\"noopener\">\n\t\t\t\t\t\t\tPlease contact us for hiring a boat\n\t\t\t\t\t<\/a>\n\t<p>activities<\/p>\n<h2>\n\t\tHunting\n\t<\/h2>\n\t<p>There are good conditions for hunting at Gjefsj\u00f8en. At Inatur you can buy hunting licenses for small game on the state property (statsalmenning) in Sn\u00e5sa<\/p>\n\t\t\t<a href=\"https:\/\/www.inatur.no\/jakt\/50e7ede2e4b087563dfa3caf\" target=\"_blank\" role=\"button\" rel=\"noopener\">\n\t\t\t\t\t\t\tHunting license for small game in Sn\u00e5sa\n\t\t\t\t\t<\/a>\n\t\t\t\t<img decoding=\"async\" src=\"http:\/\/gjefsjo.no\/wp-content\/uploads\/2020\/12\/elgjakt-e1607203703419.jpg\" alt=\"Elgjakt p\u00e5 Gjefsj\u00f8en\" itemprop=\"image\" title=\"Elgjakt\" onerror=\"this.style.display='none'\" \/>\n\t\t\t\t<img decoding=\"async\" src=\"http:\/\/gjefsjo.no\/wp-content\/uploads\/2020\/12\/flotte-turmuligheter-pa-gjefsjoen.jpg\" alt=\"Flotte turmuligheter p\u00e5 Gjefsj\u00f8en\" itemprop=\"image\" title=\"Flotte turmuligheter p\u00e5 Gjefsj\u00f8en\" onerror=\"this.style.display='none'\" \/>\n\t<p>Activities<\/p>\n<h2>\n\t\tHiking trips\n\t<\/h2>\n\t<ul>\n<li><a href=\"https:\/\/ut.no\/utforsker\/stedsnavn\/377989\/gjevsjen\/turforslag\" target=\"_blank\" rel=\"noopener\">Gjevsj\u00f8en at UT.no<\/a><\/li>\n<li>Gjefsj\u00f8stien trial Ismenningen<\/li>\n<li>From Lierne<\/li>\n<li>From Holderen<\/li>\n<li>From Sweden<\/li>\n<li><a href=\"https:\/\/www.snasa.no\/besok-oss\/museer-og-historiskesteder\/plukktjonnfjellet-minnepyramide\/\" target=\"_blank\" rel=\"noopener\">War memorial at Plukkutj\u00f8nnfjellet <\/a><\/li>\n<li>S\u00f8ndre og Nordre Gjevsj\u00f8hatt mountains<\/li>\n<li><a href=\"https:\/\/www.snasa.no\/besok-oss\/fjellgarder\/\" target=\"_blank\" rel=\"noopener\">Mountain farms in Sn\u00e5sa<\/a><\/li>\n<li>Gjefsj\u00f8en mountain farm is a normal stop for tourists hiking all the way Norway along<\/li>\n<\/ul>\n<h3>The nature is vulnerable<\/h3>\n<p>Pay attention to both reindeer, restraint and a fire ban. Especially in the national park, it is desirable that traffic is limited to established and marked trails for hiking.<\/p>\n\t<p>Activities<\/p>\n<h2>\n\t\tBl\u00e5fjella-Skj\u00e6kerfjella nasjonalpark\n\t<\/h2>\n\t<p>Bl\u00e5fjella-Skj\u00e6kerfjella (Southern Sami: L\u00e5arte-Sk\u00e6hkere) National Park in Tr\u00f8ndelag is one of the largest national parks in Norway, with fantastic hiking terrain and many plant and animal species. This is Norway&#8217;s 4th largest national park, located in the forest and mountain areas northeast of Tr\u00f8ndelag; to the Swedish border.<\/p>\n\t\t\t<a href=\"https:\/\/nasjonalparken.no\/nasjonalparker\/blafjella-skjaekerfjella-laarte-skaehkere-nasjonalpark\/\" target=\"_blank\" role=\"button\" rel=\"noopener nofollow\">\n\t\t\t\t\t\t\tRead more at nasjonalparken.no\n\t\t\t\t\t<\/a>\n\t\t\t\t<img decoding=\"async\" src=\"http:\/\/gjefsjo.no\/wp-content\/uploads\/2020\/12\/morgenstemning.jpg\" alt=\"Morgenstemning p\u00e5 Gjefsj\u00f8en\" itemprop=\"image\" title=\"Morgenstemning\" onerror=\"this.style.display='none'\">\n","protected":false},"excerpt":{"rendered":"<p>Gjefsj\u00f8en offers accomodation, food and activities Gjefsj\u00f8en mountain farm offers accommodation and rental of four cabins on the farm in addition to Kasttj\u00f8nnhytta cabin which is located six kilometers west of the farm. There are good opportunities for fishing in the area, both in Gjefsj\u00f8en itself and in several ponds and lakes in the surrounding&hellip;<\/p>\n","protected":false},"author":6,"featured_media":4323,"parent":0,"menu_order":29,"comment_status":"closed","ping_status":"closed","template":"","meta":{"_acf_changed":false,"_analytify_skip_tracking":false,"footnotes":""},"class_list":["post-3806","page","type-page","status-publish","has-post-thumbnail","hentry"],"acf":[],"yoast_head":"<!-- This site is optimized with the Yoast SEO plugin v27.2 - https:\/\/yoast.com\/product\/yoast-seo-wordpress\/ -->\n<title>What to do - Gjefsj\u00f8en Fjellg\u00e5rd | Accomodation | Food | Boat transport ! Fishing<\/title>\n<meta name=\"description\" content=\"Gjefsj\u00f8en mountain farm offers accommodation, food, boat hire, boat transport hunting and fishing. Four cabins for hire. Perfect nature for hiking.\" \/>\n<meta name=\"robots\" content=\"index, follow, max-snippet:-1, max-image-preview:large, max-video-preview:-1\" \/>\n<link rel=\"canonical\" href=\"https:\/\/gjefsjo.no\/en\/our-offers\/\" \/>\n<meta property=\"og:locale\" content=\"en_US\" \/>\n<meta property=\"og:type\" content=\"article\" \/>\n<meta property=\"og:title\" content=\"What to do - Gjefsj\u00f8en Fjellg\u00e5rd | Accomodation | Food | Boat transport ! Fishing\" \/>\n<meta property=\"og:description\" content=\"Gjefsj\u00f8en mountain farm offers accommodation, food, boat hire, boat transport hunting and fishing. Four cabins for hire. Perfect nature for hiking.\" \/>\n<meta property=\"og:url\" content=\"https:\/\/gjefsjo.no\/en\/our-offers\/\" \/>\n<meta property=\"og:site_name\" content=\"Gjefsj\u00f8en Fjellg\u00e5rd\" \/>\n<meta property=\"article:publisher\" content=\"https:\/\/facebook.com\/gjefsjoenfjellgard\" \/>\n<meta property=\"article:modified_time\" content=\"2021-04-20T20:45:51+00:00\" \/>\n<meta property=\"og:image\" content=\"https:\/\/gjefsjo.no\/wp-content\/uploads\/2020\/12\/morgenstemning-e1607204139948.jpg\" \/>\n\t<meta property=\"og:image:width\" content=\"2000\" \/>\n\t<meta property=\"og:image:height\" content=\"1500\" \/>\n\t<meta property=\"og:image:type\" content=\"image\/jpeg\" \/>\n<meta name=\"twitter:card\" content=\"summary_large_image\" \/>\n<meta name=\"twitter:label1\" content=\"Est. reading time\" \/>\n\t<meta name=\"twitter:data1\" content=\"3 minutes\" \/>\n<script type=\"application\/ld+json\" class=\"yoast-schema-graph\">{\"@context\":\"https:\/\/schema.org\",\"@graph\":[{\"@type\":\"WebPage\",\"@id\":\"https:\/\/gjefsjo.no\/en\/our-offers\/\",\"url\":\"https:\/\/gjefsjo.no\/en\/our-offers\/\",\"name\":\"What to do - Gjefsj\u00f8en Fjellg\u00e5rd | Accomodation | Food | Boat transport ! Fishing\",\"isPartOf\":{\"@id\":\"https:\/\/gjefsjo.no\/#website\"},\"primaryImageOfPage\":{\"@id\":\"https:\/\/gjefsjo.no\/en\/our-offers\/#primaryimage\"},\"image\":{\"@id\":\"https:\/\/gjefsjo.no\/en\/our-offers\/#primaryimage\"},\"thumbnailUrl\":\"https:\/\/gjefsjo.no\/wp-content\/uploads\/2020\/12\/morgenstemning-e1607204139948.jpg\",\"datePublished\":\"2020-10-12T09:05:56+00:00\",\"dateModified\":\"2021-04-20T20:45:51+00:00\",\"description\":\"Gjefsj\u00f8en mountain farm offers accommodation, food, boat hire, boat transport hunting and fishing. Four cabins for hire. Perfect nature for hiking.\",\"breadcrumb\":{\"@id\":\"https:\/\/gjefsjo.no\/en\/our-offers\/#breadcrumb\"},\"inLanguage\":\"en-US\",\"potentialAction\":[{\"@type\":\"ReadAction\",\"target\":[\"https:\/\/gjefsjo.no\/en\/our-offers\/\"]}]},{\"@type\":\"ImageObject\",\"inLanguage\":\"en-US\",\"@id\":\"https:\/\/gjefsjo.no\/en\/our-offers\/#primaryimage\",\"url\":\"https:\/\/gjefsjo.no\/wp-content\/uploads\/2020\/12\/morgenstemning-e1607204139948.jpg\",\"contentUrl\":\"https:\/\/gjefsjo.no\/wp-content\/uploads\/2020\/12\/morgenstemning-e1607204139948.jpg\",\"width\":2000,\"height\":1500,\"caption\":\"Morgenstmning p\u00e5 Gjefsj\u00f8en\"},{\"@type\":\"BreadcrumbList\",\"@id\":\"https:\/\/gjefsjo.no\/en\/our-offers\/#breadcrumb\",\"itemListElement\":[{\"@type\":\"ListItem\",\"position\":1,\"name\":\"Hjem\",\"item\":\"https:\/\/gjefsjo.no\/en\/\"},{\"@type\":\"ListItem\",\"position\":2,\"name\":\"What to do\"}]},{\"@type\":\"WebSite\",\"@id\":\"https:\/\/gjefsjo.no\/#website\",\"url\":\"https:\/\/gjefsjo.no\/\",\"name\":\"Gjefsj\u00f8en Fjellg\u00e5rd\",\"description\":\"Fjellg\u00e5rd ved idylliske Gjefsj\u00f8en\",\"publisher\":{\"@id\":\"https:\/\/gjefsjo.no\/#organization\"},\"potentialAction\":[{\"@type\":\"SearchAction\",\"target\":{\"@type\":\"EntryPoint\",\"urlTemplate\":\"https:\/\/gjefsjo.no\/?s={search_term_string}\"},\"query-input\":{\"@type\":\"PropertyValueSpecification\",\"valueRequired\":true,\"valueName\":\"search_term_string\"}}],\"inLanguage\":\"en-US\"},{\"@type\":\"Organization\",\"@id\":\"https:\/\/gjefsjo.no\/#organization\",\"name\":\"Gjefsj\u00f8en Fjellg\u00e5rd\",\"url\":\"https:\/\/gjefsjo.no\/\",\"logo\":{\"@type\":\"ImageObject\",\"inLanguage\":\"en-US\",\"@id\":\"https:\/\/gjefsjo.no\/#\/schema\/logo\/image\/\",\"url\":\"\",\"contentUrl\":\"\",\"caption\":\"Gjefsj\u00f8en Fjellg\u00e5rd\"},\"image\":{\"@id\":\"https:\/\/gjefsjo.no\/#\/schema\/logo\/image\/\"},\"sameAs\":[\"https:\/\/facebook.com\/gjefsjoenfjellgard\",\"https:\/\/www.instagram.com\/gjefsjoenfjellgard\",\"https:\/\/www.linkedin.com\/in\/gjefsjo\/\",\"https:\/\/www.youtube.com\/channel\/UCOC8u2CHZHUEl20KkbPnKsA\",\"https:\/\/no.wikipedia.org\/wiki\/Gjefsjen_Fjellgrd\"]}]}<\/script>\n<!-- \/ Yoast SEO plugin. -->","yoast_head_json":{"title":"What to do - Gjefsj\u00f8en Fjellg\u00e5rd | Accomodation | Food | Boat transport ! Fishing","description":"Gjefsj\u00f8en mountain farm offers accommodation, food, boat hire, boat transport hunting and fishing. Four cabins for hire. Perfect nature for hiking.","robots":{"index":"index","follow":"follow","max-snippet":"max-snippet:-1","max-image-preview":"max-image-preview:large","max-video-preview":"max-video-preview:-1"},"canonical":"https:\/\/gjefsjo.no\/en\/our-offers\/","og_locale":"en_US","og_type":"article","og_title":"What to do - Gjefsj\u00f8en Fjellg\u00e5rd | Accomodation | Food | Boat transport ! Fishing","og_description":"Gjefsj\u00f8en mountain farm offers accommodation, food, boat hire, boat transport hunting and fishing. Four cabins for hire. Perfect nature for hiking.","og_url":"https:\/\/gjefsjo.no\/en\/our-offers\/","og_site_name":"Gjefsj\u00f8en Fjellg\u00e5rd","article_publisher":"https:\/\/facebook.com\/gjefsjoenfjellgard","article_modified_time":"2021-04-20T20:45:51+00:00","og_image":[{"width":2000,"height":1500,"url":"https:\/\/gjefsjo.no\/wp-content\/uploads\/2020\/12\/morgenstemning-e1607204139948.jpg","type":"image\/jpeg"}],"twitter_card":"summary_large_image","twitter_misc":{"Est. reading time":"3 minutes"},"schema":{"@context":"https:\/\/schema.org","@graph":[{"@type":"WebPage","@id":"https:\/\/gjefsjo.no\/en\/our-offers\/","url":"https:\/\/gjefsjo.no\/en\/our-offers\/","name":"What to do - Gjefsj\u00f8en Fjellg\u00e5rd | Accomodation | Food | Boat transport ! Fishing","isPartOf":{"@id":"https:\/\/gjefsjo.no\/#website"},"primaryImageOfPage":{"@id":"https:\/\/gjefsjo.no\/en\/our-offers\/#primaryimage"},"image":{"@id":"https:\/\/gjefsjo.no\/en\/our-offers\/#primaryimage"},"thumbnailUrl":"https:\/\/gjefsjo.no\/wp-content\/uploads\/2020\/12\/morgenstemning-e1607204139948.jpg","datePublished":"2020-10-12T09:05:56+00:00","dateModified":"2021-04-20T20:45:51+00:00","description":"Gjefsj\u00f8en mountain farm offers accommodation, food, boat hire, boat transport hunting and fishing. Four cabins for hire. Perfect nature for hiking.","breadcrumb":{"@id":"https:\/\/gjefsjo.no\/en\/our-offers\/#breadcrumb"},"inLanguage":"en-US","potentialAction":[{"@type":"ReadAction","target":["https:\/\/gjefsjo.no\/en\/our-offers\/"]}]},{"@type":"ImageObject","inLanguage":"en-US","@id":"https:\/\/gjefsjo.no\/en\/our-offers\/#primaryimage","url":"https:\/\/gjefsjo.no\/wp-content\/uploads\/2020\/12\/morgenstemning-e1607204139948.jpg","contentUrl":"https:\/\/gjefsjo.no\/wp-content\/uploads\/2020\/12\/morgenstemning-e1607204139948.jpg","width":2000,"height":1500,"caption":"Morgenstmning p\u00e5 Gjefsj\u00f8en"},{"@type":"BreadcrumbList","@id":"https:\/\/gjefsjo.no\/en\/our-offers\/#breadcrumb","itemListElement":[{"@type":"ListItem","position":1,"name":"Hjem","item":"https:\/\/gjefsjo.no\/en\/"},{"@type":"ListItem","position":2,"name":"What to do"}]},{"@type":"WebSite","@id":"https:\/\/gjefsjo.no\/#website","url":"https:\/\/gjefsjo.no\/","name":"Gjefsj\u00f8en Fjellg\u00e5rd","description":"Fjellg\u00e5rd ved idylliske Gjefsj\u00f8en","publisher":{"@id":"https:\/\/gjefsjo.no\/#organization"},"potentialAction":[{"@type":"SearchAction","target":{"@type":"EntryPoint","urlTemplate":"https:\/\/gjefsjo.no\/?s={search_term_string}"},"query-input":{"@type":"PropertyValueSpecification","valueRequired":true,"valueName":"search_term_string"}}],"inLanguage":"en-US"},{"@type":"Organization","@id":"https:\/\/gjefsjo.no\/#organization","name":"Gjefsj\u00f8en Fjellg\u00e5rd","url":"https:\/\/gjefsjo.no\/","logo":{"@type":"ImageObject","inLanguage":"en-US","@id":"https:\/\/gjefsjo.no\/#\/schema\/logo\/image\/","url":"","contentUrl":"","caption":"Gjefsj\u00f8en Fjellg\u00e5rd"},"image":{"@id":"https:\/\/gjefsjo.no\/#\/schema\/logo\/image\/"},"sameAs":["https:\/\/facebook.com\/gjefsjoenfjellgard","https:\/\/www.instagram.com\/gjefsjoenfjellgard","https:\/\/www.linkedin.com\/in\/gjefsjo\/","https:\/\/www.youtube.com\/channel\/UCOC8u2CHZHUEl20KkbPnKsA","https:\/\/no.wikipedia.org\/wiki\/Gjefsjen_Fjellgrd"]}]}},"_links":{"self":[{"href":"https:\/\/gjefsjo.no\/en\/wp-json\/wp\/v2\/pages\/3806","targetHints":{"allow":["GET"]}}],"collection":[{"href":"https:\/\/gjefsjo.no\/en\/wp-json\/wp\/v2\/pages"}],"about":[{"href":"https:\/\/gjefsjo.no\/en\/wp-json\/wp\/v2\/types\/page"}],"author":[{"embeddable":true,"href":"https:\/\/gjefsjo.no\/en\/wp-json\/wp\/v2\/users\/6"}],"replies":[{"embeddable":true,"href":"https:\/\/gjefsjo.no\/en\/wp-json\/wp\/v2\/comments?post=3806"}],"version-history":[{"count":0,"href":"https:\/\/gjefsjo.no\/en\/wp-json\/wp\/v2\/pages\/3806\/revisions"}],"wp:featuredmedia":[{"embeddable":true,"href":"https:\/\/gjefsjo.no\/en\/wp-json\/wp\/v2\/media\/4323"}],"wp:attachment":[{"href":"https:\/\/gjefsjo.no\/en\/wp-json\/wp\/v2\/media?parent=3806"}],"curies":[{"name":"wp","href":"https:\/\/api.w.org\/{rel}","templated":true}]}}